{"id":48992,"date":"2026-03-30T23:43:25","date_gmt":"2026-03-30T22:43:25","guid":{"rendered":"https:\/\/bigbuy.tupique.com\/produto\/wireless-headphones-beats-mqtq3zm-a-blue\/"},"modified":"2026-05-11T19:55:52","modified_gmt":"2026-05-11T17:55:52","slug":"wireless-headphones-beats-mqtq3zm-a-blue","status":"publish","type":"product","link":"https:\/\/bigbuy.tupique.com\/es\/produto\/wireless-headphones-beats-mqtq3zm-a-blue\/","title":{"rendered":"Casques Sans Fil Beats MQTQ3ZM\/A Bleu"},"content":{"rendered":"<p>Si vous \u00eates passionn\u00e9 d&#8217;<b>informatique et d&#8217;\u00e9lectronique<\/b>, si vous \u00eates \u00e0 la pointe de la technologie et qu&#8217;aucun d\u00e9tail ne vous \u00e9chappe, achetez <b>Casques Sans Fil Beats MQTQ3ZM\/A Bleu<\/b> au meilleur prix.<\/p>\n<p>Les <b>casques sans fil<\/b> d\u2019Apple offrent une exp\u00e9rience audio polyvalente et compl\u00e8te, con\u00e7us pour les utilisateurs recherchant qualit\u00e9 sonore et confort au quotidien comme en d\u00e9placement. Ce mod\u00e8le, disponible dans les \u00e9l\u00e9gantes teintes <b>beige<\/b> et <b>bleu marine<\/b>, int\u00e8gre une <b>connectivit\u00e9 Bluetooth<\/b> stable et efficace, permettant un appairage sans fil avec de nombreux appareils, ainsi qu\u2019une compatibilit\u00e9 avec les connexions <b>USB<\/b> et <b>USB-C<\/b> pour la recharge ou l\u2019utilisation filaire si une plus grande flexibilit\u00e9 ou autonomie est souhait\u00e9e. Ils disposent d\u2019un <b>microphone int\u00e9gr\u00e9<\/b> de haute qualit\u00e9 pour des appels clairs et la commande vocale, id\u00e9al pour le t\u00e9l\u00e9travail ou la communication en d\u00e9placement. Leur design <b>pliable<\/b> facilite le transport et le rangement, en faisant un choix pratique pour ceux qui recherchent la portabilit\u00e9 sans sacrifier le confort. Dot\u00e9s d\u2019un <b>c\u00e2ble amovible<\/b>, ils offrent la possibilit\u00e9 de connexion filaire lorsque n\u00e9cessaire, et b\u00e9n\u00e9ficient d\u2019une garantie officielle assurant la fiabilit\u00e9 du produit. Soutenus par la qualit\u00e9 reconnue d\u2019Apple, ces casques constituent une solution robuste pour ceux qui appr\u00e9cient l\u2019\u00e9quilibre entre fonctionnalit\u00e9s avanc\u00e9es et design ergonomique, s\u2019adaptant \u00e0 une large gamme d\u2019utilisations quotidiennes.<\/p>\n<ul>\n<li>Type:\n<ul>\n<li>Casques Sans Fil<\/li>\n<li>Casques avec Microphone<\/li>\n<\/ul>\n<\/li>\n<li>Couleur:\n<ul>\n<li>Beige<\/li>\n<li>Bleu<\/li>\n<li>Blue marine<\/li>\n<\/ul>\n<\/li>\n<li>Caract\u00e9ristiques:\n<ul>\n<li>Sans fil<\/li>\n<li>Pliable<\/li>\n<li>Microphone int\u00e9gr\u00e9<\/li>\n<li>Garantie<\/li>\n<li>C\u00e2ble amovible<\/li>\n<li>Guide d&#8217;installation inclus<\/li>\n<li>Batterie int\u00e9gr\u00e9e<\/li>\n<\/ul>\n<\/li>\n<li>Connexions:\n<ul>\n<li>USB-C<\/li>\n<li>USB<\/li>\n<li>Jack 3.5 mm<\/li>\n<\/ul>\n<\/li>\n<li>Connectivit\u00e9:\n<ul>\n<li>Bluetooth<\/li>\n<li>Sans fil<\/li>\n<li>Bluetooth 5.3<\/li>\n<\/ul>\n<\/li>\n<li>Type de casque:\n<ul>\n<li>Circonf\u00e9rence externe<\/li>\n<li>Externe supra-aural<\/li>\n<\/ul>\n<\/li>\n<li>Contr\u00f4le: Boutons<\/li>\n<li>Driver: 40 mm<\/li>\n<li>Contr\u00f4leur de volume: Num\u00e9rique<\/li>\n<li>\u00c2ge recommand\u00e9: Adultes<\/li>\n<li>Casque: Binaural<\/li>\n<li>Compatible: Apple<\/li>\n<li>Utilisation recommand\u00e9e: Appels et musique<\/li>\n<li>Inclut: Housse de transport<\/li>\n<li>Type de batterie: Litio Ion<\/li>\n<li>Autonomie approx.: 40 heures<\/li>\n<\/ul>","protected":false},"excerpt":{"rendered":"<p>Si vous \u00eates passionn\u00e9 d&#8217;informatique et d&#8217;\u00e9lectronique, si vous \u00eates \u00e0 la pointe de la technologie et qu&#8217;aucun d\u00e9tail ne vous \u00e9chappe, achetez Casques Sans Fil Beats MQTQ3ZM\/A Bleu au meilleur prix. Les casques sans fil d\u2019Apple offrent une exp\u00e9rience audio polyvalente et compl\u00e8te, con\u00e7us pour les utilisateurs recherchant qualit\u00e9 sonore et confort au quotidien [&hellip;]<\/p>\n","protected":false},"featured_media":48987,"comment_status":"open","ping_status":"closed","template":"","meta":[],"product_brand":[1410],"product_cat":[65,581,594],"product_tag":[213,566,106],"class_list":{"0":"post-48992","1":"product","2":"type-product","3":"status-publish","4":"has-post-thumbnail","6":"product_brand-brandp_4845","7":"product_cat-informatique-electronique","8":"product_cat-informatique-peripheriques-et-consommables","9":"product_cat-micros-et-ecouteurs","10":"product_tag-tag_933","11":"product_tag-tag_547","12":"product_tag-tag_1295","14":"first","15":"instock","16":"taxable","17":"shipping-taxable","18":"purchasable","19":"product-type-simple"},"_links":{"self":[{"href":"https:\/\/bigbuy.tupique.com\/es\/wp-json\/wp\/v2\/product\/48992","targetHints":{"allow":["GET"]}}],"collection":[{"href":"https:\/\/bigbuy.tupique.com\/es\/wp-json\/wp\/v2\/product"}],"about":[{"href":"https:\/\/bigbuy.tupique.com\/es\/wp-json\/wp\/v2\/types\/product"}],"replies":[{"embeddable":true,"href":"https:\/\/bigbuy.tupique.com\/es\/wp-json\/wp\/v2\/comments?post=48992"}],"wp:featuredmedia":[{"embeddable":true,"href":"https:\/\/bigbuy.tupique.com\/es\/wp-json\/wp\/v2\/media\/48987"}],"wp:attachment":[{"href":"https:\/\/bigbuy.tupique.com\/es\/wp-json\/wp\/v2\/media?parent=48992"}],"wp:term":[{"taxonomy":"product_brand","embeddable":true,"href":"https:\/\/bigbuy.tupique.com\/es\/wp-json\/wp\/v2\/product_brand?post=48992"},{"taxonomy":"product_cat","embeddable":true,"href":"https:\/\/bigbuy.tupique.com\/es\/wp-json\/wp\/v2\/product_cat?post=48992"},{"taxonomy":"product_tag","embeddable":true,"href":"https:\/\/bigbuy.tupique.com\/es\/wp-json\/wp\/v2\/product_tag?post=48992"}],"curies":[{"name":"wp","href":"https:\/\/api.w.org\/{rel}","templated":true}]}}