{"id":48606,"date":"2026-03-30T23:09:13","date_gmt":"2026-03-30T22:09:13","guid":{"rendered":"https:\/\/bigbuy.tupique.com\/produto\/uninterruptible-power-supply-system-interactive-ups-apc-srtg192xlbp4\/"},"modified":"2026-04-15T07:38:12","modified_gmt":"2026-04-15T06:38:12","slug":"uninterruptible-power-supply-system-interactive-ups-apc-srtg192xlbp4","status":"publish","type":"product","link":"https:\/\/bigbuy.tupique.com\/es\/produto\/uninterruptible-power-supply-system-interactive-ups-apc-srtg192xlbp4\/","title":{"rendered":"Syst\u00e8me d&#8217;Alimentation Sans Interruption Interactif APC SRTG192XLBP4"},"content":{"rendered":"<p>Si vous \u00eates passionn\u00e9 d&#8217;<b>informatique et d&#8217;\u00e9lectronique<\/b>, si vous \u00eates \u00e0 la pointe de la technologie et qu&#8217;aucun d\u00e9tail ne vous \u00e9chappe, achetez <b>Syst\u00e8me d&#8217;Alimentation Sans Interruption Interactif APC SRTG192XLBP4<\/b> au meilleur prix.<\/p>\n<ul>\n<li>Type:\n<ul>\n<li>Tour<\/li>\n<li>Syst\u00e8me d&#8217;Alimentation Sans Interruption Interactif<\/li>\n<li>Batterie pour Syst\u00e8me d&#8217;Alimentation Sans Interruption<\/li>\n<li>Batterie<\/li>\n<\/ul>\n<\/li>\n<li>Produit \u00e0 brancher: Oui<\/li>\n<li>Type de prise: Prise EU<\/li>\n<li>Mati\u00e8re: M\u00e9tal<\/li>\n<li>Bloc d\u2019Alimentation: r\u00e9seau \u00e9lectrique<\/li>\n<li>Couleur: Noir<\/li>\n<li>Largeur: 44 cm<\/li>\n<li>Technologie: VRLA<\/li>\n<li>Capacit\u00e9: 3 uds<\/li>\n<\/ul>","protected":false},"excerpt":{"rendered":"<p>Si vous \u00eates passionn\u00e9 d&#8217;informatique et d&#8217;\u00e9lectronique, si vous \u00eates \u00e0 la pointe de la technologie et qu&#8217;aucun d\u00e9tail ne vous \u00e9chappe, achetez Syst\u00e8me d&#8217;Alimentation Sans Interruption Interactif APC SRTG192XLBP4 au meilleur prix. Type: Tour Syst\u00e8me d&#8217;Alimentation Sans Interruption Interactif Batterie pour Syst\u00e8me d&#8217;Alimentation Sans Interruption Batterie Produit \u00e0 brancher: Oui Type de prise: Prise [&hellip;]<\/p>\n","protected":false},"featured_media":48603,"comment_status":"open","ping_status":"closed","template":"","meta":[],"product_brand":[649],"product_cat":[65,581,603],"product_tag":[106],"class_list":{"0":"post-48606","1":"product","2":"type-product","3":"status-publish","4":"has-post-thumbnail","6":"product_brand-brandp_532","7":"product_cat-informatique-electronique","8":"product_cat-informatique-peripheriques-et-consommables","9":"product_cat-ups","10":"product_tag-tag_1295","12":"first","13":"instock","14":"taxable","15":"shipping-taxable","16":"purchasable","17":"product-type-simple"},"_links":{"self":[{"href":"https:\/\/bigbuy.tupique.com\/es\/wp-json\/wp\/v2\/product\/48606","targetHints":{"allow":["GET"]}}],"collection":[{"href":"https:\/\/bigbuy.tupique.com\/es\/wp-json\/wp\/v2\/product"}],"about":[{"href":"https:\/\/bigbuy.tupique.com\/es\/wp-json\/wp\/v2\/types\/product"}],"replies":[{"embeddable":true,"href":"https:\/\/bigbuy.tupique.com\/es\/wp-json\/wp\/v2\/comments?post=48606"}],"wp:featuredmedia":[{"embeddable":true,"href":"https:\/\/bigbuy.tupique.com\/es\/wp-json\/wp\/v2\/media\/48603"}],"wp:attachment":[{"href":"https:\/\/bigbuy.tupique.com\/es\/wp-json\/wp\/v2\/media?parent=48606"}],"wp:term":[{"taxonomy":"product_brand","embeddable":true,"href":"https:\/\/bigbuy.tupique.com\/es\/wp-json\/wp\/v2\/product_brand?post=48606"},{"taxonomy":"product_cat","embeddable":true,"href":"https:\/\/bigbuy.tupique.com\/es\/wp-json\/wp\/v2\/product_cat?post=48606"},{"taxonomy":"product_tag","embeddable":true,"href":"https:\/\/bigbuy.tupique.com\/es\/wp-json\/wp\/v2\/product_tag?post=48606"}],"curies":[{"name":"wp","href":"https:\/\/api.w.org\/{rel}","templated":true}]}}