{"id":48602,"date":"2026-03-30T23:09:02","date_gmt":"2026-03-30T22:09:02","guid":{"rendered":"https:\/\/bigbuy.tupique.com\/produto\/smartphone-google-pixel-10a-5g-63-octa-core-8-gb-ram-256-gb-grey\/"},"modified":"2026-05-11T19:55:54","modified_gmt":"2026-05-11T17:55:54","slug":"smartphone-google-pixel-10a-5g-63-octa-core-8-gb-ram-256-gb-grey","status":"publish","type":"product","link":"https:\/\/bigbuy.tupique.com\/es\/produto\/smartphone-google-pixel-10a-5g-63-octa-core-8-gb-ram-256-gb-grey\/","title":{"rendered":"Smartphone Google Pixel 10a 5G 6,3&#8243; Octa Core 8 GB RAM 256 GB Gris"},"content":{"rendered":"<p>Si vous \u00eates passionn\u00e9 d&#8217;<b>informatique et d&#8217;\u00e9lectronique<\/b>, si vous \u00eates \u00e0 la pointe de la technologie et qu&#8217;aucun d\u00e9tail ne vous \u00e9chappe, achetez <b>Smartphone Google Pixel 10a 5G 6,3&#8243; Octa Core 8 GB RAM 256 GB Gris<\/b> au meilleur prix.<\/p>\n<ul>\n<li>Diagonale de l&#8217;\u00e9cran (cm): 16 cm<\/li>\n<li>Type: Smartphone<\/li>\n<li>Produit \u00e0 brancher: Oui<\/li>\n<li>Type de prise: Prise EU<\/li>\n<li>Bloc d\u2019Alimentation: r\u00e9seau \u00e9lectrique<\/li>\n<li>Capacit\u00e9 de la batterie: 5100 mAh<\/li>\n<li>Ecran: 6,3&#8243;<\/li>\n<li>Syst\u00e8me d&#8217;exploitation: Android<\/li>\n<li>puissance: 30 W<\/li>\n<li>Connectivit\u00e9:\n<ul>\n<li>NFC<\/li>\n<li>Bluetooth<\/li>\n<\/ul>\n<\/li>\n<li>Cam\u00e9ra\/Appareil Photo:\n<ul>\n<li>13 mpx<\/li>\n<li>48 MP<\/li>\n<\/ul>\n<\/li>\n<li>Connexions: USB-C<\/li>\n<li>Processeur: Octa Core<\/li>\n<li>M\u00e9moire RAM: 8 GB RAM<\/li>\n<li>M\u00e9moire interne: 256 GB<\/li>\n<li>Couleur: Gris<\/li>\n<li>Caract\u00e9ristiques:\n<ul>\n<li>GPS<\/li>\n<li>Acc\u00e9l\u00e9rom\u00e8tre<\/li>\n<li>Haut-parleurs int\u00e9gr\u00e9s<\/li>\n<li>Cam\u00e9ra frontale<\/li>\n<li>Enregistrement vid\u00e9o<\/li>\n<li>M\u00e9moire extensible<\/li>\n<li>\u00c9cran couleur<\/li>\n<li>Ecran tactile<\/li>\n<li>Reconnaissance faciale<\/li>\n<li>Capteur de lumi\u00e8re ambiante<\/li>\n<li>Cam\u00e9ra\/Appareil Photo<\/li>\n<li>Gyroscope<\/li>\n<li>MMS<\/li>\n<li>\u00c9cran OLED<\/li>\n<li>R\u00e9sistant \u00e0 l&#8217;eau et \u00e0 la poussi\u00e8re<\/li>\n<li>Capteur d&#8217;identit\u00e9 par reconnaissance faciale<\/li>\n<li>Appel vid\u00e9o<\/li>\n<li>Haut-parleur<\/li>\n<li>NFC<\/li>\n<li>Emplacement SIM<\/li>\n<li>Lecteur de musique<\/li>\n<li>Capteur d&#8217;empreintes digitales<\/li>\n<li>Dual SIM<\/li>\n<li>R\u00e9sistant<\/li>\n<li>USB<\/li>\n<li>Wi-Fi<\/li>\n<li>Calendrier<\/li>\n<li>Alarme<\/li>\n<li>Connexion USB<\/li>\n<li>Batterie rechargeable<\/li>\n<li>Microphone int\u00e9gr\u00e9<\/li>\n<li>HD<\/li>\n<li>HDR<\/li>\n<li>Musique<\/li>\n<li>Appareil photo int\u00e9gr\u00e9<\/li>\n<li>Batterie<\/li>\n<li>Ecran<\/li>\n<li>\u00c9cran integr\u00e9<\/li>\n<li>Naturel<\/li>\n<li>Int\u00e9rieur<\/li>\n<li>Montre<\/li>\n<li>Chronom\u00e8tre<\/li>\n<li>Garantie<\/li>\n<li>R\u00e9sistance aux chocs<\/li>\n<li>R\u00e9sistant aux rayures<\/li>\n<li>\u00c9cran HD<\/li>\n<li>Haut-parleurs<\/li>\n<li>Full HD<\/li>\n<li>Android<\/li>\n<li>Interface USB<\/li>\n<li>Google Play<\/li>\n<li>SMS<\/li>\n<li>Lampe Torche<\/li>\n<li>HDR10+<\/li>\n<li>Syst\u00e8me de reconnaissance faciale<\/li>\n<li>Google Assistant<\/li>\n<li>MP3<\/li>\n<li>Base de charge<\/li>\n<li>Micro USB<\/li>\n<li>M\u00e9moire<\/li>\n<li>Lecteur d&#8217;empreintes<\/li>\n<li>Protection des donn\u00e9es\/mot de passe<\/li>\n<li>Connexion au r\u00e9seau mobile<\/li>\n<li>Batterie int\u00e9gr\u00e9e<\/li>\n<li>Navigation<\/li>\n<li>Chargement rapide<\/li>\n<li>Haute performance<\/li>\n<li>Cam\u00e9ra arri\u00e8re<\/li>\n<li>Capteur de proximit\u00e9<\/li>\n<li>Couleurs<\/li>\n<li>Ext\u00e9rieur<\/li>\n<li>Gorilla Glass<\/li>\n<li>\u00c9cran plat<\/li>\n<\/ul>\n<\/li>\n<li>Technologie:\n<ul>\n<li>120 Hz<\/li>\n<li>Corning Gorilla Glass<\/li>\n<\/ul>\n<\/li>\n<li>R\u00e9solution: 120 Hz<\/li>\n<li>SIM: Dual SIM<\/li>\n<li>R\u00e9solution (px): 1080 x 2400 px<\/li>\n<\/ul>","protected":false},"excerpt":{"rendered":"<p>Si vous \u00eates passionn\u00e9 d&#8217;informatique et d&#8217;\u00e9lectronique, si vous \u00eates \u00e0 la pointe de la technologie et qu&#8217;aucun d\u00e9tail ne vous \u00e9chappe, achetez Smartphone Google Pixel 10a 5G 6,3&#8243; Octa Core 8 GB RAM 256 GB Gris au meilleur prix. Diagonale de l&#8217;\u00e9cran (cm): 16 cm Type: Smartphone Produit \u00e0 brancher: Oui Type de prise: [&hellip;]<\/p>\n","protected":false},"featured_media":48597,"comment_status":"open","ping_status":"closed","template":"","meta":[],"product_brand":[1149],"product_cat":[575,65,960],"product_tag":[213,566,106],"class_list":{"0":"post-48602","1":"product","2":"type-product","3":"status-publish","4":"has-post-thumbnail","6":"product_brand-brandp_2817","7":"product_cat-electronique-telephonie-et-tablettes","8":"product_cat-informatique-electronique","9":"product_cat-telephones-portables","10":"product_tag-tag_933","11":"product_tag-tag_547","12":"product_tag-tag_1295","14":"first","15":"instock","16":"taxable","17":"shipping-taxable","18":"purchasable","19":"product-type-simple"},"_links":{"self":[{"href":"https:\/\/bigbuy.tupique.com\/es\/wp-json\/wp\/v2\/product\/48602","targetHints":{"allow":["GET"]}}],"collection":[{"href":"https:\/\/bigbuy.tupique.com\/es\/wp-json\/wp\/v2\/product"}],"about":[{"href":"https:\/\/bigbuy.tupique.com\/es\/wp-json\/wp\/v2\/types\/product"}],"replies":[{"embeddable":true,"href":"https:\/\/bigbuy.tupique.com\/es\/wp-json\/wp\/v2\/comments?post=48602"}],"wp:featuredmedia":[{"embeddable":true,"href":"https:\/\/bigbuy.tupique.com\/es\/wp-json\/wp\/v2\/media\/48597"}],"wp:attachment":[{"href":"https:\/\/bigbuy.tupique.com\/es\/wp-json\/wp\/v2\/media?parent=48602"}],"wp:term":[{"taxonomy":"product_brand","embeddable":true,"href":"https:\/\/bigbuy.tupique.com\/es\/wp-json\/wp\/v2\/product_brand?post=48602"},{"taxonomy":"product_cat","embeddable":true,"href":"https:\/\/bigbuy.tupique.com\/es\/wp-json\/wp\/v2\/product_cat?post=48602"},{"taxonomy":"product_tag","embeddable":true,"href":"https:\/\/bigbuy.tupique.com\/es\/wp-json\/wp\/v2\/product_tag?post=48602"}],"curies":[{"name":"wp","href":"https:\/\/api.w.org\/{rel}","templated":true}]}}