{"id":48477,"date":"2026-03-30T23:03:12","date_gmt":"2026-03-30T22:03:12","guid":{"rendered":"https:\/\/bigbuy.tupique.com\/produto\/smartphone-samsung-galaxy-s26-ultra-5g-sm-s948-69-12-gb-ram-512-gb-violet-snapdragon-850-qualcomm-snapdragon-8-elite\/"},"modified":"2026-04-16T13:20:47","modified_gmt":"2026-04-16T12:20:47","slug":"smartphone-samsung-galaxy-s26-ultra-5g-sm-s948-69-12-gb-ram-512-gb-violet-snapdragon-850-qualcomm-snapdragon-8-elite","status":"publish","type":"product","link":"https:\/\/bigbuy.tupique.com\/es\/produto\/smartphone-samsung-galaxy-s26-ultra-5g-sm-s948-69-12-gb-ram-512-gb-violet-snapdragon-850-qualcomm-snapdragon-8-elite\/","title":{"rendered":"Smartphone Samsung Galaxy S26 Ultra 5G SM-S948 6,9&#8243; 12 GB RAM 512 GB Violet Snapdragon 850 Qualcomm Snapdragon 8 Elite"},"content":{"rendered":"<p>Si vous \u00eates passionn\u00e9 d&#8217;<b>informatique et d&#8217;\u00e9lectronique<\/b>, si vous \u00eates \u00e0 la pointe de la technologie et qu&#8217;aucun d\u00e9tail ne vous \u00e9chappe, achetez <b>Smartphone Samsung Galaxy S26 Ultra 5G SM-S948 6,9&#8243; 12 GB RAM 512 GB Violet Snapdragon 850 Qualcomm Snapdragon 8 Elite<\/b> au meilleur prix.<\/p>\n<ul>\n<li>Type: Smartphone<\/li>\n<li>Produit \u00e0 brancher: Oui<\/li>\n<li>Diagonale de l&#8217;\u00e9cran (cm): 17,5 cm<\/li>\n<li>Type de prise: Prise EU<\/li>\n<li>Bloc d\u2019Alimentation: r\u00e9seau \u00e9lectrique<\/li>\n<li>Capacit\u00e9 de la batterie: 5000 mAh<\/li>\n<li>Ecran: 6,9&#8243;<\/li>\n<li>Syst\u00e8me d&#8217;exploitation: Android<\/li>\n<li>puissance: 60 W<\/li>\n<li>Connectivit\u00e9:\n<ul>\n<li>NFC<\/li>\n<li>Bluetooth<\/li>\n<\/ul>\n<\/li>\n<li>Cam\u00e9ra\/Appareil Photo:\n<ul>\n<li>12 mpx<\/li>\n<li>50 Mp<\/li>\n<\/ul>\n<\/li>\n<li>Connexions: USB-C<\/li>\n<li>M\u00e9moire RAM: 12 GB RAM<\/li>\n<li>M\u00e9moire interne: 512 GB<\/li>\n<li>Couleur: Violet<\/li>\n<li>Caract\u00e9ristiques:\n<ul>\n<li>Imperm\u00e9able<\/li>\n<li>R\u00e9sistant \u00e0 l&#8217;eau<\/li>\n<li>GPS<\/li>\n<li>Acc\u00e9l\u00e9rom\u00e8tre<\/li>\n<li>Haut-parleurs int\u00e9gr\u00e9s<\/li>\n<li>Cam\u00e9ra frontale<\/li>\n<li>Enregistrement vid\u00e9o<\/li>\n<li>M\u00e9moire extensible<\/li>\n<li>\u00c9cran couleur<\/li>\n<li>\u00c9cran LCD<\/li>\n<li>Ecran tactile<\/li>\n<li>Reconnaissance faciale<\/li>\n<li>Capteur d&#8217;empreintes digitales<\/li>\n<li>Capteur d&#8217;identit\u00e9 par empreintes digitales<\/li>\n<li>Capteur de lumi\u00e8re ambiante<\/li>\n<li>Cam\u00e9ra\/Appareil Photo<\/li>\n<li>Chargement sans fil<\/li>\n<li>carga rapida inalambrica<\/li>\n<li>Connectivit\u00e9 NFC<\/li>\n<li>Gyroscope<\/li>\n<li>MMS<\/li>\n<li>\u00c9cran AMOLED<\/li>\n<li>\u00c9cran HDR<\/li>\n<li>\u00c9cran OLED<\/li>\n<li>R\u00e9sistant \u00e0 l&#8217;eau et \u00e0 la poussi\u00e8re<\/li>\n<li>R\u00e9sistant \u00e0 la poussi\u00e8re<\/li>\n<li>Capteur d&#8217;identit\u00e9 par reconnaissance faciale<\/li>\n<li>Appel vid\u00e9o<\/li>\n<li>Haut-parleur<\/li>\n<li>Double emplacement pour carte SIM<\/li>\n<li>Moniteur de Sommeil<\/li>\n<li>NFC<\/li>\n<li>Emplacement SIM<\/li>\n<li>Lecteur de musique<\/li>\n<li>Dual SIM<\/li>\n<li>Serrure magn\u00e9tique<\/li>\n<li>Avec couvercle<\/li>\n<li>USB<\/li>\n<li>Wi-Fi<\/li>\n<li>Manuel<\/li>\n<li>Calendrier<\/li>\n<li>Alarme<\/li>\n<li>Lumi\u00e8re<\/li>\n<li>LED<\/li>\n<li>\u00c9cran LED<\/li>\n<li>Connexion USB<\/li>\n<li>Avec c\u00e2ble<\/li>\n<li>Commande par boutons<\/li>\n<li>Batterie rechargeable<\/li>\n<li>Microphone int\u00e9gr\u00e9<\/li>\n<li>R\u00e9sistant aux \u00e9claboussures<\/li>\n<li>Vibration<\/li>\n<li>Chargeur<\/li>\n<li>Lecteur de carte \u00e0 m\u00e9moire<\/li>\n<li>Port USB<\/li>\n<li>R\u00e9duction du bruit<\/li>\n<li>Equalizer<\/li>\n<li>Support<\/li>\n<li>Fente pour cartes SD<\/li>\n<li>HD<\/li>\n<li>Commande du clavier<\/li>\n<li>Contr\u00f4le vocal<\/li>\n<li>HDR<\/li>\n<li>Appareil photo int\u00e9gr\u00e9<\/li>\n<li>Batterie<\/li>\n<li>Ecran<\/li>\n<li>Voix HD<\/li>\n<li>Protection pour \u00c9cran<\/li>\n<li>Anti-trace<\/li>\n<li>R\u00e9sistance aux chocs<\/li>\n<li>Autocollant<\/li>\n<li>Universel<\/li>\n<li>Sans fil<\/li>\n<li>C\u00e2ble USB<\/li>\n<li>\u00c9cran integr\u00e9<\/li>\n<li>Montage mural<\/li>\n<li>Naturel<\/li>\n<li>\u00c9tui de protection<\/li>\n<li>Int\u00e9rieur<\/li>\n<li>Boussole<\/li>\n<li>Podom\u00e8tre<\/li>\n<li>Montre<\/li>\n<li>Chronom\u00e8tre<\/li>\n<li>Pile incluse<\/li>\n<li>Garantie<\/li>\n<li>R\u00e9sistant \u00e0 l&#8217;abrasion<\/li>\n<li>Bouton marche\/arr\u00eat<\/li>\n<li>Poign\u00e9e<\/li>\n<li>T\u00e9moin LED<\/li>\n<li>R\u00e9sistant aux rayures<\/li>\n<li>St\u00e9r\u00e9o<\/li>\n<li>Antenne<\/li>\n<li>Entr\u00e9e auxiliaire<\/li>\n<li>\u00c9cran HD<\/li>\n<li>Activation vocale<\/li>\n<li>Haut-parleurs<\/li>\n<li>Calculatrice<\/li>\n<li>Full HD<\/li>\n<li>Android<\/li>\n<li>Interface USB<\/li>\n<li>Guide d&#8217;installation inclus<\/li>\n<li>Lecteur de Cartes<\/li>\n<li>Hydrofuge<\/li>\n<li>Fonctions mains libres<\/li>\n<li>Voyant lumineux<\/li>\n<li>Quick Charge 4.0<\/li>\n<li>Capteur de Distance<\/li>\n<li>Batterie au lithium rechargeable<\/li>\n<li>Clavier<\/li>\n<li>Fonctionne \u00e0 piles<\/li>\n<li>Google Play<\/li>\n<li>T\u00e9moin de fonctionnement LED<\/li>\n<li>LED indicateur de chargement<\/li>\n<li>Capteur de lumi\u00e8re<\/li>\n<li>SMS<\/li>\n<li>Lampe Torche<\/li>\n<li>Chargeur sans fil<\/li>\n<li>HDR10+<\/li>\n<li>Mains- libres<\/li>\n<li>Syst\u00e8me de reconnaissance faciale<\/li>\n<li>Google Assistant<\/li>\n<li>Boutons de Contr\u00f4le Int\u00e9gr\u00e9s<\/li>\n<li>Agenda<\/li>\n<li>MP3<\/li>\n<li>Base de charge<\/li>\n<li>Corail<\/li>\n<li>Vibromasseur<\/li>\n<li>Micro USB<\/li>\n<li>R\u00e9sistant aux Chuttes<\/li>\n<li>Touches de navigation<\/li>\n<li>Tactile<\/li>\n<li>Compartiment pour tablette<\/li>\n<li>Webcam<\/li>\n<li>2 Haut-parleurs<\/li>\n<li>4 Haut-parleurs<\/li>\n<li>269 ppp<\/li>\n<li>395 ppp<\/li>\n<li>Lecteur d&#8217;empreintes<\/li>\n<li>Protection des donn\u00e9es\/mot de passe<\/li>\n<li>Batterie int\u00e9gr\u00e9e<\/li>\n<li>Mode nuit<\/li>\n<li>Capteur g\u00e9omagn\u00e9tique<\/li>\n<li>Brille<\/li>\n<li>Boussole \u00e9lectronique<\/li>\n<li>Touches multim\u00e9dia<\/li>\n<li>Navigation<\/li>\n<li>Chargement rapide<\/li>\n<li>Cam\u00e9ra arri\u00e8re<\/li>\n<li>Capteur de proximit\u00e9<\/li>\n<li>Couleurs<\/li>\n<li>Ext\u00e9rieur<\/li>\n<li>Ceramic Shield<\/li>\n<li>Gorilla Glass<\/li>\n<li>\u00c9cran avec coins arrondis<\/li>\n<li>Panda Glass<\/li>\n<li>Avant<\/li>\n<li>\u00c9cran plat<\/li>\n<\/ul>\n<\/li>\n<li>Technologie: Dynamic AMOLED<\/li>\n<li>SIM: Dual SIM<\/li>\n<li>Processeur:\n<ul>\n<li>Snapdragon 850<\/li>\n<li>Qualcomm Snapdragon 8 Elite<\/li>\n<\/ul>\n<\/li>\n<li>R\u00e9solution: QHD+<\/li>\n<li>R\u00e9solution (px): 1440 X 3088 PX<\/li>\n<\/ul>","protected":false},"excerpt":{"rendered":"<p>Si vous \u00eates passionn\u00e9 d&#8217;informatique et d&#8217;\u00e9lectronique, si vous \u00eates \u00e0 la pointe de la technologie et qu&#8217;aucun d\u00e9tail ne vous \u00e9chappe, achetez Smartphone Samsung Galaxy S26 Ultra 5G SM-S948 6,9&#8243; 12 GB RAM 512 GB Violet Snapdragon 850 Qualcomm Snapdragon 8 Elite au meilleur prix. Type: Smartphone Produit \u00e0 brancher: Oui Diagonale de l&#8217;\u00e9cran [&hellip;]<\/p>\n","protected":false},"featured_media":48472,"comment_status":"open","ping_status":"closed","template":"","meta":[],"product_brand":[183],"product_cat":[575,65,960],"product_tag":[213,566,106],"class_list":{"0":"post-48477","1":"product","2":"type-product","3":"status-publish","4":"has-post-thumbnail","6":"product_brand-brandp_576","7":"product_cat-electronique-telephonie-et-tablettes","8":"product_cat-informatique-electronique","9":"product_cat-telephones-portables","10":"product_tag-tag_933","11":"product_tag-tag_547","12":"product_tag-tag_1295","14":"first","15":"instock","16":"taxable","17":"shipping-taxable","18":"purchasable","19":"product-type-simple"},"_links":{"self":[{"href":"https:\/\/bigbuy.tupique.com\/es\/wp-json\/wp\/v2\/product\/48477","targetHints":{"allow":["GET"]}}],"collection":[{"href":"https:\/\/bigbuy.tupique.com\/es\/wp-json\/wp\/v2\/product"}],"about":[{"href":"https:\/\/bigbuy.tupique.com\/es\/wp-json\/wp\/v2\/types\/product"}],"replies":[{"embeddable":true,"href":"https:\/\/bigbuy.tupique.com\/es\/wp-json\/wp\/v2\/comments?post=48477"}],"wp:featuredmedia":[{"embeddable":true,"href":"https:\/\/bigbuy.tupique.com\/es\/wp-json\/wp\/v2\/media\/48472"}],"wp:attachment":[{"href":"https:\/\/bigbuy.tupique.com\/es\/wp-json\/wp\/v2\/media?parent=48477"}],"wp:term":[{"taxonomy":"product_brand","embeddable":true,"href":"https:\/\/bigbuy.tupique.com\/es\/wp-json\/wp\/v2\/product_brand?post=48477"},{"taxonomy":"product_cat","embeddable":true,"href":"https:\/\/bigbuy.tupique.com\/es\/wp-json\/wp\/v2\/product_cat?post=48477"},{"taxonomy":"product_tag","embeddable":true,"href":"https:\/\/bigbuy.tupique.com\/es\/wp-json\/wp\/v2\/product_tag?post=48477"}],"curies":[{"name":"wp","href":"https:\/\/api.w.org\/{rel}","templated":true}]}}