{"id":48450,"date":"2026-03-30T22:52:05","date_gmt":"2026-03-30T21:52:05","guid":{"rendered":"https:\/\/bigbuy.tupique.com\/produto\/belt-montblanc-220965-black-men\/"},"modified":"2026-04-15T07:38:04","modified_gmt":"2026-04-15T06:38:04","slug":"belt-montblanc-220965-black-men","status":"publish","type":"product","link":"https:\/\/bigbuy.tupique.com\/es\/produto\/belt-montblanc-220965-black-men\/","title":{"rendered":"Ceinture Montblanc 220965 Noir Homme"},"content":{"rendered":"<p>Si vous envisagez de renouveler votre garde-robe, achetez <b>Ceinture Montblanc 220965 Noir Homme<\/b> et d\u2019autres<b>produits Montblanc<\/b>! La meilleure qualit\u00e9 au meilleur prix est \u00e0 votre port\u00e9e!<\/p>\n<ul>\n<li>Genre: Homme<\/li>\n<li>Type: Ceinture<\/li>\n<li>Couleur: Noir<\/li>\n<\/ul>","protected":false},"excerpt":{"rendered":"<p>Si vous envisagez de renouveler votre garde-robe, achetez Ceinture Montblanc 220965 Noir Homme et d\u2019autresproduits Montblanc! La meilleure qualit\u00e9 au meilleur prix est \u00e0 votre port\u00e9e! Genre: Homme Type: Ceinture Couleur: Noir<\/p>","protected":false},"featured_media":48449,"comment_status":"open","ping_status":"closed","template":"","meta":[],"product_brand":[846],"product_cat":[547,1426,544],"product_tag":[723,163],"class_list":{"0":"post-48450","1":"product","2":"type-product","3":"status-publish","4":"has-post-thumbnail","6":"product_brand-brandp_437","7":"product_cat-accessoires","8":"product_cat-ceintures","9":"product_cat-mode-accessoires","10":"product_tag-tag_1273","11":"product_tag-tag_17","13":"first","14":"instock","15":"taxable","16":"shipping-taxable","17":"purchasable","18":"product-type-simple"},"_links":{"self":[{"href":"https:\/\/bigbuy.tupique.com\/es\/wp-json\/wp\/v2\/product\/48450","targetHints":{"allow":["GET"]}}],"collection":[{"href":"https:\/\/bigbuy.tupique.com\/es\/wp-json\/wp\/v2\/product"}],"about":[{"href":"https:\/\/bigbuy.tupique.com\/es\/wp-json\/wp\/v2\/types\/product"}],"replies":[{"embeddable":true,"href":"https:\/\/bigbuy.tupique.com\/es\/wp-json\/wp\/v2\/comments?post=48450"}],"wp:featuredmedia":[{"embeddable":true,"href":"https:\/\/bigbuy.tupique.com\/es\/wp-json\/wp\/v2\/media\/48449"}],"wp:attachment":[{"href":"https:\/\/bigbuy.tupique.com\/es\/wp-json\/wp\/v2\/media?parent=48450"}],"wp:term":[{"taxonomy":"product_brand","embeddable":true,"href":"https:\/\/bigbuy.tupique.com\/es\/wp-json\/wp\/v2\/product_brand?post=48450"},{"taxonomy":"product_cat","embeddable":true,"href":"https:\/\/bigbuy.tupique.com\/es\/wp-json\/wp\/v2\/product_cat?post=48450"},{"taxonomy":"product_tag","embeddable":true,"href":"https:\/\/bigbuy.tupique.com\/es\/wp-json\/wp\/v2\/product_tag?post=48450"}],"curies":[{"name":"wp","href":"https:\/\/api.w.org\/{rel}","templated":true}]}}