{"id":47935,"date":"2026-03-30T22:21:23","date_gmt":"2026-03-30T21:21:23","guid":{"rendered":"https:\/\/bigbuy.tupique.com\/produto\/surveillance-camcorder-axis-02983-001\/"},"modified":"2026-04-15T07:37:19","modified_gmt":"2026-04-15T06:37:19","slug":"surveillance-camcorder-axis-02983-001","status":"publish","type":"product","link":"https:\/\/bigbuy.tupique.com\/es\/produto\/surveillance-camcorder-axis-02983-001\/","title":{"rendered":"Camescope de surveillance Axis 02983-001"},"content":{"rendered":"<p>Si vous \u00eates \u00e0 la recherche de nouvelles tendances sur le march\u00e9, nous vous pr\u00e9sentons <b>Camescope de surveillance Axis 02983-001<\/b> !<\/p>\n<ul>\n<li>Type:\n<ul>\n<li>Cam\u00e9scope<\/li>\n<li>Avec fil<\/li>\n<li>Cam\u00e9ra de s\u00e9curit\u00e9 IP<\/li>\n<\/ul>\n<\/li>\n<li>Couleur:\n<ul>\n<li>Blanc<\/li>\n<li>Noir<\/li>\n<\/ul>\n<\/li>\n<li>Connexions:\n<ul>\n<li>Ethernet LAN<\/li>\n<li>PoE x 1<\/li>\n<\/ul>\n<\/li>\n<li>Fonctions: Vision nocturne<\/li>\n<li>Cam\u00e9ra\/Appareil Photo: 5 Mp<\/li>\n<li>R\u00e9solution d&#8217;image maximale: 4K Ultra HD<\/li>\n<\/ul>","protected":false},"excerpt":{"rendered":"<p>Si vous \u00eates \u00e0 la recherche de nouvelles tendances sur le march\u00e9, nous vous pr\u00e9sentons Camescope de surveillance Axis 02983-001 ! Type: Cam\u00e9scope Avec fil Cam\u00e9ra de s\u00e9curit\u00e9 IP Couleur: Blanc Noir Connexions: Ethernet LAN PoE x 1 Fonctions: Vision nocturne Cam\u00e9ra\/Appareil Photo: 5 Mp R\u00e9solution d&#8217;image maximale: 4K Ultra HD<\/p>","protected":false},"featured_media":47931,"comment_status":"open","ping_status":"closed","template":"","meta":[],"product_brand":[645],"product_cat":[580,239,579],"product_tag":[567,210],"class_list":{"0":"post-47935","1":"product","2":"type-product","3":"status-publish","4":"has-post-thumbnail","6":"product_brand-brandp_4776","7":"product_cat-cameras-de-surveillance-video","8":"product_cat-maison-jardin","9":"product_cat-securite-a-la-maison","10":"product_tag-tag_556","11":"product_tag-tag_25","13":"first","14":"instock","15":"taxable","16":"shipping-taxable","17":"purchasable","18":"product-type-simple"},"_links":{"self":[{"href":"https:\/\/bigbuy.tupique.com\/es\/wp-json\/wp\/v2\/product\/47935","targetHints":{"allow":["GET"]}}],"collection":[{"href":"https:\/\/bigbuy.tupique.com\/es\/wp-json\/wp\/v2\/product"}],"about":[{"href":"https:\/\/bigbuy.tupique.com\/es\/wp-json\/wp\/v2\/types\/product"}],"replies":[{"embeddable":true,"href":"https:\/\/bigbuy.tupique.com\/es\/wp-json\/wp\/v2\/comments?post=47935"}],"wp:featuredmedia":[{"embeddable":true,"href":"https:\/\/bigbuy.tupique.com\/es\/wp-json\/wp\/v2\/media\/47931"}],"wp:attachment":[{"href":"https:\/\/bigbuy.tupique.com\/es\/wp-json\/wp\/v2\/media?parent=47935"}],"wp:term":[{"taxonomy":"product_brand","embeddable":true,"href":"https:\/\/bigbuy.tupique.com\/es\/wp-json\/wp\/v2\/product_brand?post=47935"},{"taxonomy":"product_cat","embeddable":true,"href":"https:\/\/bigbuy.tupique.com\/es\/wp-json\/wp\/v2\/product_cat?post=47935"},{"taxonomy":"product_tag","embeddable":true,"href":"https:\/\/bigbuy.tupique.com\/es\/wp-json\/wp\/v2\/product_tag?post=47935"}],"curies":[{"name":"wp","href":"https:\/\/api.w.org\/{rel}","templated":true}]}}