{"id":47667,"date":"2026-03-30T21:51:44","date_gmt":"2026-03-30T20:51:44","guid":{"rendered":"https:\/\/bigbuy.tupique.com\/produto\/mens-watch-citizen-attesa-titanium-black-o-445-mm\/"},"modified":"2026-04-15T07:36:49","modified_gmt":"2026-04-15T06:36:49","slug":"mens-watch-citizen-attesa-titanium-black-o-445-mm","status":"publish","type":"product","link":"https:\/\/bigbuy.tupique.com\/es\/produto\/mens-watch-citizen-attesa-titanium-black-o-445-mm\/","title":{"rendered":"Montre Homme Citizen ATTESA TITANIUM Noir (\u00d8 44,5 mm)"},"content":{"rendered":"<p>Si vous aimez suivre les derni\u00e8res tendances en mati\u00e8re de mode et accessoires, achetez <b>Montre Homme Citizen ATTESA TITANIUM Noir (\u00d8 44,5 mm)<\/b> au meilleur prix.<\/p>\n<ul>\n<li>Liens suppl\u00e9mentaires: Non<\/li>\n<li>Type de montre: Montre-bracelet<\/li>\n<li>Type de mouvement: Solaire<\/li>\n<li>Inclut: Inclut un \u00e9tui ou une housse de la marque<\/li>\n<li>Couleur du bo\u00eetier de l&#8217;horloge: Gris<\/li>\n<li>Couleur du bracelet: Noir<\/li>\n<li>Mat\u00e9riau du bo\u00eetier de la montre: Titane<\/li>\n<li>Fonctions: Horaire mondial<\/li>\n<li>Genre: Homme<\/li>\n<li>Mat\u00e9riau du bracelet: Titane<\/li>\n<li>Imperm\u00e9abilit\u00e9: 10 atm<\/li>\n<li>Verre: Saphir<\/li>\n<li>Diam\u00e8tre du bo\u00eetier de la montre: \u00d8 44,5 mm<\/li>\n<li>Couleur: Noir<\/li>\n<li>Connectivit\u00e9: Bluetooth<\/li>\n<li>Style: Bracelet<\/li>\n<li>Langue: Anglais<\/li>\n<li>Forme: Rond<\/li>\n<li>Compatible: Smartphone<\/li>\n<li>\u00c2ge recommand\u00e9: Adultes<\/li>\n<\/ul>","protected":false},"excerpt":{"rendered":"<p>Si vous aimez suivre les derni\u00e8res tendances en mati\u00e8re de mode et accessoires, achetez Montre Homme Citizen ATTESA TITANIUM Noir (\u00d8 44,5 mm) au meilleur prix. Liens suppl\u00e9mentaires: Non Type de montre: Montre-bracelet Type de mouvement: Solaire Inclut: Inclut un \u00e9tui ou une housse de la marque Couleur du bo\u00eetier de l&#8217;horloge: Gris Couleur du [&hellip;]<\/p>\n","protected":false},"featured_media":47661,"comment_status":"open","ping_status":"closed","template":"","meta":[],"product_brand":[797],"product_cat":[544,574,545],"product_tag":[103,543],"class_list":{"0":"post-47667","1":"product","2":"type-product","3":"status-publish","4":"has-post-thumbnail","6":"product_brand-brandp_820","7":"product_cat-mode-accessoires","8":"product_cat-montres-homme","9":"product_cat-montres-bracelets","10":"product_tag-tag_1261","11":"product_tag-tag_61","13":"first","14":"instock","15":"taxable","16":"shipping-taxable","17":"purchasable","18":"product-type-simple"},"_links":{"self":[{"href":"https:\/\/bigbuy.tupique.com\/es\/wp-json\/wp\/v2\/product\/47667","targetHints":{"allow":["GET"]}}],"collection":[{"href":"https:\/\/bigbuy.tupique.com\/es\/wp-json\/wp\/v2\/product"}],"about":[{"href":"https:\/\/bigbuy.tupique.com\/es\/wp-json\/wp\/v2\/types\/product"}],"replies":[{"embeddable":true,"href":"https:\/\/bigbuy.tupique.com\/es\/wp-json\/wp\/v2\/comments?post=47667"}],"wp:featuredmedia":[{"embeddable":true,"href":"https:\/\/bigbuy.tupique.com\/es\/wp-json\/wp\/v2\/media\/47661"}],"wp:attachment":[{"href":"https:\/\/bigbuy.tupique.com\/es\/wp-json\/wp\/v2\/media?parent=47667"}],"wp:term":[{"taxonomy":"product_brand","embeddable":true,"href":"https:\/\/bigbuy.tupique.com\/es\/wp-json\/wp\/v2\/product_brand?post=47667"},{"taxonomy":"product_cat","embeddable":true,"href":"https:\/\/bigbuy.tupique.com\/es\/wp-json\/wp\/v2\/product_cat?post=47667"},{"taxonomy":"product_tag","embeddable":true,"href":"https:\/\/bigbuy.tupique.com\/es\/wp-json\/wp\/v2\/product_tag?post=47667"}],"curies":[{"name":"wp","href":"https:\/\/api.w.org\/{rel}","templated":true}]}}