{"id":47645,"date":"2026-03-30T21:50:50","date_gmt":"2026-03-30T20:50:50","guid":{"rendered":"https:\/\/bigbuy.tupique.com\/produto\/smartphone-xiaomi-redmi-note-15-pro-5g-683-octa-core-8-gb-ram-512-gb-silver\/"},"modified":"2026-04-16T16:37:28","modified_gmt":"2026-04-16T15:37:28","slug":"smartphone-xiaomi-redmi-note-15-pro-5g-683-octa-core-8-gb-ram-512-gb-silver","status":"publish","type":"product","link":"https:\/\/bigbuy.tupique.com\/es\/produto\/smartphone-xiaomi-redmi-note-15-pro-5g-683-octa-core-8-gb-ram-512-gb-silver\/","title":{"rendered":"Smartphone Xiaomi Redmi Note 15 Pro 5G 6,83&#8243; Octa Core 8 GB RAM 512 GB Argent\u00e9"},"content":{"rendered":"<p>Si vous \u00eates \u00e0 la recherche de nouvelles tendances sur le march\u00e9, nous vous pr\u00e9sentons <b>Smartphone Xiaomi Redmi Note 15 Pro 5G 6,83&#8243; Octa Core 8 GB RAM 512 GB Argent\u00e9<\/b> !<\/p>\n<p>Le <b>smartphone<\/b> Xiaomi se distingue par une combinaison \u00e9quilibr\u00e9e de performances de derni\u00e8re g\u00e9n\u00e9ration et d\u2019une grande capacit\u00e9 de stockage, ce qui en fait un excellent choix pour les utilisateurs avanc\u00e9s et exigeants. Son design en <b>argent\u00e9<\/b> apporte une touche moderne et \u00e9l\u00e9gante, tandis que son large <b>\u00e9cran de 6,83 pouces<\/b> garantit une exp\u00e9rience visuelle immersive et confortable, id\u00e9ale pour regarder du contenu multim\u00e9dia, naviguer ou travailler au quotidien. Dot\u00e9 de <b>8 Go de RAM<\/b>, ce mod\u00e8le g\u00e8re ais\u00e9ment plusieurs applications et t\u00e2ches simultan\u00e9es, offrant rapidit\u00e9 et stabilit\u00e9 m\u00eame en usage intensif. L\u2019un des atouts majeurs de ce smartphone est sa <b>vaste capacit\u00e9 de stockage interne de 512 Go<\/b>, offrant suffisamment d\u2019espace pour conserver photos, vid\u00e9os, applications et tout type de fichiers sans se soucier du manque de place. Le syst\u00e8me photo comprend une <b>cam\u00e9ra frontale de 20 m\u00e9gapixels<\/b>, permettant des appels vid\u00e9o nets et des selfies de haute qualit\u00e9, id\u00e9al pour les utilisateurs actifs sur les r\u00e9seaux sociaux ou en visioconf\u00e9rence professionnelle. C\u00f4t\u00e9 connectivit\u00e9, il int\u00e8gre un port <b>USB-C<\/b>, la norme actuelle pour une charge et un transfert de donn\u00e9es rapides, et fonctionne sous le syst\u00e8me d\u2019exploitation <b>Android<\/b>, assurant une compatibilit\u00e9 avec une large gamme d\u2019applications et de services. Son alimentation par <b>secteur<\/b> lors des recharges et sa gestion \u00e9nerg\u00e9tique efficace compl\u00e8tent un profil tr\u00e8s \u00e9quilibr\u00e9 en autonomie et en performances. Ce smartphone Xiaomi r\u00e9pond aux attentes de ceux qui recherchent une technologie moderne, une grande capacit\u00e9 de stockage et des fonctionnalit\u00e9s avanc\u00e9es dans un appareil mobile de qualit\u00e9.<\/p>\n<ul>\n<li>Type: Smartphone<\/li>\n<li>Produit \u00e0 brancher: Oui<\/li>\n<li>Bloc d\u2019Alimentation: r\u00e9seau \u00e9lectrique<\/li>\n<li>Type de prise: Prise EU<\/li>\n<li>Technologie: AMOLED<\/li>\n<li>Ecran: 6,83&#8243;<\/li>\n<li>Syst\u00e8me d&#8217;exploitation: Android<\/li>\n<li>puissance: 45 W<\/li>\n<li>Connectivit\u00e9: NFC<\/li>\n<li>Cam\u00e9ra\/Appareil Photo: 20 mpx<\/li>\n<li>Connexions: USB-C<\/li>\n<li>Processeur: Octa Core<\/li>\n<li>M\u00e9moire RAM: 8 GB RAM<\/li>\n<li>M\u00e9moire interne: 512 GB<\/li>\n<li>Couleur: Argent\u00e9<\/li>\n<li>Caract\u00e9ristiques:\n<ul>\n<li>Cam\u00e9ra frontale<\/li>\n<li>\u00c9cran couleur<\/li>\n<li>Cam\u00e9ra\/Appareil Photo<\/li>\n<li>\u00c9cran AMOLED<\/li>\n<li>R\u00e9sistant \u00e0 l&#8217;eau et \u00e0 la poussi\u00e8re<\/li>\n<li>R\u00e9sistant \u00e0 la poussi\u00e8re<\/li>\n<li>Stabilisation de l&#8217;image<\/li>\n<li>HDR<\/li>\n<li>Ecran<\/li>\n<li>Full HD<\/li>\n<li>Android<\/li>\n<li>HDR10+<\/li>\n<\/ul>\n<\/li>\n<li>R\u00e9solution: 120 Hz<\/li>\n<li>SIM: Dual SIM<\/li>\n<li>Diagonale de l&#8217;\u00e9cran (cm): 17,3 cm<\/li>\n<li>Capacit\u00e9 de la batterie: 6580 mah<\/li>\n<\/ul>","protected":false},"excerpt":{"rendered":"<p>Si vous \u00eates \u00e0 la recherche de nouvelles tendances sur le march\u00e9, nous vous pr\u00e9sentons Smartphone Xiaomi Redmi Note 15 Pro 5G 6,83&#8243; Octa Core 8 GB RAM 512 GB Argent\u00e9 ! Le smartphone Xiaomi se distingue par une combinaison \u00e9quilibr\u00e9e de performances de derni\u00e8re g\u00e9n\u00e9ration et d\u2019une grande capacit\u00e9 de stockage, ce qui en [&hellip;]<\/p>\n","protected":false},"featured_media":47640,"comment_status":"open","ping_status":"closed","template":"","meta":[],"product_brand":[525],"product_cat":[575,65,960],"product_tag":[213,566,106],"class_list":{"0":"post-47645","1":"product","2":"type-product","3":"status-publish","4":"has-post-thumbnail","6":"product_brand-brandp_1269","7":"product_cat-electronique-telephonie-et-tablettes","8":"product_cat-informatique-electronique","9":"product_cat-telephones-portables","10":"product_tag-tag_933","11":"product_tag-tag_547","12":"product_tag-tag_1295","14":"first","15":"instock","16":"taxable","17":"shipping-taxable","18":"purchasable","19":"product-type-simple"},"_links":{"self":[{"href":"https:\/\/bigbuy.tupique.com\/es\/wp-json\/wp\/v2\/product\/47645","targetHints":{"allow":["GET"]}}],"collection":[{"href":"https:\/\/bigbuy.tupique.com\/es\/wp-json\/wp\/v2\/product"}],"about":[{"href":"https:\/\/bigbuy.tupique.com\/es\/wp-json\/wp\/v2\/types\/product"}],"replies":[{"embeddable":true,"href":"https:\/\/bigbuy.tupique.com\/es\/wp-json\/wp\/v2\/comments?post=47645"}],"wp:featuredmedia":[{"embeddable":true,"href":"https:\/\/bigbuy.tupique.com\/es\/wp-json\/wp\/v2\/media\/47640"}],"wp:attachment":[{"href":"https:\/\/bigbuy.tupique.com\/es\/wp-json\/wp\/v2\/media?parent=47645"}],"wp:term":[{"taxonomy":"product_brand","embeddable":true,"href":"https:\/\/bigbuy.tupique.com\/es\/wp-json\/wp\/v2\/product_brand?post=47645"},{"taxonomy":"product_cat","embeddable":true,"href":"https:\/\/bigbuy.tupique.com\/es\/wp-json\/wp\/v2\/product_cat?post=47645"},{"taxonomy":"product_tag","embeddable":true,"href":"https:\/\/bigbuy.tupique.com\/es\/wp-json\/wp\/v2\/product_tag?post=47645"}],"curies":[{"name":"wp","href":"https:\/\/api.w.org\/{rel}","templated":true}]}}