{"id":47610,"date":"2026-03-30T21:49:09","date_gmt":"2026-03-30T20:49:09","guid":{"rendered":"https:\/\/bigbuy.tupique.com\/produto\/smartphone-samsung-galaxy-s25-5g-sm-s931-62-octa-core-12-gb-ram-256-gb-pink\/"},"modified":"2026-04-15T12:11:52","modified_gmt":"2026-04-15T11:11:52","slug":"smartphone-samsung-galaxy-s25-5g-sm-s931-62-octa-core-12-gb-ram-256-gb-pink","status":"publish","type":"product","link":"https:\/\/bigbuy.tupique.com\/es\/produto\/smartphone-samsung-galaxy-s25-5g-sm-s931-62-octa-core-12-gb-ram-256-gb-pink\/","title":{"rendered":"Smartphone Samsung Galaxy S25 5G SM-S931 6,2&#8243; Octa Core 12 GB RAM 256 GB Rose"},"content":{"rendered":"<p>Si vous \u00eates passionn\u00e9 d&#8217;<b>informatique et d&#8217;\u00e9lectronique<\/b>, si vous \u00eates \u00e0 la pointe de la technologie et qu&#8217;aucun d\u00e9tail ne vous \u00e9chappe, achetez <b>Smartphone Samsung Galaxy S25 5G SM-S931 6,2&#8243; Octa Core 12 GB RAM 256 GB Rose<\/b> au meilleur prix.<\/p>\n<p>Le <b>smartphone<\/b> Samsung en <b>rose<\/b> est une proposition \u00e9quilibr\u00e9e pour ceux qui recherchent une technologie moderne alli\u00e9e \u00e0 un design \u00e9l\u00e9gant et attrayant. Il dispose d\u2019un <b>\u00e9cran de 6,2&#8243;<\/b> offrant une visualisation nette et confortable pour le multim\u00e9dia, la navigation et la lecture, parfaitement adapt\u00e9 \u00e0 un usage quotidien. Dot\u00e9 de <b>12 Go de RAM<\/b>, ce mod\u00e8le garantit un fonctionnement fluide m\u00eame en multit\u00e2che intensif ou lors de jeux avanc\u00e9s, soutenu par un <b>stockage interne de 256 Go<\/b> offrant un espace g\u00e9n\u00e9reux pour applications, photos et fichiers personnels. La connectivit\u00e9 b\u00e9n\u00e9ficie du <b>USB-C<\/b>, assurant des transferts rapides et une recharge efficace. Le syst\u00e8me photo comprend un <b>appareil principal de 12 m\u00e9gapixels<\/b>, adapt\u00e9 aux prises de vue quotidiennes avec une r\u00e9solution performante et une compatibilit\u00e9 avec de nombreuses applications photo gr\u00e2ce au syst\u00e8me <b>Android<\/b>, offrant flexibilit\u00e9 et acc\u00e8s facile \u00e0 tout l\u2019\u00e9cosyst\u00e8me Google. L\u2019appareil maintient une gestion \u00e9nerg\u00e9tique optimale avec le support du <b>r\u00e9seau \u00e9lectrique<\/b> pour la recharge, facilitant une utilisation continue sans souci. Ce mod\u00e8le constitue une option compl\u00e8te et \u00e9quilibr\u00e9e dans la gamme Samsung, id\u00e9al tant pour les utilisateurs recherchant des performances solides que pour ceux qui privil\u00e9gient le design et la fonctionnalit\u00e9 au quotidien.<\/p>\n<ul>\n<li>Diagonale de l&#8217;\u00e9cran (cm): 15,7 cm<\/li>\n<li>Type: Smartphone<\/li>\n<li>Produit \u00e0 brancher: Oui<\/li>\n<li>Bloc d\u2019Alimentation: r\u00e9seau \u00e9lectrique<\/li>\n<li>Type de prise: Prise EU<\/li>\n<li>Indice de r\u00e9parabilit\u00e9: 8.5<\/li>\n<li>Capacit\u00e9 de la batterie: 4000 mAh<\/li>\n<li>Ecran: 6,2&#8243;<\/li>\n<li>Syst\u00e8me d&#8217;exploitation: Android<\/li>\n<li>Connectivit\u00e9:\n<ul>\n<li>NFC<\/li>\n<li>Bluetooth<\/li>\n<\/ul>\n<\/li>\n<li>Cam\u00e9ra\/Appareil Photo:\n<ul>\n<li>12 mpx<\/li>\n<li>50 Mp<\/li>\n<\/ul>\n<\/li>\n<li>Connexions: USB-C<\/li>\n<li>Processeur: Octa Core<\/li>\n<li>M\u00e9moire RAM: 12 GB RAM<\/li>\n<li>M\u00e9moire interne: 256 GB<\/li>\n<li>Couleur: Rose<\/li>\n<li>Caract\u00e9ristiques:\n<ul>\n<li>GPS<\/li>\n<li>Haut-parleurs int\u00e9gr\u00e9s<\/li>\n<li>Cam\u00e9ra frontale<\/li>\n<li>Enregistrement vid\u00e9o<\/li>\n<li>M\u00e9moire extensible<\/li>\n<li>\u00c9cran couleur<\/li>\n<li>Ecran tactile<\/li>\n<li>Cam\u00e9ra\/Appareil Photo<\/li>\n<li>MMS<\/li>\n<li>\u00c9cran AMOLED<\/li>\n<li>Appel vid\u00e9o<\/li>\n<li>Haut-parleur<\/li>\n<li>NFC<\/li>\n<li>Emplacement SIM<\/li>\n<li>Dual SIM<\/li>\n<li>Wi-Fi<\/li>\n<li>Connexion USB<\/li>\n<li>Avec c\u00e2ble<\/li>\n<li>Batterie rechargeable<\/li>\n<li>Chargeur<\/li>\n<li>Lecteur de carte \u00e0 m\u00e9moire<\/li>\n<li>Fente pour cartes SD<\/li>\n<li>HDR<\/li>\n<li>Microphone int\u00e9gr\u00e9<\/li>\n<li>Appareil photo int\u00e9gr\u00e9<\/li>\n<li>Batterie<\/li>\n<li>Ecran<\/li>\n<li>Sans fil<\/li>\n<li>Haut-parleurs<\/li>\n<li>Full HD<\/li>\n<li>Android<\/li>\n<li>Google Play<\/li>\n<li>SMS<\/li>\n<li>Lampe Torche<\/li>\n<li>Mains- libres<\/li>\n<li>MP3<\/li>\n<li>Cam\u00e9ra arri\u00e8re<\/li>\n<\/ul>\n<\/li>\n<li>Technologie: HDR<\/li>\n<li>SIM: Dual SIM<\/li>\n<\/ul>","protected":false},"excerpt":{"rendered":"<p>Si vous \u00eates passionn\u00e9 d&#8217;informatique et d&#8217;\u00e9lectronique, si vous \u00eates \u00e0 la pointe de la technologie et qu&#8217;aucun d\u00e9tail ne vous \u00e9chappe, achetez Smartphone Samsung Galaxy S25 5G SM-S931 6,2&#8243; Octa Core 12 GB RAM 256 GB Rose au meilleur prix. Le smartphone Samsung en rose est une proposition \u00e9quilibr\u00e9e pour ceux qui recherchent une [&hellip;]<\/p>\n","protected":false},"featured_media":47605,"comment_status":"open","ping_status":"closed","template":"","meta":[],"product_brand":[183],"product_cat":[575,65,960],"product_tag":[213,566,106],"class_list":{"0":"post-47610","1":"product","2":"type-product","3":"status-publish","4":"has-post-thumbnail","6":"product_brand-brandp_576","7":"product_cat-electronique-telephonie-et-tablettes","8":"product_cat-informatique-electronique","9":"product_cat-telephones-portables","10":"product_tag-tag_933","11":"product_tag-tag_547","12":"product_tag-tag_1295","14":"first","15":"instock","16":"taxable","17":"shipping-taxable","18":"purchasable","19":"product-type-simple"},"_links":{"self":[{"href":"https:\/\/bigbuy.tupique.com\/es\/wp-json\/wp\/v2\/product\/47610","targetHints":{"allow":["GET"]}}],"collection":[{"href":"https:\/\/bigbuy.tupique.com\/es\/wp-json\/wp\/v2\/product"}],"about":[{"href":"https:\/\/bigbuy.tupique.com\/es\/wp-json\/wp\/v2\/types\/product"}],"replies":[{"embeddable":true,"href":"https:\/\/bigbuy.tupique.com\/es\/wp-json\/wp\/v2\/comments?post=47610"}],"wp:featuredmedia":[{"embeddable":true,"href":"https:\/\/bigbuy.tupique.com\/es\/wp-json\/wp\/v2\/media\/47605"}],"wp:attachment":[{"href":"https:\/\/bigbuy.tupique.com\/es\/wp-json\/wp\/v2\/media?parent=47610"}],"wp:term":[{"taxonomy":"product_brand","embeddable":true,"href":"https:\/\/bigbuy.tupique.com\/es\/wp-json\/wp\/v2\/product_brand?post=47610"},{"taxonomy":"product_cat","embeddable":true,"href":"https:\/\/bigbuy.tupique.com\/es\/wp-json\/wp\/v2\/product_cat?post=47610"},{"taxonomy":"product_tag","embeddable":true,"href":"https:\/\/bigbuy.tupique.com\/es\/wp-json\/wp\/v2\/product_tag?post=47610"}],"curies":[{"name":"wp","href":"https:\/\/api.w.org\/{rel}","templated":true}]}}