{"id":47573,"date":"2026-03-30T21:47:45","date_gmt":"2026-03-30T20:47:45","guid":{"rendered":"https:\/\/bigbuy.tupique.com\/produto\/tablet-apple-ipad-air-m3-13-octa-core-8-gb-ram-128-gb-white\/"},"modified":"2026-04-15T07:36:45","modified_gmt":"2026-04-15T06:36:45","slug":"tablet-apple-ipad-air-m3-13-octa-core-8-gb-ram-128-gb-white","status":"publish","type":"product","link":"https:\/\/bigbuy.tupique.com\/es\/produto\/tablet-apple-ipad-air-m3-13-octa-core-8-gb-ram-128-gb-white\/","title":{"rendered":"Tablette Apple iPad Air M3 13&#8243; Octa Core 8 GB RAM 128 GB Blanc"},"content":{"rendered":"<p>Si vous \u00eates \u00e0 la recherche de nouvelles tendances sur le march\u00e9, nous vous pr\u00e9sentons <b>Tablette Apple iPad Air M3 13&#8243; Octa Core 8 GB RAM 128 GB Blanc<\/b> !<\/p>\n<p>La <b>tablette<\/b> Apple en couleur <b>beige<\/b> se pr\u00e9sente comme un appareil polyvalent et performant, id\u00e9al pour les utilisateurs recherchant mobilit\u00e9 et haute performance. Elle dispose de <b>8 Go de m\u00e9moire RAM<\/b>, garantissant un multit\u00e2che fluide et la capacit\u00e9 d\u2019ex\u00e9cuter des applications exigeantes sans interruption. Son <b>\u00e9cran de 13 pouces<\/b> offre un grand espace visuel, parfait pour les travaux cr\u00e9atifs, le multim\u00e9dia et la navigation avec un grand niveau de d\u00e9tail et de d\u00e9finition. Elle poss\u00e8de une <b>capacit\u00e9 de stockage de 128 Go<\/b>, suffisante pour conserver applications, documents, photos et vid\u00e9os sans souci. C\u00f4t\u00e9 connexions, elle int\u00e8gre un port <b>USB-C<\/b> facilitant le transfert rapide de donn\u00e9es et la connexion avec des p\u00e9riph\u00e9riques modernes. Ce mod\u00e8le supporte les formats audio AAC, ALAC et FLAC, ainsi qu\u2019une large gamme de formats vid\u00e9o incluant AV1, H.264, HEVC et ProRes, assurant la compatibilit\u00e9 avec les contenus multim\u00e9dias actuels et de haute qualit\u00e9. De plus, elle permet la connexion aux r\u00e9seaux mobiles en technologie <b>5G<\/b>, offrant des vitesses de t\u00e9l\u00e9chargement et de navigation sup\u00e9rieures l\u00e0 o\u00f9 la couverture est disponible. La combinaison de ces caract\u00e9ristiques fait de cette tablette un outil adapt\u00e9 aux professionnels et utilisateurs avanc\u00e9s cherchant qualit\u00e9 d\u2019image, son, puissance et connectivit\u00e9 dans un format compact et l\u00e9ger. En r\u00e9sum\u00e9, cette tablette Apple repr\u00e9sente une solution technologique \u00e9quilibr\u00e9e, adapt\u00e9e aux t\u00e2ches cr\u00e9atives, professionnelles et de loisirs num\u00e9riques.<\/p>\n<ul>\n<li>Type:\n<ul>\n<li>Tablette<\/li>\n<li>Flash<\/li>\n<\/ul>\n<\/li>\n<li>Type de prise: Prise EU<\/li>\n<li>Produit \u00e0 brancher: Oui<\/li>\n<li>Formats: AAC<\/li>\n<li>Couleur:\n<ul>\n<li>Blanc<\/li>\n<li>starlight<\/li>\n<li>Gris<\/li>\n<li>Beige<\/li>\n<\/ul>\n<\/li>\n<li>Connectivit\u00e9:\n<ul>\n<li>Wi-Fi<\/li>\n<li>Airplay<\/li>\n<li>4G LTE<\/li>\n<li>Wi-Fi 6E ghz<\/li>\n<li>Bluetooth<\/li>\n<li>GPS<\/li>\n<li>5G<\/li>\n<li>eSIM<\/li>\n<li>Wi-Fi 6 GHz<\/li>\n<li>Bluetooth 5.3<\/li>\n<\/ul>\n<\/li>\n<li>R\u00e9solution:\n<ul>\n<li>12 MP<\/li>\n<li>264 PPP<\/li>\n<li>2732 x 2048 px<\/li>\n<\/ul>\n<\/li>\n<li>Technologie:\n<ul>\n<li>LED<\/li>\n<li>IPS<\/li>\n<li>Mime<\/li>\n<\/ul>\n<\/li>\n<li>Caract\u00e9ristiques:\n<ul>\n<li>Capteur de lumi\u00e8re ambiante<\/li>\n<li>Anti-trace<\/li>\n<li>Cam\u00e9ra frontale<\/li>\n<li>Microphone int\u00e9gr\u00e9<\/li>\n<li>Autofocus<\/li>\n<li>2 Haut-parleurs<\/li>\n<li>4 Haut-parleurs<\/li>\n<li>Lecteur d&#8217;empreintes<\/li>\n<li>Connexion au r\u00e9seau mobile<\/li>\n<li>Boussole \u00e9lectronique<\/li>\n<li>\u00c9cran avec coins arrondis<\/li>\n<\/ul>\n<\/li>\n<li>Zoom Num\u00e9rique: 5x<\/li>\n<li>Rapport d&#8217;aspect: 4:3<\/li>\n<li>Interface: Wi-Fi<\/li>\n<li>Compatible:\n<ul>\n<li>Windows 10<\/li>\n<li>Windows 11<\/li>\n<li>MAC OS X 10.13 HIGH SIERRA<\/li>\n<li>MAC OS X 10.14 MOJAVE<\/li>\n<li>MAC OS X 10.15 CATALINA<\/li>\n<li>MAC OS X 10.15.3 CATALINA<\/li>\n<li>MAC OS X 11.0 BIG SUR<\/li>\n<li>iPadOS<\/li>\n<\/ul>\n<\/li>\n<li>Inclut:\n<ul>\n<li>C\u00e2ble USB-C<\/li>\n<li>2 Haut-parleurs<\/li>\n<\/ul>\n<\/li>\n<li>Gyroscope: Oui<\/li>\n<li>Brille: 600 cd\/m\u00b2<\/li>\n<li>Stabilisateur d&#8217;image: Oui<\/li>\n<li>Acc\u00e9l\u00e9rom\u00e8tre: Oui<\/li>\n<li>Ne contient pas: Mercure<\/li>\n<li>Connexions:\n<ul>\n<li>USB-C 3.2 x 1<\/li>\n<li>USB-C<\/li>\n<li>USB-C 3.2 Gen 2 (3.1 Gen 2)<\/li>\n<\/ul>\n<\/li>\n<li>Batterie: Polym\u00e8re de lithium<\/li>\n<li>Syst\u00e8me d&#8217;exploitation:\n<ul>\n<li>iPadOS 15<\/li>\n<li>iPadOS<\/li>\n<li>iOS<\/li>\n<\/ul>\n<\/li>\n<li>Certificat:\n<ul>\n<li>ENERGY STAR<\/li>\n<li>Certification ENERGY STAR<\/li>\n<\/ul>\n<\/li>\n<li>Largeur: 21,5 cm<\/li>\n<li>Processeur:\n<ul>\n<li>M3-8100Y<\/li>\n<li>Octa Core<\/li>\n<li>M3<\/li>\n<\/ul>\n<\/li>\n<li>R\u00e9solution (px):\n<ul>\n<li>2732 X 2048 PX<\/li>\n<li>3840 x 2160 px<\/li>\n<li>2160 px<\/li>\n<\/ul>\n<\/li>\n<li>Capacit\u00e9 de la batterie: 36,59 wh<\/li>\n<li>Bloc d\u2019Alimentation:\n<ul>\n<li>r\u00e9seau \u00e9lectrique<\/li>\n<li>USB<\/li>\n<\/ul>\n<\/li>\n<li>Cam\u00e9ra\/Appareil Photo:\n<ul>\n<li>12 mpx<\/li>\n<li>12 MP<\/li>\n<li>Arri\u00e8re<\/li>\n<\/ul>\n<\/li>\n<li>Ecran: 13&#8243;<\/li>\n<li>M\u00e9moire RAM: 8 GB RAM<\/li>\n<li>M\u00e9moire interne: 128 GB<\/li>\n<li>Mati\u00e8re: Aluminium<\/li>\n<li>Fonctions:\n<ul>\n<li>Barom\u00e8tre<\/li>\n<li>Acc\u00e9l\u00e9rom\u00e8tre<\/li>\n<li>G\u00e9olocalisation<\/li>\n<\/ul>\n<\/li>\n<li>Classification \u00e9nerg\u00e9tique: G<\/li>\n<li>Ouverture: F\/1,8<\/li>\n<li>Non Inclus: Adaptateur AC<\/li>\n<li>Type de stockage: SSD<\/li>\n<li>Type de batterie: Litio Ion<\/li>\n<li>Noyaux:\n<ul>\n<li>8 Noyaux<\/li>\n<li>16 Noyaux<\/li>\n<\/ul>\n<\/li>\n<li>Diagonale de l&#8217;\u00e9cran (cm): 33 cm<\/li>\n<li>Autonomie approx.: 10 heures<\/li>\n<li>Dispositif intelligent: Apple Intelligence<\/li>\n<\/ul>","protected":false},"excerpt":{"rendered":"<p>Si vous \u00eates \u00e0 la recherche de nouvelles tendances sur le march\u00e9, nous vous pr\u00e9sentons Tablette Apple iPad Air M3 13&#8243; Octa Core 8 GB RAM 128 GB Blanc ! La tablette Apple en couleur beige se pr\u00e9sente comme un appareil polyvalent et performant, id\u00e9al pour les utilisateurs recherchant mobilit\u00e9 et haute performance. Elle dispose [&hellip;]<\/p>\n","protected":false},"featured_media":47544,"comment_status":"open","ping_status":"closed","template":"","meta":[],"product_brand":[979],"product_cat":[575,65,1052],"product_tag":[566,106],"class_list":{"0":"post-47573","1":"product","2":"type-product","3":"status-publish","4":"has-post-thumbnail","6":"product_brand-brandp_533","7":"product_cat-electronique-telephonie-et-tablettes","8":"product_cat-informatique-electronique","9":"product_cat-tablettes","10":"product_tag-tag_547","11":"product_tag-tag_1295","13":"first","14":"instock","15":"taxable","16":"shipping-taxable","17":"purchasable","18":"product-type-simple"},"_links":{"self":[{"href":"https:\/\/bigbuy.tupique.com\/es\/wp-json\/wp\/v2\/product\/47573","targetHints":{"allow":["GET"]}}],"collection":[{"href":"https:\/\/bigbuy.tupique.com\/es\/wp-json\/wp\/v2\/product"}],"about":[{"href":"https:\/\/bigbuy.tupique.com\/es\/wp-json\/wp\/v2\/types\/product"}],"replies":[{"embeddable":true,"href":"https:\/\/bigbuy.tupique.com\/es\/wp-json\/wp\/v2\/comments?post=47573"}],"wp:featuredmedia":[{"embeddable":true,"href":"https:\/\/bigbuy.tupique.com\/es\/wp-json\/wp\/v2\/media\/47544"}],"wp:attachment":[{"href":"https:\/\/bigbuy.tupique.com\/es\/wp-json\/wp\/v2\/media?parent=47573"}],"wp:term":[{"taxonomy":"product_brand","embeddable":true,"href":"https:\/\/bigbuy.tupique.com\/es\/wp-json\/wp\/v2\/product_brand?post=47573"},{"taxonomy":"product_cat","embeddable":true,"href":"https:\/\/bigbuy.tupique.com\/es\/wp-json\/wp\/v2\/product_cat?post=47573"},{"taxonomy":"product_tag","embeddable":true,"href":"https:\/\/bigbuy.tupique.com\/es\/wp-json\/wp\/v2\/product_tag?post=47573"}],"curies":[{"name":"wp","href":"https:\/\/api.w.org\/{rel}","templated":true}]}}