{"id":47413,"date":"2026-03-30T21:34:31","date_gmt":"2026-03-30T20:34:31","guid":{"rendered":"https:\/\/bigbuy.tupique.com\/produto\/smartphone-motorola-edge-60-neo-636-octa-core-12-gb-ram-256-gb-blue\/"},"modified":"2026-04-17T00:19:52","modified_gmt":"2026-04-16T23:19:52","slug":"smartphone-motorola-edge-60-neo-636-octa-core-12-gb-ram-256-gb-blue","status":"publish","type":"product","link":"https:\/\/bigbuy.tupique.com\/es\/produto\/smartphone-motorola-edge-60-neo-636-octa-core-12-gb-ram-256-gb-blue\/","title":{"rendered":"Smartphone Motorola Edge 60 Neo 6,36&#8243; Octa Core 12 GB RAM 256 GB Bleu"},"content":{"rendered":"<p>Si vous \u00eates passionn\u00e9 d&#8217;<b>informatique et d&#8217;\u00e9lectronique<\/b>, si vous \u00eates \u00e0 la pointe de la technologie et qu&#8217;aucun d\u00e9tail ne vous \u00e9chappe, achetez <b>Smartphone Motorola Edge 60 Neo 6,36&#8243; Octa Core 12 GB RAM 256 GB Bleu<\/b> au meilleur prix.<\/p>\n<p>Le <b>smartphone<\/b> Motorola bleu est un choix \u00e9quilibr\u00e9 pour ceux qui recherchent fonctionnalit\u00e9, stockage et design dans un seul appareil. Ses <b>12 Go de m\u00e9moire RAM<\/b> assurent une exp\u00e9rience multit\u00e2che fluide, permettant d\u2019ex\u00e9cuter des applications exigeantes ou de passer d\u2019une t\u00e2che \u00e0 l\u2019autre sans ralentissement. Dot\u00e9 d\u2019un vaste <b>stockage interne de 256 Go<\/b>, ce mod\u00e8le permet de conserver de nombreuses photos, vid\u00e9os et documents, pratique pour ceux qui ont besoin d\u2019espace suppl\u00e9mentaire. L\u2019<b>\u00e9cran LCD de 6,36 pouces<\/b> offre des images nettes et un affichage confortable, id\u00e9al pour un usage quotidien de contenus multim\u00e9dias, appels vid\u00e9o ou r\u00e9seaux sociaux, avec un format 16:9 qui garantit une bonne proportion pour les films et la navigation web. Le bo\u00eetier en <b>plastique<\/b> apporte l\u00e9g\u00e8ret\u00e9 et r\u00e9sistance \u00e0 l\u2019usage quotidien, tandis que la connectivit\u00e9 reste moderne gr\u00e2ce aux ports <b>USB et USB-C<\/b>, facilitant le transfert de donn\u00e9es et la charge rapide de l\u2019appareil. Le syst\u00e8me d\u2019exploitation et les fonctionnalit\u00e9s photo r\u00e9pondent aux standards actuels, offrant des clich\u00e9s d\u00e9taill\u00e9s et une utilisation fiable au quotidien. En r\u00e9sum\u00e9, ce smartphone Motorola associe des performances techniques solides \u00e0 une ergonomie pens\u00e9e pour les utilisateurs qui privil\u00e9gient puissance, capacit\u00e9 de stockage et polyvalence dans un appareil du quotidien.<\/p>\n<ul>\n<li>R\u00e9solution (px): 1080 px<\/li>\n<li>Diagonale de l&#8217;\u00e9cran (cm): 16,2 cm<\/li>\n<li>Type: Smartphone<\/li>\n<li>Produit \u00e0 brancher: Oui<\/li>\n<li>Bloc d\u2019Alimentation: r\u00e9seau \u00e9lectrique<\/li>\n<li>Type de prise: Prise EU<\/li>\n<li>Capacit\u00e9 de la batterie: 5200 mAh<\/li>\n<li>Ecran: 6,36&#8243;<\/li>\n<li>Syst\u00e8me d&#8217;exploitation: Android<\/li>\n<li>Connectivit\u00e9: NFC<\/li>\n<li>Cam\u00e9ra\/Appareil Photo: 50 Mp<\/li>\n<li>Connexions:\n<ul>\n<li>USB-C<\/li>\n<li>USB<\/li>\n<\/ul>\n<\/li>\n<li>Processeur: Octa Core<\/li>\n<li>M\u00e9moire RAM: 12 GB RAM<\/li>\n<li>M\u00e9moire interne: 256 GB<\/li>\n<li>Couleur: Bleu<\/li>\n<li>Mati\u00e8re: Plastique<\/li>\n<li>Caract\u00e9ristiques: \u00c9cran LCD<\/li>\n<li>Rapport d&#8217;aspect: 16:9<\/li>\n<li>R\u00e9solution: 1080 p<\/li>\n<li>Fr\u00e9quence: 120 Hz<\/li>\n<li>Type de batterie:\n<ul>\n<li>Litio Ion<\/li>\n<li>Batterie au lithium rechargeable<\/li>\n<\/ul>\n<\/li>\n<\/ul>","protected":false},"excerpt":{"rendered":"<p>Si vous \u00eates passionn\u00e9 d&#8217;informatique et d&#8217;\u00e9lectronique, si vous \u00eates \u00e0 la pointe de la technologie et qu&#8217;aucun d\u00e9tail ne vous \u00e9chappe, achetez Smartphone Motorola Edge 60 Neo 6,36&#8243; Octa Core 12 GB RAM 256 GB Bleu au meilleur prix. Le smartphone Motorola bleu est un choix \u00e9quilibr\u00e9 pour ceux qui recherchent fonctionnalit\u00e9, stockage et [&hellip;]<\/p>\n","protected":false},"featured_media":47408,"comment_status":"open","ping_status":"closed","template":"","meta":[],"product_brand":[1151],"product_cat":[575,65,960],"product_tag":[213,566,106],"class_list":{"0":"post-47413","1":"product","2":"type-product","3":"status-publish","4":"has-post-thumbnail","6":"product_brand-brandp_983","7":"product_cat-electronique-telephonie-et-tablettes","8":"product_cat-informatique-electronique","9":"product_cat-telephones-portables","10":"product_tag-tag_933","11":"product_tag-tag_547","12":"product_tag-tag_1295","14":"first","15":"instock","16":"taxable","17":"shipping-taxable","18":"purchasable","19":"product-type-simple"},"_links":{"self":[{"href":"https:\/\/bigbuy.tupique.com\/es\/wp-json\/wp\/v2\/product\/47413","targetHints":{"allow":["GET"]}}],"collection":[{"href":"https:\/\/bigbuy.tupique.com\/es\/wp-json\/wp\/v2\/product"}],"about":[{"href":"https:\/\/bigbuy.tupique.com\/es\/wp-json\/wp\/v2\/types\/product"}],"replies":[{"embeddable":true,"href":"https:\/\/bigbuy.tupique.com\/es\/wp-json\/wp\/v2\/comments?post=47413"}],"wp:featuredmedia":[{"embeddable":true,"href":"https:\/\/bigbuy.tupique.com\/es\/wp-json\/wp\/v2\/media\/47408"}],"wp:attachment":[{"href":"https:\/\/bigbuy.tupique.com\/es\/wp-json\/wp\/v2\/media?parent=47413"}],"wp:term":[{"taxonomy":"product_brand","embeddable":true,"href":"https:\/\/bigbuy.tupique.com\/es\/wp-json\/wp\/v2\/product_brand?post=47413"},{"taxonomy":"product_cat","embeddable":true,"href":"https:\/\/bigbuy.tupique.com\/es\/wp-json\/wp\/v2\/product_cat?post=47413"},{"taxonomy":"product_tag","embeddable":true,"href":"https:\/\/bigbuy.tupique.com\/es\/wp-json\/wp\/v2\/product_tag?post=47413"}],"curies":[{"name":"wp","href":"https:\/\/api.w.org\/{rel}","templated":true}]}}