{"id":47347,"date":"2026-03-30T21:31:40","date_gmt":"2026-03-30T20:31:40","guid":{"rendered":"https:\/\/bigbuy.tupique.com\/produto\/smartphone-oneplus-15r-683-octa-core-12-gb-ram-256-gb-black\/"},"modified":"2026-04-17T00:19:53","modified_gmt":"2026-04-16T23:19:53","slug":"smartphone-oneplus-15r-683-octa-core-12-gb-ram-256-gb-black","status":"publish","type":"product","link":"https:\/\/bigbuy.tupique.com\/es\/produto\/smartphone-oneplus-15r-683-octa-core-12-gb-ram-256-gb-black\/","title":{"rendered":"Smartphone OnePlus 15R 6,83&#8243; Octa Core 12 GB RAM 256 GB Noir"},"content":{"rendered":"<p>Si vous \u00eates passionn\u00e9 d&#8217;<b>informatique et d&#8217;\u00e9lectronique<\/b>, si vous \u00eates \u00e0 la pointe de la technologie et qu&#8217;aucun d\u00e9tail ne vous \u00e9chappe, achetez <b>Smartphone OnePlus 15R 6,83&#8243; Octa Core 12 GB RAM 256 GB Noir<\/b> au meilleur prix.<\/p>\n<p>Le <b>smartphone OnePlus<\/b> se distingue par une combinaison \u00e9quilibr\u00e9e de <b>performances avanc\u00e9es<\/b> et de design fonctionnel, offrant une exp\u00e9rience adapt\u00e9e aussi bien aux utilisateurs intensifs qu\u2019\u00e0 ceux recherchant la fiabilit\u00e9 au quotidien. Dot\u00e9 de <b>12 Go de RAM<\/b> et de <b>256 Go de stockage interne<\/b>, cet appareil permet un multit\u00e2che fluide et offre un large espace pour photos, applications et fichiers. Sa conception en <b>noir<\/b> avec des mat\u00e9riaux r\u00e9sistants \u2013 dont des \u00e9l\u00e9ments en <b>plastique<\/b> de qualit\u00e9 \u2013 garantit l\u00e9g\u00e8ret\u00e9 et durabilit\u00e9. L\u2019<b>\u00e9cran LCD de 6,83 pouces<\/b> au format panoramique 16:9 assure un affichage \u00e9tendu et des couleurs vives, id\u00e9al pour le multim\u00e9dia, la navigation web et les jeux. La connectivit\u00e9 polyvalente est assur\u00e9e par des <b>ports USB et USB-C<\/b>, permettant une charge efficace et un transfert de donn\u00e9es rapide, des atouts essentiels pour un usage quotidien pratique. Fid\u00e8le \u00e0 la marque OnePlus, l\u2019interface est r\u00e9active et le logiciel optimis\u00e9, ce qui, associ\u00e9 \u00e0 la m\u00e9moire robuste, garantit une gestion fluide des applications exigeantes et des jeux. Ce t\u00e9l\u00e9phone se positionne dans le segment milieu-haut de gamme, r\u00e9unissant des sp\u00e9cifications cl\u00e9s qui en font une option fiable et polyvalente pour ceux qui recherchent puissance et grande capacit\u00e9 de stockage, sans compromis sur la taille de l\u2019\u00e9cran ni sur la modernit\u00e9 des connexions.<\/p>\n<ul>\n<li>R\u00e9solution (px): 1080 px<\/li>\n<li>Type: Smartphone<\/li>\n<li>Produit \u00e0 brancher: Oui<\/li>\n<li>Bloc d\u2019Alimentation: r\u00e9seau \u00e9lectrique<\/li>\n<li>Type de prise: Prise EU<\/li>\n<li>Technologie: AMOLED<\/li>\n<li>Ecran: 6,83&#8243;<\/li>\n<li>Syst\u00e8me d&#8217;exploitation: Android<\/li>\n<li>puissance: 80 W<\/li>\n<li>Connectivit\u00e9: NFC<\/li>\n<li>Cam\u00e9ra\/Appareil Photo: 50 Mp<\/li>\n<li>Connexions:\n<ul>\n<li>USB-C<\/li>\n<li>USB<\/li>\n<\/ul>\n<\/li>\n<li>Processeur: Octa Core<\/li>\n<li>M\u00e9moire RAM: 12 GB RAM<\/li>\n<li>M\u00e9moire interne: 256 GB<\/li>\n<li>Couleur: Noir<\/li>\n<li>Mati\u00e8re: Plastique<\/li>\n<li>Caract\u00e9ristiques: \u00c9cran LCD<\/li>\n<li>Rapport d&#8217;aspect: 16:9<\/li>\n<li>R\u00e9solution: 1080 p<\/li>\n<li>Fr\u00e9quence: 120 Hz<\/li>\n<li>Type de batterie: Litio Ion<\/li>\n<\/ul>","protected":false},"excerpt":{"rendered":"<p>Si vous \u00eates passionn\u00e9 d&#8217;informatique et d&#8217;\u00e9lectronique, si vous \u00eates \u00e0 la pointe de la technologie et qu&#8217;aucun d\u00e9tail ne vous \u00e9chappe, achetez Smartphone OnePlus 15R 6,83&#8243; Octa Core 12 GB RAM 256 GB Noir au meilleur prix. Le smartphone OnePlus se distingue par une combinaison \u00e9quilibr\u00e9e de performances avanc\u00e9es et de design fonctionnel, offrant [&hellip;]<\/p>\n","protected":false},"featured_media":47342,"comment_status":"open","ping_status":"closed","template":"","meta":[],"product_brand":[1150],"product_cat":[575,65,960],"product_tag":[213,566,106],"class_list":{"0":"post-47347","1":"product","2":"type-product","3":"status-publish","4":"has-post-thumbnail","6":"product_brand-brandp_4881","7":"product_cat-electronique-telephonie-et-tablettes","8":"product_cat-informatique-electronique","9":"product_cat-telephones-portables","10":"product_tag-tag_933","11":"product_tag-tag_547","12":"product_tag-tag_1295","14":"first","15":"instock","16":"taxable","17":"shipping-taxable","18":"purchasable","19":"product-type-simple"},"_links":{"self":[{"href":"https:\/\/bigbuy.tupique.com\/es\/wp-json\/wp\/v2\/product\/47347","targetHints":{"allow":["GET"]}}],"collection":[{"href":"https:\/\/bigbuy.tupique.com\/es\/wp-json\/wp\/v2\/product"}],"about":[{"href":"https:\/\/bigbuy.tupique.com\/es\/wp-json\/wp\/v2\/types\/product"}],"replies":[{"embeddable":true,"href":"https:\/\/bigbuy.tupique.com\/es\/wp-json\/wp\/v2\/comments?post=47347"}],"wp:featuredmedia":[{"embeddable":true,"href":"https:\/\/bigbuy.tupique.com\/es\/wp-json\/wp\/v2\/media\/47342"}],"wp:attachment":[{"href":"https:\/\/bigbuy.tupique.com\/es\/wp-json\/wp\/v2\/media?parent=47347"}],"wp:term":[{"taxonomy":"product_brand","embeddable":true,"href":"https:\/\/bigbuy.tupique.com\/es\/wp-json\/wp\/v2\/product_brand?post=47347"},{"taxonomy":"product_cat","embeddable":true,"href":"https:\/\/bigbuy.tupique.com\/es\/wp-json\/wp\/v2\/product_cat?post=47347"},{"taxonomy":"product_tag","embeddable":true,"href":"https:\/\/bigbuy.tupique.com\/es\/wp-json\/wp\/v2\/product_tag?post=47347"}],"curies":[{"name":"wp","href":"https:\/\/api.w.org\/{rel}","templated":true}]}}