{"id":47186,"date":"2026-03-30T21:15:34","date_gmt":"2026-03-30T20:15:34","guid":{"rendered":"https:\/\/bigbuy.tupique.com\/produto\/server-fujitsu-vfyr1336sc233in-32-gb-ram\/"},"modified":"2026-04-15T07:03:50","modified_gmt":"2026-04-15T06:03:50","slug":"server-fujitsu-vfyr1336sc233in-32-gb-ram","status":"publish","type":"product","link":"https:\/\/bigbuy.tupique.com\/es\/produto\/server-fujitsu-vfyr1336sc233in-32-gb-ram\/","title":{"rendered":"Serveur Fujitsu VFY:R1336SC233IN 32 GB RAM"},"content":{"rendered":"<p>Si vous \u00eates \u00e0 la recherche de nouvelles tendances sur le march\u00e9, nous vous pr\u00e9sentons <b>Serveur Fujitsu VFY:R1336SC233IN 32 GB RAM<\/b> !<\/p>\n<ul>\n<li>Type: Serveur<\/li>\n<li>Produit \u00e0 brancher: Oui<\/li>\n<li>Type de prise: Prise EU<\/li>\n<li>Bloc d\u2019Alimentation:\n<ul>\n<li>r\u00e9seau \u00e9lectrique<\/li>\n<li>500 W<\/li>\n<li>500 V<\/li>\n<\/ul>\n<\/li>\n<li>Couleur: Noir<\/li>\n<li>Connexions:\n<ul>\n<li>6<\/li>\n<li>Ethernet LAN<\/li>\n<li>2<\/li>\n<li>VGA D-sub<\/li>\n<li>VGA<\/li>\n<li>RJ45<\/li>\n<li>USB-C 3.2 Gen 2 (3.1 Gen 2)<\/li>\n<li>USB A 3.2 Gen 1 (3.1 Gen 1) x 6<\/li>\n<\/ul>\n<\/li>\n<li>Chipset: INTEL C266<\/li>\n<li>M\u00e9moire RAM: 32 GB RAM<\/li>\n<li>Type de m\u00e9moire: DDR5 SDRAM<\/li>\n<li>Interface: Gigabit Ethernet<\/li>\n<li>Fr\u00e9quence:\n<ul>\n<li>50 &#8211; 60 Hz<\/li>\n<li>3,1 GHz<\/li>\n<\/ul>\n<\/li>\n<li>Connectivit\u00e9: Ethernet LAN<\/li>\n<li>Syst\u00e8me d&#8217;exploitation: Non<\/li>\n<li>Non Inclus: Type d&#8217;unit\u00e9 optique<\/li>\n<li>Noyaux: 6 Noyaux<\/li>\n<li>vitesse: 4800 MHz<\/li>\n<li>Famille de processeurs:\n<ul>\n<li>Intel Xeon<\/li>\n<li>Intel<\/li>\n<\/ul>\n<\/li>\n<\/ul>","protected":false},"excerpt":{"rendered":"<p>Si vous \u00eates \u00e0 la recherche de nouvelles tendances sur le march\u00e9, nous vous pr\u00e9sentons Serveur Fujitsu VFY:R1336SC233IN 32 GB RAM ! Type: Serveur Produit \u00e0 brancher: Oui Type de prise: Prise EU Bloc d\u2019Alimentation: r\u00e9seau \u00e9lectrique 500 W 500 V Couleur: Noir Connexions: 6 Ethernet LAN 2 VGA D-sub VGA RJ45 USB-C 3.2 Gen [&hellip;]<\/p>\n","protected":false},"featured_media":47183,"comment_status":"open","ping_status":"closed","template":"","meta":[],"product_brand":[1350],"product_cat":[65,958,959],"product_tag":[106],"class_list":{"0":"post-47186","1":"product","2":"type-product","3":"status-publish","4":"has-post-thumbnail","6":"product_brand-brandp_549","7":"product_cat-informatique-electronique","8":"product_cat-informatique-ordinateurs","9":"product_cat-serveurs","10":"product_tag-tag_1295","12":"first","13":"instock","14":"taxable","15":"shipping-taxable","16":"purchasable","17":"product-type-simple"},"_links":{"self":[{"href":"https:\/\/bigbuy.tupique.com\/es\/wp-json\/wp\/v2\/product\/47186","targetHints":{"allow":["GET"]}}],"collection":[{"href":"https:\/\/bigbuy.tupique.com\/es\/wp-json\/wp\/v2\/product"}],"about":[{"href":"https:\/\/bigbuy.tupique.com\/es\/wp-json\/wp\/v2\/types\/product"}],"replies":[{"embeddable":true,"href":"https:\/\/bigbuy.tupique.com\/es\/wp-json\/wp\/v2\/comments?post=47186"}],"wp:featuredmedia":[{"embeddable":true,"href":"https:\/\/bigbuy.tupique.com\/es\/wp-json\/wp\/v2\/media\/47183"}],"wp:attachment":[{"href":"https:\/\/bigbuy.tupique.com\/es\/wp-json\/wp\/v2\/media?parent=47186"}],"wp:term":[{"taxonomy":"product_brand","embeddable":true,"href":"https:\/\/bigbuy.tupique.com\/es\/wp-json\/wp\/v2\/product_brand?post=47186"},{"taxonomy":"product_cat","embeddable":true,"href":"https:\/\/bigbuy.tupique.com\/es\/wp-json\/wp\/v2\/product_cat?post=47186"},{"taxonomy":"product_tag","embeddable":true,"href":"https:\/\/bigbuy.tupique.com\/es\/wp-json\/wp\/v2\/product_tag?post=47186"}],"curies":[{"name":"wp","href":"https:\/\/api.w.org\/{rel}","templated":true}]}}