{"id":47167,"date":"2026-03-30T21:14:41","date_gmt":"2026-03-30T20:14:41","guid":{"rendered":"https:\/\/bigbuy.tupique.com\/produto\/external-hard-drive-lexar-lsl500x004t-rnbng-4-tb-ssd\/"},"modified":"2026-04-16T09:17:13","modified_gmt":"2026-04-16T08:17:13","slug":"external-hard-drive-lexar-lsl500x004t-rnbng-4-tb-ssd","status":"publish","type":"product","link":"https:\/\/bigbuy.tupique.com\/es\/produto\/external-hard-drive-lexar-lsl500x004t-rnbng-4-tb-ssd\/","title":{"rendered":"Disque Dur Externe Lexar LSL500X004T-RNBNG 4 TB SSD"},"content":{"rendered":"<p>Si vous \u00eates passionn\u00e9 d&#8217;<b>informatique et d&#8217;\u00e9lectronique<\/b>, si vous \u00eates \u00e0 la pointe de la technologie et qu&#8217;aucun d\u00e9tail ne vous \u00e9chappe, achetez <b>Disque Dur Externe Lexar LSL500X004T-RNBNG 4 TB SSD<\/b> au meilleur prix.<\/p>\n<p>Le <b>Lexar LSL500X004T-RNBNG<\/b> est un <b>disque dur externe<\/b> SSD avanc\u00e9 con\u00e7u pour r\u00e9pondre aux besoins des professionnels et des particuliers recherchant un stockage portable fiable et performant. Il se distingue par sa <b>capacit\u00e9 de 4 To<\/b>, id\u00e9ale pour stocker de grands volumes de donn\u00e9es, qu\u2019il s\u2019agisse de fichiers multim\u00e9dias, de sauvegardes ou de projets professionnels volumineux, le tout dans un appareil compact et \u00e9l\u00e9gant avec un <b>rev\u00eatement noir<\/b> et un bo\u00eetier robuste en <b>aluminium<\/b> offrant une durabilit\u00e9 accrue face aux chocs et aux d\u00e9placements fr\u00e9quents. Ce mod\u00e8le int\u00e8gre une connectique <b>USB-C avec la norme USB 3.2 Gen 2&#215;2<\/b>, assurant une compatibilit\u00e9 avec les \u00e9quipements r\u00e9cents et permettant de profiter pleinement de sa <b>vitesse de lecture allant jusqu\u2019\u00e0 2000 Mo\/s<\/b> et de sa <b>vitesse d\u2019\u00e9criture jusqu\u2019\u00e0 1800 Mo\/s<\/b>, garantissant des transferts ultra-rapides m\u00eame pour les fichiers volumineux et une efficacit\u00e9 accrue dans les environnements professionnels exigeants. Son design plug-and-play permet une utilisation facile aussi bien sous <b>Windows 10<\/b> que <b>Windows 7<\/b>, \u00e9largissant la polyvalence de ce SSD portable \u00e0 diff\u00e9rents syst\u00e8mes informatiques. L\u2019appareil propose \u00e9galement une <b>protection par mot de passe<\/b>, ajoutant une s\u00e9curit\u00e9 essentielle pour prot\u00e9ger les informations sensibles et les donn\u00e9es personnelles contre tout acc\u00e8s non autoris\u00e9. Gr\u00e2ce \u00e0 son \u00e9quilibre entre grande capacit\u00e9, hautes performances et s\u00e9curit\u00e9 renforc\u00e9e, le Lexar LSL500X004T-RNBNG s\u2019impose comme une solution professionnelle et efficace pour ceux qui recherchent un stockage externe SSD fiable et rapide.<\/p>\n<ul>\n<li>Type: Disque Dur Externe<\/li>\n<li>Syst\u00e8me d&#8217;exploitation:\n<ul>\n<li>Windows 10<\/li>\n<li>Windows 11<\/li>\n<li>Windows 7<\/li>\n<li>Windows 8<\/li>\n<\/ul>\n<\/li>\n<li>Couleur: Noir<\/li>\n<li>Connexions: USB-C<\/li>\n<li>vitesse:\n<ul>\n<li>2000 MB\/s<\/li>\n<li>1800 MB\/s<\/li>\n<\/ul>\n<\/li>\n<li>Disque dur: 4 TB SSD<\/li>\n<li>Mati\u00e8re: Aluminium<\/li>\n<li>Compatible: macOS<\/li>\n<li>Caract\u00e9ristiques: Protection des donn\u00e9es\/mot de passe<\/li>\n<\/ul>","protected":false},"excerpt":{"rendered":"<p>Si vous \u00eates passionn\u00e9 d&#8217;informatique et d&#8217;\u00e9lectronique, si vous \u00eates \u00e0 la pointe de la technologie et qu&#8217;aucun d\u00e9tail ne vous \u00e9chappe, achetez Disque Dur Externe Lexar LSL500X004T-RNBNG 4 TB SSD au meilleur prix. Le Lexar LSL500X004T-RNBNG est un disque dur externe SSD avanc\u00e9 con\u00e7u pour r\u00e9pondre aux besoins des professionnels et des particuliers recherchant [&hellip;]<\/p>\n","protected":false},"featured_media":47161,"comment_status":"open","ping_status":"closed","template":"","meta":[],"product_brand":[1166],"product_cat":[588,65,584],"product_tag":[106],"class_list":{"0":"post-47167","1":"product","2":"type-product","3":"status-publish","4":"has-post-thumbnail","6":"product_brand-brandp_2133","7":"product_cat-disques-durs","8":"product_cat-informatique-electronique","9":"product_cat-informatique-reseaux-et-composants","10":"product_tag-tag_1295","12":"first","13":"instock","14":"taxable","15":"shipping-taxable","16":"purchasable","17":"product-type-simple"},"_links":{"self":[{"href":"https:\/\/bigbuy.tupique.com\/es\/wp-json\/wp\/v2\/product\/47167","targetHints":{"allow":["GET"]}}],"collection":[{"href":"https:\/\/bigbuy.tupique.com\/es\/wp-json\/wp\/v2\/product"}],"about":[{"href":"https:\/\/bigbuy.tupique.com\/es\/wp-json\/wp\/v2\/types\/product"}],"replies":[{"embeddable":true,"href":"https:\/\/bigbuy.tupique.com\/es\/wp-json\/wp\/v2\/comments?post=47167"}],"wp:featuredmedia":[{"embeddable":true,"href":"https:\/\/bigbuy.tupique.com\/es\/wp-json\/wp\/v2\/media\/47161"}],"wp:attachment":[{"href":"https:\/\/bigbuy.tupique.com\/es\/wp-json\/wp\/v2\/media?parent=47167"}],"wp:term":[{"taxonomy":"product_brand","embeddable":true,"href":"https:\/\/bigbuy.tupique.com\/es\/wp-json\/wp\/v2\/product_brand?post=47167"},{"taxonomy":"product_cat","embeddable":true,"href":"https:\/\/bigbuy.tupique.com\/es\/wp-json\/wp\/v2\/product_cat?post=47167"},{"taxonomy":"product_tag","embeddable":true,"href":"https:\/\/bigbuy.tupique.com\/es\/wp-json\/wp\/v2\/product_tag?post=47167"}],"curies":[{"name":"wp","href":"https:\/\/api.w.org\/{rel}","templated":true}]}}