{"id":47079,"date":"2026-03-30T21:04:43","date_gmt":"2026-03-30T20:04:43","guid":{"rendered":"https:\/\/bigbuy.tupique.com\/produto\/tablet-honor-5301annu-121-octa-core-8-gb-ram-256-gb-grey\/"},"modified":"2026-04-15T07:03:43","modified_gmt":"2026-04-15T06:03:43","slug":"tablet-honor-5301annu-121-octa-core-8-gb-ram-256-gb-grey","status":"publish","type":"product","link":"https:\/\/bigbuy.tupique.com\/es\/produto\/tablet-honor-5301annu-121-octa-core-8-gb-ram-256-gb-grey\/","title":{"rendered":"Tablette Honor 5301ANNU 12,1&#8243; Octa Core 8 GB RAM 256 GB Gris"},"content":{"rendered":"<p>Si vous \u00eates \u00e0 la recherche de nouvelles tendances sur le march\u00e9, nous vous pr\u00e9sentons <b>Tablette Honor 5301ANNU 12,1&#8243; Octa Core 8 GB RAM 256 GB Gris<\/b> !<\/p>\n<p>La <b>tablette Honor Pad 10 mod\u00e8le 5301ANNU<\/b> est un appareil polyvalent et performant con\u00e7u pour offrir une exp\u00e9rience fluide dans diverses t\u00e2ches et loisirs num\u00e9riques. Elle se distingue par son large <b>\u00e9cran de 12,1 pouces<\/b>, offrant un excellent espace pour visualiser du contenu multim\u00e9dia, travailler ou \u00e9tudier, avec un format id\u00e9al pour allier productivit\u00e9 et divertissement. \u00c9quip\u00e9e d\u2019un processeur octacore, cette tablette assure des performances efficaces facilitant l\u2019ex\u00e9cution simultan\u00e9e d\u2019applications et une utilisation r\u00e9active. C\u00f4t\u00e9 m\u00e9moire, elle int\u00e8gre <b>8 Go de RAM<\/b>, permettant un multit\u00e2che fluide et sans interruption, ainsi qu\u2019une capacit\u00e9 de stockage interne g\u00e9n\u00e9reuse de <b>256 Go<\/b>, suffisante pour conserver un grand volume de documents, applications, photos et vid\u00e9os. Son design en <b>gris<\/b> offre une finition moderne et sobre, tandis que sa connectivit\u00e9 est polyvalente gr\u00e2ce \u00e0 un port <b>USB-C<\/b>, facilitant le transfert de donn\u00e9es et la charge rapide, compl\u00e9t\u00e9 par la technologie <b>Bluetooth<\/b> pour la connexion sans fil avec p\u00e9riph\u00e9riques ou appareils externes. Elle dispose \u00e9galement d\u2019une cam\u00e9ra frontale, id\u00e9ale pour les appels vid\u00e9o et r\u00e9unions en ligne, r\u00e9pondant aux besoins actuels de communication digitale. Sa batterie int\u00e9gr\u00e9e assure une autonomie adapt\u00e9e pour des journ\u00e9es prolong\u00e9es sans d\u00e9pendre d\u2019une connexion constante au secteur. Tout cela fait de la Honor Pad 10 une option solide dans le segment des <b>tablettes<\/b>, combinant des sp\u00e9cifications techniques \u00e9quilibr\u00e9es avec un design fonctionnel et confortable pour les utilisateurs recherchant un appareil apte \u00e0 un usage quotidien exigeant et multim\u00e9dia.<\/p>\n<ul>\n<li>Type: Tablette<\/li>\n<li>Type de prise: Prise EU<\/li>\n<li>Produit \u00e0 brancher: Oui<\/li>\n<li>M\u00e9moire interne:\n<ul>\n<li>8 GB<\/li>\n<li>256 GB<\/li>\n<\/ul>\n<\/li>\n<li>Pile incluse: Oui<\/li>\n<li>vitesse:\n<ul>\n<li>1,8 ghz<\/li>\n<li>1.8 GHz<\/li>\n<\/ul>\n<\/li>\n<li>Technologie: LCD<\/li>\n<li>Processeur: Octa Core<\/li>\n<li>Syst\u00e8me d&#8217;exploitation:\n<ul>\n<li>Android 15<\/li>\n<li>Android<\/li>\n<\/ul>\n<\/li>\n<li>Classification \u00e9nerg\u00e9tique: F<\/li>\n<li>Bloc d\u2019Alimentation: r\u00e9seau \u00e9lectrique<\/li>\n<li>Connexions: USB-C<\/li>\n<li>Cam\u00e9ra\/Appareil Photo:\n<ul>\n<li>8 mpx<\/li>\n<li>8 MP<\/li>\n<li>Arri\u00e8re<\/li>\n<\/ul>\n<\/li>\n<li>Connectivit\u00e9:\n<ul>\n<li>Wi-Fi<\/li>\n<li>Bluetooth<\/li>\n<li>5G<\/li>\n<li>Bluetooth Low Energy<\/li>\n<li>Wi-Fi 6 GHz<\/li>\n<li>Bluetooth 5.3<\/li>\n<\/ul>\n<\/li>\n<li>Ecran: 12,1&#8243;<\/li>\n<li>M\u00e9moire RAM: 8 GB RAM<\/li>\n<li>Couleur: Gris<\/li>\n<li>Caract\u00e9ristiques:\n<ul>\n<li>Cam\u00e9ra frontale<\/li>\n<li>\u00c9cran LCD<\/li>\n<li>Pile incluse<\/li>\n<\/ul>\n<\/li>\n<li>Ouverture: F\/2,0<\/li>\n<li>Brille: 500 cd\/m2<\/li>\n<li>Non Inclus: Adaptateur AC<\/li>\n<li>Fr\u00e9quence: 120 Hz<\/li>\n<li>Type de batterie: Litio Ion<\/li>\n<li>Noyaux: 8 Noyaux<\/li>\n<li>Famille de processeurs: Qualcomm Snapdragon<\/li>\n<li>R\u00e9solution (px):\n<ul>\n<li>1080 px<\/li>\n<li>1920 x 1080 px<\/li>\n<li>2560 x 1600 px<\/li>\n<\/ul>\n<\/li>\n<li>Diagonale de l&#8217;\u00e9cran (cm): 30,7 cm<\/li>\n<\/ul>","protected":false},"excerpt":{"rendered":"<p>Si vous \u00eates \u00e0 la recherche de nouvelles tendances sur le march\u00e9, nous vous pr\u00e9sentons Tablette Honor 5301ANNU 12,1&#8243; Octa Core 8 GB RAM 256 GB Gris ! La tablette Honor Pad 10 mod\u00e8le 5301ANNU est un appareil polyvalent et performant con\u00e7u pour offrir une exp\u00e9rience fluide dans diverses t\u00e2ches et loisirs num\u00e9riques. Elle se [&hellip;]<\/p>\n","protected":false},"featured_media":47045,"comment_status":"open","ping_status":"closed","template":"","meta":[],"product_brand":[1155],"product_cat":[575,65,1052],"product_tag":[566,106],"class_list":{"0":"post-47079","1":"product","2":"type-product","3":"status-publish","4":"has-post-thumbnail","6":"product_brand-brandp_1272","7":"product_cat-electronique-telephonie-et-tablettes","8":"product_cat-informatique-electronique","9":"product_cat-tablettes","10":"product_tag-tag_547","11":"product_tag-tag_1295","13":"first","14":"instock","15":"taxable","16":"shipping-taxable","17":"purchasable","18":"product-type-simple"},"_links":{"self":[{"href":"https:\/\/bigbuy.tupique.com\/es\/wp-json\/wp\/v2\/product\/47079","targetHints":{"allow":["GET"]}}],"collection":[{"href":"https:\/\/bigbuy.tupique.com\/es\/wp-json\/wp\/v2\/product"}],"about":[{"href":"https:\/\/bigbuy.tupique.com\/es\/wp-json\/wp\/v2\/types\/product"}],"replies":[{"embeddable":true,"href":"https:\/\/bigbuy.tupique.com\/es\/wp-json\/wp\/v2\/comments?post=47079"}],"wp:featuredmedia":[{"embeddable":true,"href":"https:\/\/bigbuy.tupique.com\/es\/wp-json\/wp\/v2\/media\/47045"}],"wp:attachment":[{"href":"https:\/\/bigbuy.tupique.com\/es\/wp-json\/wp\/v2\/media?parent=47079"}],"wp:term":[{"taxonomy":"product_brand","embeddable":true,"href":"https:\/\/bigbuy.tupique.com\/es\/wp-json\/wp\/v2\/product_brand?post=47079"},{"taxonomy":"product_cat","embeddable":true,"href":"https:\/\/bigbuy.tupique.com\/es\/wp-json\/wp\/v2\/product_cat?post=47079"},{"taxonomy":"product_tag","embeddable":true,"href":"https:\/\/bigbuy.tupique.com\/es\/wp-json\/wp\/v2\/product_tag?post=47079"}],"curies":[{"name":"wp","href":"https:\/\/api.w.org\/{rel}","templated":true}]}}