{"id":46744,"date":"2026-03-30T20:42:58","date_gmt":"2026-03-30T19:42:58","guid":{"rendered":"https:\/\/bigbuy.tupique.com\/produto\/babys-pushchair-arrue\/"},"modified":"2026-04-15T07:03:26","modified_gmt":"2026-04-15T06:03:26","slug":"babys-pushchair-arrue","status":"publish","type":"product","link":"https:\/\/bigbuy.tupique.com\/es\/produto\/babys-pushchair-arrue\/","title":{"rendered":"Poussette pour b\u00e9b\u00e9 Arrue"},"content":{"rendered":"<p>Les enfants m\u00e9ritent ce qu\u2019il y a de mieux, nous vous pr\u00e9sentons donc <b>Poussette pour b\u00e9b\u00e9 Arrue<\/b>, id\u00e9al pour ceux qui cherchent des produits de qualit\u00e9 pour les plus petits ! Procurez-vous <b>Arrue<\/b> et bien d\u2019autres marques et licences aux meilleurs prix !<\/p>\n<ul>\n<li>Couleur: Bleu<\/li>\n<\/ul>","protected":false},"excerpt":{"rendered":"<p>Les enfants m\u00e9ritent ce qu\u2019il y a de mieux, nous vous pr\u00e9sentons donc Poussette pour b\u00e9b\u00e9 Arrue, id\u00e9al pour ceux qui cherchent des produits de qualit\u00e9 pour les plus petits ! Procurez-vous Arrue et bien d\u2019autres marques et licences aux meilleurs prix ! Couleur: Bleu<\/p>","protected":false},"featured_media":46742,"comment_status":"open","ping_status":"closed","template":"","meta":[],"product_brand":[1408],"product_cat":[750,251,157],"product_tag":[164],"class_list":{"0":"post-46744","1":"product","2":"type-product","3":"status-publish","4":"has-post-thumbnail","6":"product_brand-brandp_10959","7":"product_cat-balades-et-voyages","8":"product_cat-bebes-et-enfants","9":"product_cat-jouets-deguisements","10":"product_tag-tag_152","12":"first","13":"instock","14":"taxable","15":"shipping-taxable","16":"purchasable","17":"product-type-simple"},"_links":{"self":[{"href":"https:\/\/bigbuy.tupique.com\/es\/wp-json\/wp\/v2\/product\/46744","targetHints":{"allow":["GET"]}}],"collection":[{"href":"https:\/\/bigbuy.tupique.com\/es\/wp-json\/wp\/v2\/product"}],"about":[{"href":"https:\/\/bigbuy.tupique.com\/es\/wp-json\/wp\/v2\/types\/product"}],"replies":[{"embeddable":true,"href":"https:\/\/bigbuy.tupique.com\/es\/wp-json\/wp\/v2\/comments?post=46744"}],"wp:featuredmedia":[{"embeddable":true,"href":"https:\/\/bigbuy.tupique.com\/es\/wp-json\/wp\/v2\/media\/46742"}],"wp:attachment":[{"href":"https:\/\/bigbuy.tupique.com\/es\/wp-json\/wp\/v2\/media?parent=46744"}],"wp:term":[{"taxonomy":"product_brand","embeddable":true,"href":"https:\/\/bigbuy.tupique.com\/es\/wp-json\/wp\/v2\/product_brand?post=46744"},{"taxonomy":"product_cat","embeddable":true,"href":"https:\/\/bigbuy.tupique.com\/es\/wp-json\/wp\/v2\/product_cat?post=46744"},{"taxonomy":"product_tag","embeddable":true,"href":"https:\/\/bigbuy.tupique.com\/es\/wp-json\/wp\/v2\/product_tag?post=46744"}],"curies":[{"name":"wp","href":"https:\/\/api.w.org\/{rel}","templated":true}]}}