{"id":46715,"date":"2026-03-30T20:31:44","date_gmt":"2026-03-30T19:31:44","guid":{"rendered":"https:\/\/bigbuy.tupique.com\/produto\/wireless-headphones-shokz-c610-aa-bk-eu-000-black\/"},"modified":"2026-04-15T07:03:16","modified_gmt":"2026-04-15T06:03:16","slug":"wireless-headphones-shokz-c610-aa-bk-eu-000-black","status":"publish","type":"product","link":"https:\/\/bigbuy.tupique.com\/es\/produto\/wireless-headphones-shokz-c610-aa-bk-eu-000-black\/","title":{"rendered":"Casques Sans Fil Shokz C610-AA-BK-EU-000 Noir"},"content":{"rendered":"<p>Si vous \u00eates passionn\u00e9 d&#8217;<b>informatique et d&#8217;\u00e9lectronique<\/b>, si vous \u00eates \u00e0 la pointe de la technologie et qu&#8217;aucun d\u00e9tail ne vous \u00e9chappe, achetez <b>Casques Sans Fil Shokz C610-AA-BK-EU-000 Noir<\/b> au meilleur prix.<\/p>\n<p>Les <b>\u00e9couteurs sans fil Shokz mod\u00e8le C610-AA-BK-EU<\/b> en couleur <b>noir<\/b> se distinguent par leur technologie de connexion avanc\u00e9e facilitant la transmission audio via <b>Bluetooth<\/b>, garantissant une exp\u00e9rience sans fil avec une haute qualit\u00e9 sonore et une grande libert\u00e9 de mouvement. Leur connectivit\u00e9 polyvalente inclut des ports <b>USB-A<\/b> pour la recharge, compatibles avec les prises <b>EU<\/b>, permettant une recharge simple et universelle en Europe. Ce mod\u00e8le int\u00e8gre un <b>type d\u2019\u00e9couteurs<\/b> alliant confort et fonctionnalit\u00e9 pour des sessions prolong\u00e9es, id\u00e9al pour un usage quotidien, sportif ou professionnel. L\u2019int\u00e9gration des connexions USB apporte une flexibilit\u00e9 d\u2019utilisation, assurant la compatibilit\u00e9 avec de nombreux appareils et facilitant la gestion de l\u2019alimentation, des aspects essentiels pour ceux qui recherchent un \u00e9quipement fiable et confortable adapt\u00e9 \u00e0 divers environnements et appareils \u00e9lectroniques. Dans l\u2019ensemble, ces \u00e9couteurs sans fil illustrent l\u2019approche de Shokz en mati\u00e8re d\u2019innovation audio personnelle, avec un accent sur la connectivit\u00e9 pratique et un design \u00e9pur\u00e9.<\/p>\n<ul>\n<li>Type:\n<ul>\n<li>Casques Sans Fil<\/li>\n<li>Casque<\/li>\n<li>Casques avec Microphone<\/li>\n<li>\u00c0 crochet<\/li>\n<li>Batterie au lithium rechargeable<\/li>\n<\/ul>\n<\/li>\n<li>Type de prise: Prise EU<\/li>\n<li>Produit \u00e0 brancher: Oui<\/li>\n<li>Caract\u00e9ristiques:\n<ul>\n<li>Annulation de bruit<\/li>\n<li>Sans fil<\/li>\n<li>R\u00e9sistant \u00e0 l&#8217;eau<\/li>\n<li>R\u00e9duction du bruit<\/li>\n<li>Interrupteur marche\/arr\u00eat<\/li>\n<li>C\u00e2ble amovible<\/li>\n<li>Guide d&#8217;installation inclus<\/li>\n<li>Plug and play<\/li>\n<li>Commande tactile<\/li>\n<\/ul>\n<\/li>\n<li>Compatible:\n<ul>\n<li>macOS<\/li>\n<li>Windows<\/li>\n<li>Mac OS<\/li>\n<\/ul>\n<\/li>\n<li>Largeur: 18 cm<\/li>\n<li>\u00c9lev\u00e9: 7,5 cm<\/li>\n<li>Poids approx.: 78 G<\/li>\n<li>Bloc d\u2019Alimentation: r\u00e9seau \u00e9lectrique<\/li>\n<li>Couleur: Noir<\/li>\n<li>Connexions:\n<ul>\n<li>USB<\/li>\n<li>USB-A<\/li>\n<\/ul>\n<\/li>\n<li>Connectivit\u00e9: Bluetooth<\/li>\n<li>Longueur du c\u00e2ble: 1 m<\/li>\n<li>Type de commande: Tactile<\/li>\n<li>Batterie: Oui<\/li>\n<li>Non Inclus: Adaptateur AC<\/li>\n<li>Inclut: USB Type-A<\/li>\n<li>Utilisation recommand\u00e9e: Bureau\/Centre d&#8217;appels<\/li>\n<\/ul>\n<p>AVERTISSEMENTS: \u00c0 garder hors de la port\u00e9e des enfants.. <\/p>\n<p> AVERTISSEMENTS: Ne pas utiliser pr\u00e8s de sources de chaleur ou de flamme.. <\/p>\n<p> AVERTISSEMENTS: V\u00e9rifiez r\u00e9guli\u00e8rement l&#8217;\u00e9tat des piles pour \u00e9viter les fuites..<\/p>","protected":false},"excerpt":{"rendered":"<p>Si vous \u00eates passionn\u00e9 d&#8217;informatique et d&#8217;\u00e9lectronique, si vous \u00eates \u00e0 la pointe de la technologie et qu&#8217;aucun d\u00e9tail ne vous \u00e9chappe, achetez Casques Sans Fil Shokz C610-AA-BK-EU-000 Noir au meilleur prix. Les \u00e9couteurs sans fil Shokz mod\u00e8le C610-AA-BK-EU en couleur noir se distinguent par leur technologie de connexion avanc\u00e9e facilitant la transmission audio via [&hellip;]<\/p>\n","protected":false},"featured_media":46699,"comment_status":"open","ping_status":"closed","template":"","meta":[],"product_brand":[1407],"product_cat":[65,581,594],"product_tag":[213,566,106],"class_list":{"0":"post-46715","1":"product","2":"type-product","3":"status-publish","4":"has-post-thumbnail","6":"product_brand-brandp_7212","7":"product_cat-informatique-electronique","8":"product_cat-informatique-peripheriques-et-consommables","9":"product_cat-micros-et-ecouteurs","10":"product_tag-tag_933","11":"product_tag-tag_547","12":"product_tag-tag_1295","14":"first","15":"instock","16":"taxable","17":"shipping-taxable","18":"purchasable","19":"product-type-simple"},"_links":{"self":[{"href":"https:\/\/bigbuy.tupique.com\/es\/wp-json\/wp\/v2\/product\/46715","targetHints":{"allow":["GET"]}}],"collection":[{"href":"https:\/\/bigbuy.tupique.com\/es\/wp-json\/wp\/v2\/product"}],"about":[{"href":"https:\/\/bigbuy.tupique.com\/es\/wp-json\/wp\/v2\/types\/product"}],"replies":[{"embeddable":true,"href":"https:\/\/bigbuy.tupique.com\/es\/wp-json\/wp\/v2\/comments?post=46715"}],"wp:featuredmedia":[{"embeddable":true,"href":"https:\/\/bigbuy.tupique.com\/es\/wp-json\/wp\/v2\/media\/46699"}],"wp:attachment":[{"href":"https:\/\/bigbuy.tupique.com\/es\/wp-json\/wp\/v2\/media?parent=46715"}],"wp:term":[{"taxonomy":"product_brand","embeddable":true,"href":"https:\/\/bigbuy.tupique.com\/es\/wp-json\/wp\/v2\/product_brand?post=46715"},{"taxonomy":"product_cat","embeddable":true,"href":"https:\/\/bigbuy.tupique.com\/es\/wp-json\/wp\/v2\/product_cat?post=46715"},{"taxonomy":"product_tag","embeddable":true,"href":"https:\/\/bigbuy.tupique.com\/es\/wp-json\/wp\/v2\/product_tag?post=46715"}],"curies":[{"name":"wp","href":"https:\/\/api.w.org\/{rel}","templated":true}]}}