{"id":46689,"date":"2026-03-30T20:30:35","date_gmt":"2026-03-30T19:30:35","guid":{"rendered":"https:\/\/bigbuy.tupique.com\/produto\/router-fritz-box-5690-xgs-edition-red-usb-3-0-rj45-x-4-sfp-wi-fi-ethernet-gigabit-ethernet-wi-fi-5-ghz-wi-fi-6-ghz\/"},"modified":"2026-05-11T20:00:43","modified_gmt":"2026-05-11T18:00:43","slug":"router-fritz-box-5690-xgs-edition-red-usb-3-0-rj45-x-4-sfp-wi-fi-ethernet-gigabit-ethernet-wi-fi-5-ghz-wi-fi-6-ghz","status":"publish","type":"product","link":"https:\/\/bigbuy.tupique.com\/es\/produto\/router-fritz-box-5690-xgs-edition-red-usb-3-0-rj45-x-4-sfp-wi-fi-ethernet-gigabit-ethernet-wi-fi-5-ghz-wi-fi-6-ghz\/","title":{"rendered":"Router Fritz! BOX 5690 XGS EDITION Rouge USB 3.0 RJ45 x 4 SFP+ Wi-Fi Ethernet Gigabit Ethernet Wi-Fi 5 GHz Wi-Fi 6 GHz"},"content":{"rendered":"<p>Si vous \u00eates \u00e0 la recherche de nouvelles tendances sur le march\u00e9, nous vous pr\u00e9sentons <b>Router Fritz! BOX 5690 XGS EDITION Rouge USB 3.0 RJ45 x 4 SFP+ Wi-Fi Ethernet Gigabit Ethernet Wi-Fi 5 GHz Wi-Fi 6 GHz<\/b> !<\/p>\n<ul>\n<li>Type: Router<\/li>\n<li>Produit \u00e0 brancher: Oui<\/li>\n<li>Type de prise: Prise EU<\/li>\n<li>Bloc d\u2019Alimentation: r\u00e9seau \u00e9lectrique<\/li>\n<li>Couleur: Rouge<\/li>\n<li>Connexions:\n<ul>\n<li>USB 3.0<\/li>\n<li>RJ45 x 4<\/li>\n<li>SFP+<\/li>\n<\/ul>\n<\/li>\n<li>Connectivit\u00e9:\n<ul>\n<li>Wi-Fi<\/li>\n<li>Ethernet<\/li>\n<li>Gigabit Ethernet<\/li>\n<li>Wi-Fi 5 GHz<\/li>\n<li>Wi-Fi 6 GHz<\/li>\n<\/ul>\n<\/li>\n<li>Ports: 4<\/li>\n<li>Fr\u00e9quence: 2,4 GHz &#8211; 5 GHz<\/li>\n<li>Inclut:\n<ul>\n<li>C\u00e2ble d\u2019Alimentation<\/li>\n<li>Manuel d\u2019utilisation<\/li>\n<li>C\u00e2ble Ethernet LAN<\/li>\n<\/ul>\n<\/li>\n<li>vitesse: 10 Gbps<\/li>\n<\/ul>","protected":false},"excerpt":{"rendered":"<p>Si vous \u00eates \u00e0 la recherche de nouvelles tendances sur le march\u00e9, nous vous pr\u00e9sentons Router Fritz! BOX 5690 XGS EDITION Rouge USB 3.0 RJ45 x 4 SFP+ Wi-Fi Ethernet Gigabit Ethernet Wi-Fi 5 GHz Wi-Fi 6 GHz ! Type: Router Produit \u00e0 brancher: Oui Type de prise: Prise EU Bloc d\u2019Alimentation: r\u00e9seau \u00e9lectrique Couleur: [&hellip;]<\/p>\n","protected":false},"featured_media":46688,"comment_status":"open","ping_status":"closed","template":"","meta":[],"product_brand":[654],"product_cat":[65,584,612],"product_tag":[106],"class_list":{"0":"post-46689","1":"product","2":"type-product","3":"status-publish","4":"has-post-thumbnail","6":"product_brand-brandp_2453","7":"product_cat-informatique-electronique","8":"product_cat-informatique-reseaux-et-composants","9":"product_cat-routeurs-et-modems","10":"product_tag-tag_1295","12":"first","13":"instock","14":"taxable","15":"shipping-taxable","16":"purchasable","17":"product-type-simple"},"_links":{"self":[{"href":"https:\/\/bigbuy.tupique.com\/es\/wp-json\/wp\/v2\/product\/46689","targetHints":{"allow":["GET"]}}],"collection":[{"href":"https:\/\/bigbuy.tupique.com\/es\/wp-json\/wp\/v2\/product"}],"about":[{"href":"https:\/\/bigbuy.tupique.com\/es\/wp-json\/wp\/v2\/types\/product"}],"replies":[{"embeddable":true,"href":"https:\/\/bigbuy.tupique.com\/es\/wp-json\/wp\/v2\/comments?post=46689"}],"wp:featuredmedia":[{"embeddable":true,"href":"https:\/\/bigbuy.tupique.com\/es\/wp-json\/wp\/v2\/media\/46688"}],"wp:attachment":[{"href":"https:\/\/bigbuy.tupique.com\/es\/wp-json\/wp\/v2\/media?parent=46689"}],"wp:term":[{"taxonomy":"product_brand","embeddable":true,"href":"https:\/\/bigbuy.tupique.com\/es\/wp-json\/wp\/v2\/product_brand?post=46689"},{"taxonomy":"product_cat","embeddable":true,"href":"https:\/\/bigbuy.tupique.com\/es\/wp-json\/wp\/v2\/product_cat?post=46689"},{"taxonomy":"product_tag","embeddable":true,"href":"https:\/\/bigbuy.tupique.com\/es\/wp-json\/wp\/v2\/product_tag?post=46689"}],"curies":[{"name":"wp","href":"https:\/\/api.w.org\/{rel}","templated":true}]}}