{"id":46607,"date":"2026-03-30T20:27:56","date_gmt":"2026-03-30T19:27:56","guid":{"rendered":"https:\/\/bigbuy.tupique.com\/produto\/tablet-samsung-galaxy-tab-s11-x730-11-12-gb-ram-256-gb-grey\/"},"modified":"2026-04-15T07:03:07","modified_gmt":"2026-04-15T06:03:07","slug":"tablet-samsung-galaxy-tab-s11-x730-11-12-gb-ram-256-gb-grey","status":"publish","type":"product","link":"https:\/\/bigbuy.tupique.com\/es\/produto\/tablet-samsung-galaxy-tab-s11-x730-11-12-gb-ram-256-gb-grey\/","title":{"rendered":"Tablette Samsung Galaxy Tab S11 X730 11&#8243; 12 GB RAM 256 GB Gris"},"content":{"rendered":"<p>Si vous \u00eates \u00e0 la recherche de nouvelles tendances sur le march\u00e9, nous vous pr\u00e9sentons <b>Tablette Samsung Galaxy Tab S11 X730 11&#8243; 12 GB RAM 256 GB Gris<\/b> !<\/p>\n<p>La <b>Samsung Galaxy Tab S11 X730<\/b> est une <b>tablette<\/b> avanc\u00e9e qui constitue un choix \u00e9quilibr\u00e9 pour ceux qui recherchent des performances \u00e9lev\u00e9es et une grande polyvalence, aussi bien dans un cadre professionnel que pour un usage quotidien. Dot\u00e9e de <b>12 Go de RAM<\/b> et de <b>256 Go de stockage interne<\/b>, elle offre une excellente capacit\u00e9 pour le multit\u00e2che et le stockage de fichiers, d\u2019applications et de contenus multim\u00e9dias, permettant de travailler, d\u2019\u00e9tudier ou de se divertir en toute fluidit\u00e9 et sans contrainte. Son <b>\u00e9cran de 11 pouces<\/b> assure une visualisation nette et immersive, id\u00e9ale pour l\u2019\u00e9dition de documents, le visionnage de vid\u00e9os ou l\u2019utilisation d\u2019applications cr\u00e9atives, tandis que son design gris apporte une touche moderne et discr\u00e8te. Ce mod\u00e8le int\u00e8gre un <b>appareil photo arri\u00e8re de 13 m\u00e9gapixels<\/b> et une <b>cam\u00e9ra frontale de 12 m\u00e9gapixels<\/b>, facilitant la prise de photos de qualit\u00e9 ainsi que la r\u00e9alisation d\u2019appels vid\u00e9o professionnels ou personnels en haute r\u00e9solution. Parmi ses atouts, on retrouve la connectique <b>USB-C<\/b> pour une connexion efficace, un lecteur de cartes pour l\u2019extension de m\u00e9moire externe et l\u2019autofocus sur l\u2019appareil photo, contribuant \u00e0 une exp\u00e9rience utilisateur compl\u00e8te et polyvalente. Son profil fin et sa l\u00e9g\u00e8ret\u00e9 la rendent facile \u00e0 transporter, tandis que la combinaison d\u2019un mat\u00e9riel avanc\u00e9 et d\u2019un logiciel performant sous Android garantit une r\u00e9activit\u00e9 rapide et stable pour toutes les applications. Gr\u00e2ce \u00e0 son \u00e9quilibre entre fonctionnalit\u00e9s premium et simplicit\u00e9 d\u2019utilisation, la Samsung Galaxy Tab S11 X730 s\u2019impose comme l\u2019outil id\u00e9al pour les utilisateurs exigeants recherchant productivit\u00e9 et divertissement dans un seul appareil.<\/p>\n<ul>\n<li>Type: Tablette<\/li>\n<li>Type de prise: Prise EU<\/li>\n<li>Produit \u00e0 brancher: Oui<\/li>\n<li>Connexions:\n<ul>\n<li>USB-C<\/li>\n<li>USB-C 3.2 Gen 1 (3.1 Gen 1)<\/li>\n<\/ul>\n<\/li>\n<li>Cam\u00e9ra\/Appareil Photo:\n<ul>\n<li>12 mpx<\/li>\n<li>13 mpx<\/li>\n<li>13 MP<\/li>\n<li>Arri\u00e8re<\/li>\n<\/ul>\n<\/li>\n<li>puissance: 45 W<\/li>\n<li>Processeur: Octa Core<\/li>\n<li>Diagonale de l&#8217;\u00e9cran (cm): 27,9 cm<\/li>\n<li>Caract\u00e9ristiques:\n<ul>\n<li>GPS<\/li>\n<li>Webcam<\/li>\n<li>Cam\u00e9ra frontale<\/li>\n<li>Autofocus<\/li>\n<li>Lecteur de Cartes<\/li>\n<li>Lecteur d&#8217;empreintes<\/li>\n<\/ul>\n<\/li>\n<li>Technologie:\n<ul>\n<li>OLED<\/li>\n<li>Mime<\/li>\n<li>AMOLED<\/li>\n<\/ul>\n<\/li>\n<li>Classification IP: IP68<\/li>\n<li>Bloc d\u2019Alimentation: r\u00e9seau \u00e9lectrique<\/li>\n<li>R\u00e9solution (px):\n<ul>\n<li>2560 x 1600 px<\/li>\n<li>3840 x 2160 px<\/li>\n<li>1080 px<\/li>\n<\/ul>\n<\/li>\n<li>Acc\u00e9l\u00e9rom\u00e8tre: Oui<\/li>\n<li>Glonass: Oui<\/li>\n<li>Gyroscope: Oui<\/li>\n<li>Cartes M\u00e9moire Compatibles: MicroSD (TransFlash)<\/li>\n<li>Capacit\u00e9 de la batterie: 8400 mAh<\/li>\n<li>Connectivit\u00e9:\n<ul>\n<li>Bluetooth<\/li>\n<li>Wi-Fi 6 GHz<\/li>\n<li>Wi-Fi<\/li>\n<li>GPS<\/li>\n<li>Galileo<\/li>\n<\/ul>\n<\/li>\n<li>Ecran: 11&#8243;<\/li>\n<li>M\u00e9moire RAM: 12 GB RAM<\/li>\n<li>M\u00e9moire interne: 256 GB<\/li>\n<li>Couleur: Gris<\/li>\n<li>Classification \u00e9nerg\u00e9tique: G<\/li>\n<li>Syst\u00e8me d&#8217;exploitation: Android<\/li>\n<li>Fonctions: Acc\u00e9l\u00e9rom\u00e8tre<\/li>\n<li>vitesse:\n<ul>\n<li>30 fps<\/li>\n<li>3.3 GHz<\/li>\n<\/ul>\n<\/li>\n<li>Taille maximale de la carte m\u00e9moire: 2 TB<\/li>\n<li>Poids: 1,2 kg<\/li>\n<li>Non Inclus: Connexion au r\u00e9seau mobile<\/li>\n<li>Autonomie de reproduction approx.: 18 heures<\/li>\n<li>Inclut: Crayon tactile<\/li>\n<li>Noyaux: 8 Noyaux<\/li>\n<\/ul>","protected":false},"excerpt":{"rendered":"<p>Si vous \u00eates \u00e0 la recherche de nouvelles tendances sur le march\u00e9, nous vous pr\u00e9sentons Tablette Samsung Galaxy Tab S11 X730 11&#8243; 12 GB RAM 256 GB Gris ! La Samsung Galaxy Tab S11 X730 est une tablette avanc\u00e9e qui constitue un choix \u00e9quilibr\u00e9 pour ceux qui recherchent des performances \u00e9lev\u00e9es et une grande polyvalence, [&hellip;]<\/p>\n","protected":false},"featured_media":46591,"comment_status":"open","ping_status":"closed","template":"","meta":[],"product_brand":[183],"product_cat":[575,65,1052],"product_tag":[566,106],"class_list":{"0":"post-46607","1":"product","2":"type-product","3":"status-publish","4":"has-post-thumbnail","6":"product_brand-brandp_576","7":"product_cat-electronique-telephonie-et-tablettes","8":"product_cat-informatique-electronique","9":"product_cat-tablettes","10":"product_tag-tag_547","11":"product_tag-tag_1295","13":"first","14":"instock","15":"taxable","16":"shipping-taxable","17":"purchasable","18":"product-type-simple"},"_links":{"self":[{"href":"https:\/\/bigbuy.tupique.com\/es\/wp-json\/wp\/v2\/product\/46607","targetHints":{"allow":["GET"]}}],"collection":[{"href":"https:\/\/bigbuy.tupique.com\/es\/wp-json\/wp\/v2\/product"}],"about":[{"href":"https:\/\/bigbuy.tupique.com\/es\/wp-json\/wp\/v2\/types\/product"}],"replies":[{"embeddable":true,"href":"https:\/\/bigbuy.tupique.com\/es\/wp-json\/wp\/v2\/comments?post=46607"}],"wp:featuredmedia":[{"embeddable":true,"href":"https:\/\/bigbuy.tupique.com\/es\/wp-json\/wp\/v2\/media\/46591"}],"wp:attachment":[{"href":"https:\/\/bigbuy.tupique.com\/es\/wp-json\/wp\/v2\/media?parent=46607"}],"wp:term":[{"taxonomy":"product_brand","embeddable":true,"href":"https:\/\/bigbuy.tupique.com\/es\/wp-json\/wp\/v2\/product_brand?post=46607"},{"taxonomy":"product_cat","embeddable":true,"href":"https:\/\/bigbuy.tupique.com\/es\/wp-json\/wp\/v2\/product_cat?post=46607"},{"taxonomy":"product_tag","embeddable":true,"href":"https:\/\/bigbuy.tupique.com\/es\/wp-json\/wp\/v2\/product_tag?post=46607"}],"curies":[{"name":"wp","href":"https:\/\/api.w.org\/{rel}","templated":true}]}}