{"id":46541,"date":"2026-03-30T20:25:43","date_gmt":"2026-03-30T19:25:43","guid":{"rendered":"https:\/\/bigbuy.tupique.com\/produto\/videowall-monitor-smart-technologies-gx175g-v4-full-hd-75\/"},"modified":"2026-05-11T20:00:34","modified_gmt":"2026-05-11T18:00:34","slug":"videowall-monitor-smart-technologies-gx175g-v4-full-hd-75","status":"publish","type":"product","link":"https:\/\/bigbuy.tupique.com\/es\/produto\/videowall-monitor-smart-technologies-gx175g-v4-full-hd-75\/","title":{"rendered":"Moniteur Videowall Smart Technologies GX175G-V4 Full HD 75&#8243;"},"content":{"rendered":"<p>Si vous \u00eates \u00e0 la recherche de nouvelles tendances sur le march\u00e9, nous vous pr\u00e9sentons <b>Moniteur Videowall Smart Technologies GX175G-V4 Full HD 75&#8243;<\/b> !<\/p>\n<ul>\n<li>Type: Moniteur Videowall<\/li>\n<li>Couleur: Noir<\/li>\n<li>Caract\u00e9ristiques:\n<ul>\n<li>Ecran tactile<\/li>\n<li>\u00c9cran plat<\/li>\n<\/ul>\n<\/li>\n<li>Connexions:\n<ul>\n<li>HDMI<\/li>\n<li>USB<\/li>\n<\/ul>\n<\/li>\n<li>Rapport d&#8217;aspect: 16:9<\/li>\n<li>Connectivit\u00e9: Wi-Fi<\/li>\n<li>Format: 16:9<\/li>\n<li>R\u00e9solution: Full HD<\/li>\n<li>Montage: Montage mural<\/li>\n<li>Technologie: LED<\/li>\n<li>Fr\u00e9quence: 50 &#8211; 60 Hz<\/li>\n<li>Ecran: 75&#8243;<\/li>\n<li>Utilisation recommand\u00e9e: Entreprise et commerce<\/li>\n<li>R\u00e9solution (px): 3840 x 2160 px<\/li>\n<\/ul>","protected":false},"excerpt":{"rendered":"<p>Si vous \u00eates \u00e0 la recherche de nouvelles tendances sur le march\u00e9, nous vous pr\u00e9sentons Moniteur Videowall Smart Technologies GX175G-V4 Full HD 75&#8243; ! Type: Moniteur Videowall Couleur: Noir Caract\u00e9ristiques: Ecran tactile \u00c9cran plat Connexions: HDMI USB Rapport d&#8217;aspect: 16:9 Connectivit\u00e9: Wi-Fi Format: 16:9 R\u00e9solution: Full HD Montage: Montage mural Technologie: LED Fr\u00e9quence: 50 &#8211; [&hellip;]<\/p>\n","protected":false},"featured_media":46540,"comment_status":"open","ping_status":"closed","template":"","meta":[],"product_brand":[1168],"product_cat":[65,581,616],"product_tag":[213,106],"class_list":{"0":"post-46541","1":"product","2":"type-product","3":"status-publish","4":"has-post-thumbnail","6":"product_brand-brandp_10285","7":"product_cat-informatique-electronique","8":"product_cat-informatique-peripheriques-et-consommables","9":"product_cat-moniteurs","10":"product_tag-tag_933","11":"product_tag-tag_1295","13":"first","14":"instock","15":"taxable","16":"shipping-taxable","17":"purchasable","18":"product-type-simple"},"_links":{"self":[{"href":"https:\/\/bigbuy.tupique.com\/es\/wp-json\/wp\/v2\/product\/46541","targetHints":{"allow":["GET"]}}],"collection":[{"href":"https:\/\/bigbuy.tupique.com\/es\/wp-json\/wp\/v2\/product"}],"about":[{"href":"https:\/\/bigbuy.tupique.com\/es\/wp-json\/wp\/v2\/types\/product"}],"replies":[{"embeddable":true,"href":"https:\/\/bigbuy.tupique.com\/es\/wp-json\/wp\/v2\/comments?post=46541"}],"wp:featuredmedia":[{"embeddable":true,"href":"https:\/\/bigbuy.tupique.com\/es\/wp-json\/wp\/v2\/media\/46540"}],"wp:attachment":[{"href":"https:\/\/bigbuy.tupique.com\/es\/wp-json\/wp\/v2\/media?parent=46541"}],"wp:term":[{"taxonomy":"product_brand","embeddable":true,"href":"https:\/\/bigbuy.tupique.com\/es\/wp-json\/wp\/v2\/product_brand?post=46541"},{"taxonomy":"product_cat","embeddable":true,"href":"https:\/\/bigbuy.tupique.com\/es\/wp-json\/wp\/v2\/product_cat?post=46541"},{"taxonomy":"product_tag","embeddable":true,"href":"https:\/\/bigbuy.tupique.com\/es\/wp-json\/wp\/v2\/product_tag?post=46541"}],"curies":[{"name":"wp","href":"https:\/\/api.w.org\/{rel}","templated":true}]}}