{"id":46478,"date":"2026-03-30T20:12:33","date_gmt":"2026-03-30T19:12:33","guid":{"rendered":"https:\/\/bigbuy.tupique.com\/produto\/server-fsas-vfyt1326sc269in-32-gb-ram\/"},"modified":"2026-05-11T20:00:28","modified_gmt":"2026-05-11T18:00:28","slug":"server-fsas-vfyt1326sc269in-32-gb-ram","status":"publish","type":"product","link":"https:\/\/bigbuy.tupique.com\/es\/produto\/server-fsas-vfyt1326sc269in-32-gb-ram\/","title":{"rendered":"Serveur FSAS VFY:T1326SC269IN 32 GB RAM"},"content":{"rendered":"<p>Si vous \u00eates \u00e0 la recherche de nouvelles tendances sur le march\u00e9, nous vous pr\u00e9sentons <b>Serveur FSAS VFY:T1326SC269IN 32 GB RAM<\/b> !<\/p>\n<ul>\n<li>Type: Serveur<\/li>\n<li>Produit \u00e0 brancher: Oui<\/li>\n<li>Type de prise: Prise EU<\/li>\n<li>Bloc d\u2019Alimentation: r\u00e9seau \u00e9lectrique<\/li>\n<li>Facteur de forme: ATX<\/li>\n<li>Syst\u00e8me d&#8217;exploitation: Sans syst\u00e8me d&#8217;exploitation<\/li>\n<li>M\u00e9moire RAM: 32 GB RAM<\/li>\n<\/ul>","protected":false},"excerpt":{"rendered":"<p>Si vous \u00eates \u00e0 la recherche de nouvelles tendances sur le march\u00e9, nous vous pr\u00e9sentons Serveur FSAS VFY:T1326SC269IN 32 GB RAM ! Type: Serveur Produit \u00e0 brancher: Oui Type de prise: Prise EU Bloc d\u2019Alimentation: r\u00e9seau \u00e9lectrique Facteur de forme: ATX Syst\u00e8me d&#8217;exploitation: Sans syst\u00e8me d&#8217;exploitation M\u00e9moire RAM: 32 GB RAM<\/p>","protected":false},"featured_media":46477,"comment_status":"open","ping_status":"closed","template":"","meta":[],"product_brand":[1406],"product_cat":[65,958,959],"product_tag":[106],"class_list":{"0":"post-46478","1":"product","2":"type-product","3":"status-publish","4":"has-post-thumbnail","6":"product_brand-brandp_10937","7":"product_cat-informatique-electronique","8":"product_cat-informatique-ordinateurs","9":"product_cat-serveurs","10":"product_tag-tag_1295","12":"first","13":"instock","14":"taxable","15":"shipping-taxable","16":"purchasable","17":"product-type-simple"},"_links":{"self":[{"href":"https:\/\/bigbuy.tupique.com\/es\/wp-json\/wp\/v2\/product\/46478","targetHints":{"allow":["GET"]}}],"collection":[{"href":"https:\/\/bigbuy.tupique.com\/es\/wp-json\/wp\/v2\/product"}],"about":[{"href":"https:\/\/bigbuy.tupique.com\/es\/wp-json\/wp\/v2\/types\/product"}],"replies":[{"embeddable":true,"href":"https:\/\/bigbuy.tupique.com\/es\/wp-json\/wp\/v2\/comments?post=46478"}],"wp:featuredmedia":[{"embeddable":true,"href":"https:\/\/bigbuy.tupique.com\/es\/wp-json\/wp\/v2\/media\/46477"}],"wp:attachment":[{"href":"https:\/\/bigbuy.tupique.com\/es\/wp-json\/wp\/v2\/media?parent=46478"}],"wp:term":[{"taxonomy":"product_brand","embeddable":true,"href":"https:\/\/bigbuy.tupique.com\/es\/wp-json\/wp\/v2\/product_brand?post=46478"},{"taxonomy":"product_cat","embeddable":true,"href":"https:\/\/bigbuy.tupique.com\/es\/wp-json\/wp\/v2\/product_cat?post=46478"},{"taxonomy":"product_tag","embeddable":true,"href":"https:\/\/bigbuy.tupique.com\/es\/wp-json\/wp\/v2\/product_tag?post=46478"}],"curies":[{"name":"wp","href":"https:\/\/api.w.org\/{rel}","templated":true}]}}