{"id":46434,"date":"2026-03-30T20:11:02","date_gmt":"2026-03-30T19:11:02","guid":{"rendered":"https:\/\/bigbuy.tupique.com\/produto\/figure-safta\/"},"modified":"2026-04-15T07:02:58","modified_gmt":"2026-04-15T06:02:58","slug":"figure-safta","status":"publish","type":"product","link":"https:\/\/bigbuy.tupique.com\/es\/produto\/figure-safta\/","title":{"rendered":"Figurine Safta"},"content":{"rendered":"<p>Si vous \u00eates \u00e0 la recherche de nouvelles tendances sur le march\u00e9, nous vous pr\u00e9sentons <b>Figurine Safta<\/b> !<\/p>\n<ul>\n<li>Type: Scolaire<\/li>\n<li>Mati\u00e8re: Papier carton<\/li>\n<li>Couleur: Blue marine<\/li>\n<li>\u00c2ge recommand\u00e9: + 3 ans<\/li>\n<li>Dimensions approx.: 60 x 190 x 38 cm<\/li>\n<\/ul>","protected":false},"excerpt":{"rendered":"<p>Si vous \u00eates \u00e0 la recherche de nouvelles tendances sur le march\u00e9, nous vous pr\u00e9sentons Figurine Safta ! Type: Scolaire Mati\u00e8re: Papier carton Couleur: Blue marine \u00c2ge recommand\u00e9: + 3 ans Dimensions approx.: 60 x 190 x 38 cm<\/p>","protected":false},"featured_media":46433,"comment_status":"open","ping_status":"closed","template":"","meta":[],"product_brand":[128],"product_cat":[157,158,967],"product_tag":[1276],"class_list":{"0":"post-46434","1":"product","2":"type-product","3":"status-publish","4":"has-post-thumbnail","6":"product_brand-brandp_2634","7":"product_cat-jouets-deguisements","8":"product_cat-jouets-et-jeux","9":"product_cat-poupees-et-peluches","10":"product_tag-tag_1305","12":"first","13":"instock","14":"taxable","15":"shipping-taxable","16":"purchasable","17":"product-type-simple"},"_links":{"self":[{"href":"https:\/\/bigbuy.tupique.com\/es\/wp-json\/wp\/v2\/product\/46434","targetHints":{"allow":["GET"]}}],"collection":[{"href":"https:\/\/bigbuy.tupique.com\/es\/wp-json\/wp\/v2\/product"}],"about":[{"href":"https:\/\/bigbuy.tupique.com\/es\/wp-json\/wp\/v2\/types\/product"}],"replies":[{"embeddable":true,"href":"https:\/\/bigbuy.tupique.com\/es\/wp-json\/wp\/v2\/comments?post=46434"}],"wp:featuredmedia":[{"embeddable":true,"href":"https:\/\/bigbuy.tupique.com\/es\/wp-json\/wp\/v2\/media\/46433"}],"wp:attachment":[{"href":"https:\/\/bigbuy.tupique.com\/es\/wp-json\/wp\/v2\/media?parent=46434"}],"wp:term":[{"taxonomy":"product_brand","embeddable":true,"href":"https:\/\/bigbuy.tupique.com\/es\/wp-json\/wp\/v2\/product_brand?post=46434"},{"taxonomy":"product_cat","embeddable":true,"href":"https:\/\/bigbuy.tupique.com\/es\/wp-json\/wp\/v2\/product_cat?post=46434"},{"taxonomy":"product_tag","embeddable":true,"href":"https:\/\/bigbuy.tupique.com\/es\/wp-json\/wp\/v2\/product_tag?post=46434"}],"curies":[{"name":"wp","href":"https:\/\/api.w.org\/{rel}","templated":true}]}}