{"id":45768,"date":"2026-03-30T19:29:03","date_gmt":"2026-03-30T18:29:03","guid":{"rendered":"https:\/\/bigbuy.tupique.com\/produto\/switch-trendnet-tpe-bg5091\/"},"modified":"2026-04-16T10:11:15","modified_gmt":"2026-04-16T09:11:15","slug":"switch-trendnet-tpe-bg5091","status":"publish","type":"product","link":"https:\/\/bigbuy.tupique.com\/es\/produto\/switch-trendnet-tpe-bg5091\/","title":{"rendered":"Switch Trendnet TPE-BG5091"},"content":{"rendered":"<p>Si vous \u00eates \u00e0 la recherche de nouvelles tendances sur le march\u00e9, nous vous pr\u00e9sentons <b>Switch Trendnet TPE-BG5091<\/b> !<\/p>\n<ul>\n<li>Produit \u00e0 brancher: Oui<\/li>\n<li>Type: Switch<\/li>\n<li>Bloc d\u2019Alimentation:\n<ul>\n<li>r\u00e9seau \u00e9lectrique<\/li>\n<li>Cordon d&#8217;alimentation CA<\/li>\n<\/ul>\n<\/li>\n<li>Connexions:\n<ul>\n<li>RJ45<\/li>\n<li>rj45 x 8<\/li>\n<\/ul>\n<\/li>\n<li>Tension:\n<ul>\n<li>100-240 V<\/li>\n<li>100 &#8211; 240 V<\/li>\n<\/ul>\n<\/li>\n<li>Ventillateur: 2<\/li>\n<li>Fr\u00e9quence: 50-60 Hz<\/li>\n<li>Couleur: Noir<\/li>\n<li>Mati\u00e8re: M\u00e9tal<\/li>\n<li>Ports: 9<\/li>\n<li>Connectivit\u00e9:\n<ul>\n<li>PoE<\/li>\n<li>LAN 10\/100\/1000Mbps<\/li>\n<li>2,5 Gigabit Ethernet<\/li>\n<\/ul>\n<\/li>\n<li>consommation d&#8217;\u00e9nergie: 120 W<\/li>\n<li>Fr\u00e9quence d&#8217;entr\u00e9e AC: 50-60 Hz<\/li>\n<li>Largeur: 33 cm<\/li>\n<li>Transmission de donn\u00e9es:\n<ul>\n<li>100 Mbit\/s<\/li>\n<li>1000 Mbit\/s<\/li>\n<li>2000 Mbit\/s<\/li>\n<\/ul>\n<\/li>\n<\/ul>","protected":false},"excerpt":{"rendered":"<p>Si vous \u00eates \u00e0 la recherche de nouvelles tendances sur le march\u00e9, nous vous pr\u00e9sentons Switch Trendnet TPE-BG5091 ! Produit \u00e0 brancher: Oui Type: Switch Bloc d\u2019Alimentation: r\u00e9seau \u00e9lectrique Cordon d&#8217;alimentation CA Connexions: RJ45 rj45 x 8 Tension: 100-240 V 100 &#8211; 240 V Ventillateur: 2 Fr\u00e9quence: 50-60 Hz Couleur: Noir Mati\u00e8re: M\u00e9tal Ports: 9 [&hellip;]<\/p>\n","protected":false},"featured_media":45754,"comment_status":"open","ping_status":"closed","template":"","meta":[],"product_brand":[635],"product_cat":[65,584,585],"product_tag":[106],"class_list":{"0":"post-45768","1":"product","2":"type-product","3":"status-publish","4":"has-post-thumbnail","6":"product_brand-brandp_4777","7":"product_cat-informatique-electronique","8":"product_cat-informatique-reseaux-et-composants","9":"product_cat-switch","10":"product_tag-tag_1295","12":"first","13":"instock","14":"taxable","15":"shipping-taxable","16":"purchasable","17":"product-type-simple"},"_links":{"self":[{"href":"https:\/\/bigbuy.tupique.com\/es\/wp-json\/wp\/v2\/product\/45768","targetHints":{"allow":["GET"]}}],"collection":[{"href":"https:\/\/bigbuy.tupique.com\/es\/wp-json\/wp\/v2\/product"}],"about":[{"href":"https:\/\/bigbuy.tupique.com\/es\/wp-json\/wp\/v2\/types\/product"}],"replies":[{"embeddable":true,"href":"https:\/\/bigbuy.tupique.com\/es\/wp-json\/wp\/v2\/comments?post=45768"}],"wp:featuredmedia":[{"embeddable":true,"href":"https:\/\/bigbuy.tupique.com\/es\/wp-json\/wp\/v2\/media\/45754"}],"wp:attachment":[{"href":"https:\/\/bigbuy.tupique.com\/es\/wp-json\/wp\/v2\/media?parent=45768"}],"wp:term":[{"taxonomy":"product_brand","embeddable":true,"href":"https:\/\/bigbuy.tupique.com\/es\/wp-json\/wp\/v2\/product_brand?post=45768"},{"taxonomy":"product_cat","embeddable":true,"href":"https:\/\/bigbuy.tupique.com\/es\/wp-json\/wp\/v2\/product_cat?post=45768"},{"taxonomy":"product_tag","embeddable":true,"href":"https:\/\/bigbuy.tupique.com\/es\/wp-json\/wp\/v2\/product_tag?post=45768"}],"curies":[{"name":"wp","href":"https:\/\/api.w.org\/{rel}","templated":true}]}}