{"id":45228,"date":"2026-03-30T18:46:45","date_gmt":"2026-03-30T17:46:45","guid":{"rendered":"https:\/\/bigbuy.tupique.com\/produto\/motherboard-msi-amd-am5-amd-amd-x870e\/"},"modified":"2026-04-16T19:46:14","modified_gmt":"2026-04-16T18:46:14","slug":"motherboard-msi-amd-am5-amd-amd-x870e","status":"publish","type":"product","link":"https:\/\/bigbuy.tupique.com\/es\/produto\/motherboard-msi-amd-am5-amd-amd-x870e\/","title":{"rendered":"Carte M\u00e8re MSI AMD AM5 AMD AMD X870E"},"content":{"rendered":"<p>Si vous \u00eates \u00e0 la recherche de nouvelles tendances sur le march\u00e9, nous vous pr\u00e9sentons <b>Carte M\u00e8re MSI AMD AM5 AMD AMD X870E<\/b> !<\/p>\n<p>La <b>MSI MAG X870E TOMAHAWK WIFI<\/b> est une <b>carte m\u00e8re ATX<\/b> con\u00e7ue pour les syst\u00e8mes haute performance avec des processeurs bas\u00e9s sur le socket <b>AMD AM5<\/b>, compatibles avec la derni\u00e8re g\u00e9n\u00e9ration de CPUs AMD. \u00c9quip\u00e9e du chipset <b>AMD X870E<\/b>, cette carte offre une architecture solide, \u00e9quilibrant performance, capacit\u00e9 d\u2019extension et connectivit\u00e9 avanc\u00e9e. Gr\u00e2ce \u00e0 son format <b>ATX<\/b>, elle propose de nombreuses options pour l\u2019installation de composants et une excellente dissipation thermique. Sa compatibilit\u00e9 avec le socket <b>AMD AM5<\/b> en fait une plateforme id\u00e9ale pour exploiter les derni\u00e8res technologies et am\u00e9liorations en puissance et efficacit\u00e9 des processeurs AMD. De plus, elle int\u00e8gre des fonctionnalit\u00e9s de connectivit\u00e9 <b>WIFI<\/b> assurant une connexion sans fil rapide et stable, optimisant l\u2019exp\u00e9rience r\u00e9seau sans c\u00e2bles. Cette carte m\u00e8re est destin\u00e9e \u00e0 la construction de PC haute performance, pour des t\u00e2ches exigeantes comme le gaming, la cr\u00e9ation de contenu ou les stations de travail, offrant un support pour plusieurs configurations m\u00e9moire et d\u2019extension. En r\u00e9sum\u00e9, la <b>MSI MAG X870E TOMAHAWK WIFI<\/b> se distingue comme une solution polyvalente et moderne combinant performance, connectivit\u00e9 et compatibilit\u00e9 avec les derni\u00e8res nouveaut\u00e9s de l\u2019\u00e9cosyst\u00e8me AMD, id\u00e9ale pour les utilisateurs souhaitant un PC puissant et \u00e9volutif.<\/p>\n<ul>\n<li>Type:\n<ul>\n<li>Carte M\u00e8re<\/li>\n<li>Protection pour t\u00e9l\u00e9phone portable<\/li>\n<li>ATX<\/li>\n<\/ul>\n<\/li>\n<li>Processeur: AMD<\/li>\n<li>Chipset:\n<ul>\n<li>AMD AM5<\/li>\n<li>Intel Wi-Fi 6<\/li>\n<li>AMD<\/li>\n<li>AMD X870E<\/li>\n<\/ul>\n<\/li>\n<li>Bluetooth: Oui<\/li>\n<li>Connexions:\n<ul>\n<li>USB-C<\/li>\n<li>USB 2.0<\/li>\n<li>HDMI<\/li>\n<li>HDMI x 1<\/li>\n<li>DisplayPort x 2<\/li>\n<li>Microphone<\/li>\n<li>USB 2.0 x 4<\/li>\n<li>Ethernet LAN<\/li>\n<li>SATA x 4<\/li>\n<li>HDMI 2.1 x 1<\/li>\n<li>USB-C 3.2 x 1<\/li>\n<li>DIMM<\/li>\n<li>2 x USB 3.2 Gen 2 (3.1 Gen 2)<\/li>\n<li>USB 3.2 x 3<\/li>\n<li>USB 3.2 x 1<\/li>\n<li>RJ45 x 1<\/li>\n<\/ul>\n<\/li>\n<li>USB 2.0: 4<\/li>\n<li>Cha\u00eenes:\n<ul>\n<li>2 Cha\u00eenes<\/li>\n<li>7.1<\/li>\n<\/ul>\n<\/li>\n<li>Connectivit\u00e9:\n<ul>\n<li>Wi-Fi 4<\/li>\n<li>Wi-Fi 5 GHz<\/li>\n<li>Bluetooth<\/li>\n<li>Wi-Fi<\/li>\n<\/ul>\n<\/li>\n<li>Type de m\u00e9moire:\n<ul>\n<li>DDR5 SDRAM<\/li>\n<li>DDR5<\/li>\n<\/ul>\n<\/li>\n<li>vitesse:\n<ul>\n<li>4800 MHz<\/li>\n<li>5600 MHz<\/li>\n<\/ul>\n<\/li>\n<li>Long: 30,5 cm<\/li>\n<li>Couleur: Noir<\/li>\n<li>Facteur de forme: ATX<\/li>\n<li>Nombre d&#8217;emplacements m\u00e9moire: 4<\/li>\n<li>Haut-parleurs: 7.1<\/li>\n<li>Compatible:\n<ul>\n<li>HDD\/SSD<\/li>\n<li>PC<\/li>\n<\/ul>\n<\/li>\n<li>Connecteurs: SATA x 4<\/li>\n<li>Socket: AMD AM5<\/li>\n<li>Famille de processeurs: AMD<\/li>\n<\/ul>","protected":false},"excerpt":{"rendered":"<p>Si vous \u00eates \u00e0 la recherche de nouvelles tendances sur le march\u00e9, nous vous pr\u00e9sentons Carte M\u00e8re MSI AMD AM5 AMD AMD X870E ! La MSI MAG X870E TOMAHAWK WIFI est une carte m\u00e8re ATX con\u00e7ue pour les syst\u00e8mes haute performance avec des processeurs bas\u00e9s sur le socket AMD AM5, compatibles avec la derni\u00e8re g\u00e9n\u00e9ration [&hellip;]<\/p>\n","protected":false},"featured_media":45195,"comment_status":"open","ping_status":"closed","template":"","meta":[],"product_brand":[975],"product_cat":[736,65,584],"product_tag":[59,106],"class_list":{"0":"post-45228","1":"product","2":"type-product","3":"status-publish","4":"has-post-thumbnail","6":"product_brand-brandp_565","7":"product_cat-cartes-meres","8":"product_cat-informatique-electronique","9":"product_cat-informatique-reseaux-et-composants","10":"product_tag-tag_1304","11":"product_tag-tag_1295","13":"first","14":"instock","15":"taxable","16":"shipping-taxable","17":"purchasable","18":"product-type-simple"},"_links":{"self":[{"href":"https:\/\/bigbuy.tupique.com\/es\/wp-json\/wp\/v2\/product\/45228","targetHints":{"allow":["GET"]}}],"collection":[{"href":"https:\/\/bigbuy.tupique.com\/es\/wp-json\/wp\/v2\/product"}],"about":[{"href":"https:\/\/bigbuy.tupique.com\/es\/wp-json\/wp\/v2\/types\/product"}],"replies":[{"embeddable":true,"href":"https:\/\/bigbuy.tupique.com\/es\/wp-json\/wp\/v2\/comments?post=45228"}],"wp:featuredmedia":[{"embeddable":true,"href":"https:\/\/bigbuy.tupique.com\/es\/wp-json\/wp\/v2\/media\/45195"}],"wp:attachment":[{"href":"https:\/\/bigbuy.tupique.com\/es\/wp-json\/wp\/v2\/media?parent=45228"}],"wp:term":[{"taxonomy":"product_brand","embeddable":true,"href":"https:\/\/bigbuy.tupique.com\/es\/wp-json\/wp\/v2\/product_brand?post=45228"},{"taxonomy":"product_cat","embeddable":true,"href":"https:\/\/bigbuy.tupique.com\/es\/wp-json\/wp\/v2\/product_cat?post=45228"},{"taxonomy":"product_tag","embeddable":true,"href":"https:\/\/bigbuy.tupique.com\/es\/wp-json\/wp\/v2\/product_tag?post=45228"}],"curies":[{"name":"wp","href":"https:\/\/api.w.org\/{rel}","templated":true}]}}