{"id":45007,"date":"2026-03-30T18:21:13","date_gmt":"2026-03-30T17:21:13","guid":{"rendered":"https:\/\/bigbuy.tupique.com\/produto\/vacuum-cleaner-karcher-se4-white-1000-w\/"},"modified":"2026-04-16T18:35:52","modified_gmt":"2026-04-16T17:35:52","slug":"vacuum-cleaner-karcher-se4-white-1000-w","status":"publish","type":"product","link":"https:\/\/bigbuy.tupique.com\/es\/produto\/vacuum-cleaner-karcher-se4-white-1000-w\/","title":{"rendered":"Aspirateur K\u00e4rcher SE4 Blanc 1000 W"},"content":{"rendered":"<p>Si vous recherchez des \u00e9lectrom\u00e9nagers pour votre maison aux meilleurs prix, ne manquez pas <b>Aspirateur K\u00e4rcher SE4 Blanc 1000 W<\/b> et une large s\u00e9lection de petits \u00e9lectrom\u00e9nagers de qualit\u00e9 !<\/p>\n<p>Le <b>Aspirateur SE4<\/b> de <b>K\u00e4rcher<\/b> est un appareil con\u00e7u pour offrir un nettoyage efficace et polyvalent dans les foyers et petits espaces. Il se distingue par une puissance moteur de <b>1000 W<\/b>, garantissant une aspiration performante pour \u00e9liminer poussi\u00e8re et salet\u00e9 facilement, combin\u00e9e \u00e0 une capacit\u00e9 de r\u00e9servoir de <b>900 ml<\/b>, id\u00e9ale pour des nettoyages rapides sans interruptions fr\u00e9quentes pour vider le contenant. Son design int\u00e8gre un <b>tube t\u00e9lescopique<\/b>, permettant d\u2019ajuster la longueur de l\u2019accessoire pour atteindre ais\u00e9ment les zones difficiles comme les coins, les parties basses des meubles ou les \u00e9tag\u00e8res hautes, facilitant la maniabilit\u00e9 et offrant une bonne ergonomie pendant l\u2019utilisation. L\u2019aspirateur pr\u00e9sente une esth\u00e9tique bicolore en <b>blanc et noir<\/b>, apportant un aspect moderne et discret, adapt\u00e9 \u00e0 tout environnement domestique. Il dispose \u00e9galement d\u2019un interrupteur marche\/arr\u00eat et d\u2019une poign\u00e9e ergonomique assurant une prise en main confortable et s\u00e9curis\u00e9e lors des t\u00e2ches de nettoyage. La combinaison de ces caract\u00e9ristiques positionne le SE4 comme un aspirateur pratique et fonctionnel, adapt\u00e9 aux utilisateurs recherchant une solution fiable et maniable pour les besoins quotidiens de nettoyage. En r\u00e9sum\u00e9, le <b>K\u00e4rcher SE4<\/b> offre un \u00e9quilibre entre puissance, capacit\u00e9 et design ergonomique, pens\u00e9 pour optimiser le nettoyage \u00e0 domicile avec efficacit\u00e9 et confort.<\/p>\n<ul>\n<li>Type:\n<ul>\n<li>Tube t\u00e9lescopique<\/li>\n<li>Aspirateur cylindrique<\/li>\n<li>Aspirateur sans sac<\/li>\n<\/ul>\n<\/li>\n<li>Couleur:\n<ul>\n<li>Noir<\/li>\n<li>Argent\u00e9<\/li>\n<li>Blanc<\/li>\n<\/ul>\n<\/li>\n<li>puissance:\n<ul>\n<li>700 W<\/li>\n<li>1000 W<\/li>\n<\/ul>\n<\/li>\n<li>Capacit\u00e9:\n<ul>\n<li>900 ml<\/li>\n<li>4 L<\/li>\n<\/ul>\n<\/li>\n<li>Longueur du c\u00e2ble:\n<ul>\n<li>7,5 m<\/li>\n<li>6 m<\/li>\n<\/ul>\n<\/li>\n<li>Niveau sonore: 76 dB<\/li>\n<li>\u00c9lev\u00e9: 48 cm<\/li>\n<li>Poids approx.: 7,8 kg<\/li>\n<li>Caract\u00e9ristiques:\n<ul>\n<li>Humide et sec<\/li>\n<li>Interrupteur marche\/arr\u00eat<\/li>\n<li>Poign\u00e9e<\/li>\n<li>Rangement du c\u00e2ble<\/li>\n<\/ul>\n<\/li>\n<li>Longueur du Tuyau: 2 m<\/li>\n<li>Type de commande: Boutons<\/li>\n<\/ul>","protected":false},"excerpt":{"rendered":"<p>Si vous recherchez des \u00e9lectrom\u00e9nagers pour votre maison aux meilleurs prix, ne manquez pas Aspirateur K\u00e4rcher SE4 Blanc 1000 W et une large s\u00e9lection de petits \u00e9lectrom\u00e9nagers de qualit\u00e9 ! Le Aspirateur SE4 de K\u00e4rcher est un appareil con\u00e7u pour offrir un nettoyage efficace et polyvalent dans les foyers et petits espaces. Il se distingue [&hellip;]<\/p>\n","protected":false},"featured_media":44992,"comment_status":"open","ping_status":"closed","template":"","meta":[],"product_brand":[828],"product_cat":[762,239,240],"product_tag":[59,56],"class_list":{"0":"post-45007","1":"product","2":"type-product","3":"status-publish","4":"has-post-thumbnail","6":"product_brand-brandp_1299","7":"product_cat-aspirateurs-et-robots","8":"product_cat-maison-jardin","9":"product_cat-nettoyage-aspirateur-et-repassage","10":"product_tag-tag_1304","11":"product_tag-tag_930","13":"first","14":"instock","15":"taxable","16":"shipping-taxable","17":"purchasable","18":"product-type-simple"},"_links":{"self":[{"href":"https:\/\/bigbuy.tupique.com\/es\/wp-json\/wp\/v2\/product\/45007","targetHints":{"allow":["GET"]}}],"collection":[{"href":"https:\/\/bigbuy.tupique.com\/es\/wp-json\/wp\/v2\/product"}],"about":[{"href":"https:\/\/bigbuy.tupique.com\/es\/wp-json\/wp\/v2\/types\/product"}],"replies":[{"embeddable":true,"href":"https:\/\/bigbuy.tupique.com\/es\/wp-json\/wp\/v2\/comments?post=45007"}],"wp:featuredmedia":[{"embeddable":true,"href":"https:\/\/bigbuy.tupique.com\/es\/wp-json\/wp\/v2\/media\/44992"}],"wp:attachment":[{"href":"https:\/\/bigbuy.tupique.com\/es\/wp-json\/wp\/v2\/media?parent=45007"}],"wp:term":[{"taxonomy":"product_brand","embeddable":true,"href":"https:\/\/bigbuy.tupique.com\/es\/wp-json\/wp\/v2\/product_brand?post=45007"},{"taxonomy":"product_cat","embeddable":true,"href":"https:\/\/bigbuy.tupique.com\/es\/wp-json\/wp\/v2\/product_cat?post=45007"},{"taxonomy":"product_tag","embeddable":true,"href":"https:\/\/bigbuy.tupique.com\/es\/wp-json\/wp\/v2\/product_tag?post=45007"}],"curies":[{"name":"wp","href":"https:\/\/api.w.org\/{rel}","templated":true}]}}