{"id":44991,"date":"2026-03-30T18:20:28","date_gmt":"2026-03-30T17:20:28","guid":{"rendered":"https:\/\/bigbuy.tupique.com\/produto\/vaporeta-steam-cleaner-polti-rollysteam-wd10\/"},"modified":"2026-04-16T20:16:42","modified_gmt":"2026-04-16T19:16:42","slug":"vaporeta-steam-cleaner-polti-rollysteam-wd10","status":"publish","type":"product","link":"https:\/\/bigbuy.tupique.com\/es\/produto\/vaporeta-steam-cleaner-polti-rollysteam-wd10\/","title":{"rendered":"Nettoyeur vapeur Vaporeta POLTI RollySteam WD10"},"content":{"rendered":"<p>Si vous recherchez des \u00e9lectrom\u00e9nagers pour votre maison aux meilleurs prix, ne manquez pas <b>Nettoyeur vapeur Vaporeta POLTI RollySteam WD10<\/b> et une large s\u00e9lection de petits \u00e9lectrom\u00e9nagers de qualit\u00e9 !<\/p>\n<p>La <b>vapeur<\/b> <b>POLTI WD10<\/b> est une solution efficace et polyvalente pour le nettoyage domestique, combinant la puissance de la vapeur avec la fonctionnalit\u00e9 d\u2019un <b>aspirateur balai<\/b> dans un seul appareil compact. Ce mod\u00e8le se distingue par sa <b>puissance de 750 W<\/b>, assurant une production de vapeur constante et performante, id\u00e9ale pour d\u00e9sinfecter et \u00e9liminer la salet\u00e9 tenace sur diverses surfaces sans recourir \u00e0 des produits chimiques agressifs. Son <b>r\u00e9servoir d\u2019eau<\/b>, dont la capacit\u00e9 varie selon la documentation (entre 0,6 et 0,8 litre), garantit une autonomie suffisante pour nettoyer sols, tapis, cuisines et salles de bains, contribuant \u00e0 un environnement plus sain. La vapeur est \u00e9quip\u00e9e d\u2019un <b>\u00e9cran int\u00e9gr\u00e9<\/b> fournissant des informations en temps r\u00e9el sur les r\u00e9glages et le fonctionnement, ce qui facilite son utilisation, m\u00eame pour ceux qui recherchent un appareil intuitif. Son <b>poign\u00e9e ergonomique<\/b> et ses <b>roues<\/b> robustes offrent mobilit\u00e9 et confort pendant le nettoyage, permettant des d\u00e9placements ais\u00e9s m\u00eame dans de grands espaces ou autour d\u2019obstacles. Fabriqu\u00e9 en <b>Chine<\/b> et arborant une combinaison de couleurs <b>blanc et noir<\/b>, ce mod\u00e8le pr\u00e9sente un design fonctionnel, attrayant et facile \u00e0 int\u00e9grer dans tout int\u00e9rieur. L\u2019alimentation par <b>secteur<\/b> assure une autonomie prolong\u00e9e par rapport aux appareils \u00e0 batterie, faisant du POLTI WD10 un choix pratique pour un nettoyage en profondeur et r\u00e9gulier \u00e0 la maison. En r\u00e9sum\u00e9, cette vapeur allie polyvalence, puissance et simplicit\u00e9 d\u2019utilisation, se positionnant comme un outil efficace pour ceux qui recherchent des r\u00e9sultats optimaux au quotidien.<\/p>\n<ul>\n<li>Produit \u00e0 brancher: Oui<\/li>\n<li>Type: Aspirateur balai<\/li>\n<li>Aspiration: 7000 pa<\/li>\n<li>Couleur:\n<ul>\n<li>Blanc<\/li>\n<li>Noir<\/li>\n<\/ul>\n<\/li>\n<li>Caract\u00e9ristiques:\n<ul>\n<li>Avec des roues<\/li>\n<li>Poign\u00e9e ergonomique<\/li>\n<li>R\u00e9servoir \u00e0 Poussi\u00e8re avec Filtre HEPA<\/li>\n<li>Filtre HEPA<\/li>\n<li>Nettoyage \u00e0 sec et \u00e0 l&#8217;eau<\/li>\n<\/ul>\n<\/li>\n<li>Capacit\u00e9: 600 ml<\/li>\n<li>Bloc d\u2019Alimentation: r\u00e9seau \u00e9lectrique<\/li>\n<li>Inclut: Manuel d\u2019utilisation<\/li>\n<li>Filtre: HEPA<\/li>\n<\/ul>","protected":false},"excerpt":{"rendered":"<p>Si vous recherchez des \u00e9lectrom\u00e9nagers pour votre maison aux meilleurs prix, ne manquez pas Nettoyeur vapeur Vaporeta POLTI RollySteam WD10 et une large s\u00e9lection de petits \u00e9lectrom\u00e9nagers de qualit\u00e9 ! La vapeur POLTI WD10 est une solution efficace et polyvalente pour le nettoyage domestique, combinant la puissance de la vapeur avec la fonctionnalit\u00e9 d\u2019un aspirateur [&hellip;]<\/p>\n","protected":false},"featured_media":44985,"comment_status":"open","ping_status":"closed","template":"","meta":[],"product_brand":[799],"product_cat":[762,239,240],"product_tag":[59,56,210],"class_list":{"0":"post-44991","1":"product","2":"type-product","3":"status-publish","4":"has-post-thumbnail","6":"product_brand-brandp_957","7":"product_cat-aspirateurs-et-robots","8":"product_cat-maison-jardin","9":"product_cat-nettoyage-aspirateur-et-repassage","10":"product_tag-tag_1304","11":"product_tag-tag_930","12":"product_tag-tag_25","14":"first","15":"instock","16":"taxable","17":"shipping-taxable","18":"purchasable","19":"product-type-simple"},"_links":{"self":[{"href":"https:\/\/bigbuy.tupique.com\/es\/wp-json\/wp\/v2\/product\/44991","targetHints":{"allow":["GET"]}}],"collection":[{"href":"https:\/\/bigbuy.tupique.com\/es\/wp-json\/wp\/v2\/product"}],"about":[{"href":"https:\/\/bigbuy.tupique.com\/es\/wp-json\/wp\/v2\/types\/product"}],"replies":[{"embeddable":true,"href":"https:\/\/bigbuy.tupique.com\/es\/wp-json\/wp\/v2\/comments?post=44991"}],"wp:featuredmedia":[{"embeddable":true,"href":"https:\/\/bigbuy.tupique.com\/es\/wp-json\/wp\/v2\/media\/44985"}],"wp:attachment":[{"href":"https:\/\/bigbuy.tupique.com\/es\/wp-json\/wp\/v2\/media?parent=44991"}],"wp:term":[{"taxonomy":"product_brand","embeddable":true,"href":"https:\/\/bigbuy.tupique.com\/es\/wp-json\/wp\/v2\/product_brand?post=44991"},{"taxonomy":"product_cat","embeddable":true,"href":"https:\/\/bigbuy.tupique.com\/es\/wp-json\/wp\/v2\/product_cat?post=44991"},{"taxonomy":"product_tag","embeddable":true,"href":"https:\/\/bigbuy.tupique.com\/es\/wp-json\/wp\/v2\/product_tag?post=44991"}],"curies":[{"name":"wp","href":"https:\/\/api.w.org\/{rel}","templated":true}]}}