{"id":44962,"date":"2026-03-30T18:19:11","date_gmt":"2026-03-30T17:19:11","guid":{"rendered":"https:\/\/bigbuy.tupique.com\/produto\/hole-saw-stanley-sm1800-qs\/"},"modified":"2026-05-11T20:01:25","modified_gmt":"2026-05-11T18:01:25","slug":"hole-saw-stanley-sm1800-qs","status":"publish","type":"product","link":"https:\/\/bigbuy.tupique.com\/es\/produto\/hole-saw-stanley-sm1800-qs\/","title":{"rendered":"Scie cloche Stanley SM1800-QS"},"content":{"rendered":"<p>Si vous \u00eates \u00e0 la recherche de nouvelles tendances sur le march\u00e9, nous vous pr\u00e9sentons <b>Scie cloche Stanley SM1800-QS<\/b> !<\/p>\n<ul>\n<li>puissance: 1800 W<\/li>\n<li>diam\u00e8tre approx.:\n<ul>\n<li>\u00d8 30 mm<\/li>\n<li>254 mm<\/li>\n<\/ul>\n<\/li>\n<li>Profondeur: 254 mm<\/li>\n<li>Couleur: Jaune<\/li>\n<li>Dimensions approx.: 50 x 45 x 89 cm<\/li>\n<\/ul>","protected":false},"excerpt":{"rendered":"<p>Si vous \u00eates \u00e0 la recherche de nouvelles tendances sur le march\u00e9, nous vous pr\u00e9sentons Scie cloche Stanley SM1800-QS ! puissance: 1800 W diam\u00e8tre approx.: \u00d8 30 mm 254 mm Profondeur: 254 mm Couleur: Jaune Dimensions approx.: 50 x 45 x 89 cm<\/p>","protected":false},"featured_media":192805,"comment_status":"open","ping_status":"closed","template":"","meta":[],"product_brand":[833],"product_cat":[613,239],"product_tag":[59,210],"class_list":{"0":"post-44962","1":"product","2":"type-product","3":"status-publish","4":"has-post-thumbnail","6":"product_brand-brandp_3090","7":"product_cat-bricolage-et-materiel","8":"product_cat-maison-jardin","9":"product_tag-tag_1304","10":"product_tag-tag_25","12":"first","13":"instock","14":"taxable","15":"shipping-taxable","16":"purchasable","17":"product-type-simple"},"_links":{"self":[{"href":"https:\/\/bigbuy.tupique.com\/es\/wp-json\/wp\/v2\/product\/44962","targetHints":{"allow":["GET"]}}],"collection":[{"href":"https:\/\/bigbuy.tupique.com\/es\/wp-json\/wp\/v2\/product"}],"about":[{"href":"https:\/\/bigbuy.tupique.com\/es\/wp-json\/wp\/v2\/types\/product"}],"replies":[{"embeddable":true,"href":"https:\/\/bigbuy.tupique.com\/es\/wp-json\/wp\/v2\/comments?post=44962"}],"wp:featuredmedia":[{"embeddable":true,"href":"https:\/\/bigbuy.tupique.com\/es\/wp-json\/wp\/v2\/media\/192805"}],"wp:attachment":[{"href":"https:\/\/bigbuy.tupique.com\/es\/wp-json\/wp\/v2\/media?parent=44962"}],"wp:term":[{"taxonomy":"product_brand","embeddable":true,"href":"https:\/\/bigbuy.tupique.com\/es\/wp-json\/wp\/v2\/product_brand?post=44962"},{"taxonomy":"product_cat","embeddable":true,"href":"https:\/\/bigbuy.tupique.com\/es\/wp-json\/wp\/v2\/product_cat?post=44962"},{"taxonomy":"product_tag","embeddable":true,"href":"https:\/\/bigbuy.tupique.com\/es\/wp-json\/wp\/v2\/product_tag?post=44962"}],"curies":[{"name":"wp","href":"https:\/\/api.w.org\/{rel}","templated":true}]}}