{"id":44805,"date":"2026-03-30T18:08:09","date_gmt":"2026-03-30T17:08:09","guid":{"rendered":"https:\/\/bigbuy.tupique.com\/produto\/monitor-aoc-cs24a-full-hd-241\/"},"modified":"2026-04-15T07:01:30","modified_gmt":"2026-04-15T06:01:30","slug":"monitor-aoc-cs24a-full-hd-241","status":"publish","type":"product","link":"https:\/\/bigbuy.tupique.com\/es\/produto\/monitor-aoc-cs24a-full-hd-241\/","title":{"rendered":"\u00c9cran AOC CS24A Full HD 24,1&#8243;"},"content":{"rendered":"<p>Si vous \u00eates \u00e0 la recherche de nouvelles tendances sur le march\u00e9, nous vous pr\u00e9sentons <b>\u00c9cran AOC CS24A Full HD 24,1&#8243;<\/b> !<\/p>\n<ul>\n<li>Diagonale de l&#8217;\u00e9cran (cm): 61,2 cm<\/li>\n<li>Type:\n<ul>\n<li>\u00c9cran<\/li>\n<li>Axe<\/li>\n<\/ul>\n<\/li>\n<li>Produit \u00e0 brancher: Oui<\/li>\n<li>Type de prise: Prise EU<\/li>\n<li>Bloc d\u2019Alimentation: r\u00e9seau \u00e9lectrique<\/li>\n<li>Couleur: Noir<\/li>\n<li>Temps de r\u00e9ponse: 0,5 ms<\/li>\n<li>VESA: 10 x 10 cm<\/li>\n<li>Brille: 500 cd\/m2<\/li>\n<li>Ecran: 24,1&#8243;<\/li>\n<li>Classification \u00e9nerg\u00e9tique: E<\/li>\n<li>R\u00e9solution: Full HD<\/li>\n<li>Rapport d&#8217;aspect: 16:9<\/li>\n<li>Connexions:\n<ul>\n<li>HDMI<\/li>\n<li>DisplayPort<\/li>\n<li>2<\/li>\n<li>USB<\/li>\n<li>HDCP<\/li>\n<li>HDMI 2.1 x 1<\/li>\n<li>USB A x 4<\/li>\n<li>DisplayPort 1.4<\/li>\n<li>DisplayPort x 1<\/li>\n<li>HDMI x 2<\/li>\n<\/ul>\n<\/li>\n<li>Caract\u00e9ristiques:\n<ul>\n<li>Plaque Tournante<\/li>\n<li>R\u00e9glable<\/li>\n<li>Collecteur de c\u00e2bles<\/li>\n<li>HDR<\/li>\n<li>Inclinaison r\u00e9glable<\/li>\n<li>D\u00e9montable<\/li>\n<li>\u00c9cran plat<\/li>\n<\/ul>\n<\/li>\n<li>R\u00e9solution (px): 1920 x 1080 px<\/li>\n<li>Technologie:\n<ul>\n<li>LED<\/li>\n<li>Flicker free<\/li>\n<li>NVIDIA G-SYNC<\/li>\n<\/ul>\n<\/li>\n<li>Largeur: 65 cm<\/li>\n<li>Rapport de contraste: 1000:1<\/li>\n<li>Ports: 1<\/li>\n<li>Compatible: VESA<\/li>\n<li>Inclinaison: -90 \/ 90\u00b0<\/li>\n<li>Utilisation recommand\u00e9e: Jeux<\/li>\n<li>consommation d&#8217;\u00e9nergie: 30 kWh<\/li>\n<li>Ecran tactile: Non<\/li>\n<li>Inclut: Sortie d&#8217;\u00e9couteurs<\/li>\n<li>Connecteurs: Kensington<\/li>\n<\/ul>","protected":false},"excerpt":{"rendered":"<p>Si vous \u00eates \u00e0 la recherche de nouvelles tendances sur le march\u00e9, nous vous pr\u00e9sentons \u00c9cran AOC CS24A Full HD 24,1&#8243; ! Diagonale de l&#8217;\u00e9cran (cm): 61,2 cm Type: \u00c9cran Axe Produit \u00e0 brancher: Oui Type de prise: Prise EU Bloc d\u2019Alimentation: r\u00e9seau \u00e9lectrique Couleur: Noir Temps de r\u00e9ponse: 0,5 ms VESA: 10 x 10 [&hellip;]<\/p>\n","protected":false},"featured_media":44777,"comment_status":"open","ping_status":"closed","template":"","meta":[],"product_brand":[1000],"product_cat":[65,581,616],"product_tag":[213,106],"class_list":{"0":"post-44805","1":"product","2":"type-product","3":"status-publish","4":"has-post-thumbnail","6":"product_brand-brandp_4564","7":"product_cat-informatique-electronique","8":"product_cat-informatique-peripheriques-et-consommables","9":"product_cat-moniteurs","10":"product_tag-tag_933","11":"product_tag-tag_1295","13":"first","14":"instock","15":"taxable","16":"shipping-taxable","17":"purchasable","18":"product-type-simple"},"_links":{"self":[{"href":"https:\/\/bigbuy.tupique.com\/es\/wp-json\/wp\/v2\/product\/44805","targetHints":{"allow":["GET"]}}],"collection":[{"href":"https:\/\/bigbuy.tupique.com\/es\/wp-json\/wp\/v2\/product"}],"about":[{"href":"https:\/\/bigbuy.tupique.com\/es\/wp-json\/wp\/v2\/types\/product"}],"replies":[{"embeddable":true,"href":"https:\/\/bigbuy.tupique.com\/es\/wp-json\/wp\/v2\/comments?post=44805"}],"wp:featuredmedia":[{"embeddable":true,"href":"https:\/\/bigbuy.tupique.com\/es\/wp-json\/wp\/v2\/media\/44777"}],"wp:attachment":[{"href":"https:\/\/bigbuy.tupique.com\/es\/wp-json\/wp\/v2\/media?parent=44805"}],"wp:term":[{"taxonomy":"product_brand","embeddable":true,"href":"https:\/\/bigbuy.tupique.com\/es\/wp-json\/wp\/v2\/product_brand?post=44805"},{"taxonomy":"product_cat","embeddable":true,"href":"https:\/\/bigbuy.tupique.com\/es\/wp-json\/wp\/v2\/product_cat?post=44805"},{"taxonomy":"product_tag","embeddable":true,"href":"https:\/\/bigbuy.tupique.com\/es\/wp-json\/wp\/v2\/product_tag?post=44805"}],"curies":[{"name":"wp","href":"https:\/\/api.w.org\/{rel}","templated":true}]}}