{"id":44555,"date":"2026-03-30T17:47:20","date_gmt":"2026-03-30T16:47:20","guid":{"rendered":"https:\/\/bigbuy.tupique.com\/produto\/smartphone-apple-iphone-air-65-hexa-core-12-gb-ram-512-gb-white\/"},"modified":"2026-05-11T19:55:43","modified_gmt":"2026-05-11T17:55:43","slug":"smartphone-apple-iphone-air-65-hexa-core-12-gb-ram-512-gb-white","status":"publish","type":"product","link":"https:\/\/bigbuy.tupique.com\/es\/produto\/smartphone-apple-iphone-air-65-hexa-core-12-gb-ram-512-gb-white\/","title":{"rendered":"Smartphone Apple iPhone Air 6,5&#8243; Hexa Core 12 GB RAM 512 GB Blanc"},"content":{"rendered":"<p>Si vous \u00eates passionn\u00e9 d&#8217;<b>informatique et d&#8217;\u00e9lectronique<\/b>, si vous \u00eates \u00e0 la pointe de la technologie et qu&#8217;aucun d\u00e9tail ne vous \u00e9chappe, achetez <b>Smartphone Apple iPhone Air 6,5&#8243; Hexa Core 12 GB RAM 512 GB Blanc<\/b> au meilleur prix.<\/p>\n<p>L\u2019<b>Air 512GB<\/b> d\u2019Apple est un <b>smartphone<\/b> con\u00e7u pour ceux qui privil\u00e9gient la capacit\u00e9 de stockage et la sophistication technologique dans leur appareil mobile. Il dispose d\u2019un <b>\u00e9cran de 6,5 pouces<\/b> adapt\u00e9 aussi bien \u00e0 la consommation de contenus multim\u00e9dias qu\u2019\u00e0 la productivit\u00e9 quotidienne, offrant une visualisation nette et immersive. Son principal atout r\u00e9side dans ses <b>512 Go de stockage interne<\/b>, un espace largement suffisant pour conserver de grandes quantit\u00e9s de photos haute r\u00e9solution, de vid\u00e9os 4K et d\u2019applications exigeantes sans contrainte d\u2019espace. Arborant une finition \u00e9l\u00e9gante en <b>blanc<\/b>, ce mod\u00e8le int\u00e8gre des technologies avanc\u00e9es telles que le <b>GPS<\/b> pour une navigation pr\u00e9cise, un <b>barom\u00e8tre<\/b> pour la surveillance environnementale, et un <b>capteur de lumi\u00e8re ambiante<\/b> qui ajuste automatiquement la luminosit\u00e9 de l\u2019\u00e9cran pour am\u00e9liorer la visibilit\u00e9 et le confort visuel selon les situations. Il propose \u00e9galement des fonctionnalit\u00e9s comme la <b>visiophonie<\/b> et la prise en charge du <b>HDR<\/b> pour ses images, optimisant ainsi la qualit\u00e9 des appels vid\u00e9o et la capture de photos avec une plage dynamique \u00e9tendue. Son design associe l\u2019esth\u00e9tique distinctive d\u2019Apple \u00e0 la robustesse et aux performances attendues dans le haut de gamme, en faisant une excellente alternative pour les utilisateurs recherchant un appareil \u00e9quilibr\u00e9, performant et \u00e0 la pointe de la technologie. Avec ce mod\u00e8le, Apple affirme clairement son engagement pour l\u2019int\u00e9gration de grandes capacit\u00e9s et de fonctionnalit\u00e9s modernes au quotidien.<\/p>\n<ul>\n<li>Ecran: 6,5&#8243;<\/li>\n<li>Syst\u00e8me d&#8217;exploitation: iOS<\/li>\n<li>puissance: 20 W<\/li>\n<li>Connectivit\u00e9:\n<ul>\n<li>NFC<\/li>\n<li>Bluetooth<\/li>\n<li>Wi-Fi<\/li>\n<li>BeiDou<\/li>\n<li>5G<\/li>\n<li>Positionnement de Wi-Fi<\/li>\n<li>eSIM<\/li>\n<\/ul>\n<\/li>\n<li>Cam\u00e9ra\/Appareil Photo:\n<ul>\n<li>48 MP<\/li>\n<li>Frontal<\/li>\n<li>Arri\u00e8re<\/li>\n<\/ul>\n<\/li>\n<li>Connexions:\n<ul>\n<li>USB-C<\/li>\n<li>USB<\/li>\n<li>USB 2.0<\/li>\n<\/ul>\n<\/li>\n<li>Processeur:\n<ul>\n<li>Hexa Core<\/li>\n<li>A19 Pro<\/li>\n<\/ul>\n<\/li>\n<li>M\u00e9moire RAM: 12 GB RAM<\/li>\n<li>M\u00e9moire interne: 512 GB<\/li>\n<li>Couleur: Blanc<\/li>\n<li>Caract\u00e9ristiques:\n<ul>\n<li>GPS<\/li>\n<li>Barom\u00e8tre<\/li>\n<li>Capteur de lumi\u00e8re ambiante<\/li>\n<li>Appel vid\u00e9o<\/li>\n<li>HDR<\/li>\n<li>Autofocus<\/li>\n<li>Activation vocale<\/li>\n<li>Guide d&#8217;installation inclus<\/li>\n<li>Chargement rapide et fiable<\/li>\n<li>SMS<\/li>\n<li>Chargeur sans fil<\/li>\n<li>Stabilisateur d&#8217;image<\/li>\n<li>Capteur de proximit\u00e9<\/li>\n<li>\u00c9cran avec coins arrondis<\/li>\n<li>\u00c9cran plat<\/li>\n<\/ul>\n<\/li>\n<li>Zoom Num\u00e9rique: 10x<\/li>\n<li>Classification \u00e9nerg\u00e9tique: A<\/li>\n<li>Capteurs:\n<ul>\n<li>Acc\u00e9l\u00e9rom\u00e8tre<\/li>\n<li>Gyroscope<\/li>\n<li>Magn\u00e9tique<\/li>\n<\/ul>\n<\/li>\n<li>Inclut: Haut-parleur<\/li>\n<li>3D: Non<\/li>\n<li>Fonctions:\n<ul>\n<li>ECO<\/li>\n<li>G\u00e9olocalisation<\/li>\n<li>Vibration<\/li>\n<\/ul>\n<\/li>\n<li>Technologie:\n<ul>\n<li>Mime<\/li>\n<li>Glonass<\/li>\n<li>OLED<\/li>\n<\/ul>\n<\/li>\n<li>Type: Dual SIM<\/li>\n<li>Brille: 1000 cd\/m\u00b2<\/li>\n<li>Non Inclus: Adaptateur AC<\/li>\n<li>Fr\u00e9quence: 120 Hz<\/li>\n<li>Flash: Non<\/li>\n<li>Type de batterie: Litio Ion<\/li>\n<li>Noyaux:\n<ul>\n<li>6 Noyaux<\/li>\n<li>16 Noyaux<\/li>\n<\/ul>\n<\/li>\n<li>R\u00e9solution (px):\n<ul>\n<li>3840 x 2160 px<\/li>\n<li>2160 px<\/li>\n<\/ul>\n<\/li>\n<\/ul>","protected":false},"excerpt":{"rendered":"<p>Si vous \u00eates passionn\u00e9 d&#8217;informatique et d&#8217;\u00e9lectronique, si vous \u00eates \u00e0 la pointe de la technologie et qu&#8217;aucun d\u00e9tail ne vous \u00e9chappe, achetez Smartphone Apple iPhone Air 6,5&#8243; Hexa Core 12 GB RAM 512 GB Blanc au meilleur prix. L\u2019Air 512GB d\u2019Apple est un smartphone con\u00e7u pour ceux qui privil\u00e9gient la capacit\u00e9 de stockage et [&hellip;]<\/p>\n","protected":false},"featured_media":164474,"comment_status":"open","ping_status":"closed","template":"","meta":[],"product_brand":[979],"product_cat":[575,65,960],"product_tag":[213,566,106],"class_list":{"0":"post-44555","1":"product","2":"type-product","3":"status-publish","4":"has-post-thumbnail","6":"product_brand-brandp_533","7":"product_cat-electronique-telephonie-et-tablettes","8":"product_cat-informatique-electronique","9":"product_cat-telephones-portables","10":"product_tag-tag_933","11":"product_tag-tag_547","12":"product_tag-tag_1295","14":"first","15":"instock","16":"taxable","17":"shipping-taxable","18":"purchasable","19":"product-type-simple"},"_links":{"self":[{"href":"https:\/\/bigbuy.tupique.com\/es\/wp-json\/wp\/v2\/product\/44555","targetHints":{"allow":["GET"]}}],"collection":[{"href":"https:\/\/bigbuy.tupique.com\/es\/wp-json\/wp\/v2\/product"}],"about":[{"href":"https:\/\/bigbuy.tupique.com\/es\/wp-json\/wp\/v2\/types\/product"}],"replies":[{"embeddable":true,"href":"https:\/\/bigbuy.tupique.com\/es\/wp-json\/wp\/v2\/comments?post=44555"}],"wp:featuredmedia":[{"embeddable":true,"href":"https:\/\/bigbuy.tupique.com\/es\/wp-json\/wp\/v2\/media\/164474"}],"wp:attachment":[{"href":"https:\/\/bigbuy.tupique.com\/es\/wp-json\/wp\/v2\/media?parent=44555"}],"wp:term":[{"taxonomy":"product_brand","embeddable":true,"href":"https:\/\/bigbuy.tupique.com\/es\/wp-json\/wp\/v2\/product_brand?post=44555"},{"taxonomy":"product_cat","embeddable":true,"href":"https:\/\/bigbuy.tupique.com\/es\/wp-json\/wp\/v2\/product_cat?post=44555"},{"taxonomy":"product_tag","embeddable":true,"href":"https:\/\/bigbuy.tupique.com\/es\/wp-json\/wp\/v2\/product_tag?post=44555"}],"curies":[{"name":"wp","href":"https:\/\/api.w.org\/{rel}","templated":true}]}}