{"id":44404,"date":"2026-03-30T17:34:06","date_gmt":"2026-03-30T16:34:06","guid":{"rendered":"https:\/\/bigbuy.tupique.com\/produto\/external-hard-drive-seagate-stkp22000400-black-22-tb\/"},"modified":"2026-05-11T20:00:20","modified_gmt":"2026-05-11T18:00:20","slug":"external-hard-drive-seagate-stkp22000400-black-22-tb","status":"publish","type":"product","link":"https:\/\/bigbuy.tupique.com\/es\/produto\/external-hard-drive-seagate-stkp22000400-black-22-tb\/","title":{"rendered":"Disque Dur Externe Seagate STKP22000400 Noir 22 TB"},"content":{"rendered":"<p>Si vous \u00eates \u00e0 la recherche de nouvelles tendances sur le march\u00e9, nous vous pr\u00e9sentons <b>Disque Dur Externe Seagate STKP22000400 Noir 22 TB<\/b> !<\/p>\n<ul>\n<li>Type: Disque Dur Externe<\/li>\n<li>Couleur: Noir<\/li>\n<li>Connexions:\n<ul>\n<li>USB 3.2<\/li>\n<li>USB<\/li>\n<\/ul>\n<\/li>\n<li>Compatible:\n<ul>\n<li>Windows<\/li>\n<li>macOS<\/li>\n<\/ul>\n<\/li>\n<li>Taille: 3,5&#8243;<\/li>\n<li>Non Inclus: Wi-Fi<\/li>\n<li>puissance: 50 W<\/li>\n<li>Disque dur: 22 TB<\/li>\n<\/ul>","protected":false},"excerpt":{"rendered":"<p>Si vous \u00eates \u00e0 la recherche de nouvelles tendances sur le march\u00e9, nous vous pr\u00e9sentons Disque Dur Externe Seagate STKP22000400 Noir 22 TB ! Type: Disque Dur Externe Couleur: Noir Connexions: USB 3.2 USB Compatible: Windows macOS Taille: 3,5&#8243; Non Inclus: Wi-Fi puissance: 50 W Disque dur: 22 TB<\/p>","protected":false},"featured_media":44387,"comment_status":"open","ping_status":"closed","template":"","meta":[],"product_brand":[641],"product_cat":[588,65,584],"product_tag":[106],"class_list":{"0":"post-44404","1":"product","2":"type-product","3":"status-publish","4":"has-post-thumbnail","6":"product_brand-brandp_578","7":"product_cat-disques-durs","8":"product_cat-informatique-electronique","9":"product_cat-informatique-reseaux-et-composants","10":"product_tag-tag_1295","12":"first","13":"instock","14":"taxable","15":"shipping-taxable","16":"purchasable","17":"product-type-simple"},"_links":{"self":[{"href":"https:\/\/bigbuy.tupique.com\/es\/wp-json\/wp\/v2\/product\/44404","targetHints":{"allow":["GET"]}}],"collection":[{"href":"https:\/\/bigbuy.tupique.com\/es\/wp-json\/wp\/v2\/product"}],"about":[{"href":"https:\/\/bigbuy.tupique.com\/es\/wp-json\/wp\/v2\/types\/product"}],"replies":[{"embeddable":true,"href":"https:\/\/bigbuy.tupique.com\/es\/wp-json\/wp\/v2\/comments?post=44404"}],"wp:featuredmedia":[{"embeddable":true,"href":"https:\/\/bigbuy.tupique.com\/es\/wp-json\/wp\/v2\/media\/44387"}],"wp:attachment":[{"href":"https:\/\/bigbuy.tupique.com\/es\/wp-json\/wp\/v2\/media?parent=44404"}],"wp:term":[{"taxonomy":"product_brand","embeddable":true,"href":"https:\/\/bigbuy.tupique.com\/es\/wp-json\/wp\/v2\/product_brand?post=44404"},{"taxonomy":"product_cat","embeddable":true,"href":"https:\/\/bigbuy.tupique.com\/es\/wp-json\/wp\/v2\/product_cat?post=44404"},{"taxonomy":"product_tag","embeddable":true,"href":"https:\/\/bigbuy.tupique.com\/es\/wp-json\/wp\/v2\/product_tag?post=44404"}],"curies":[{"name":"wp","href":"https:\/\/api.w.org\/{rel}","templated":true}]}}