{"id":44221,"date":"2026-03-30T17:16:28","date_gmt":"2026-03-30T16:16:28","guid":{"rendered":"https:\/\/bigbuy.tupique.com\/produto\/surveillance-camcorder-link2home-2-units\/"},"modified":"2026-04-16T16:00:39","modified_gmt":"2026-04-16T15:00:39","slug":"surveillance-camcorder-link2home-2-units","status":"publish","type":"product","link":"https:\/\/bigbuy.tupique.com\/es\/produto\/surveillance-camcorder-link2home-2-units\/","title":{"rendered":"Camescope de surveillance LINK2HOME  2 Unit\u00e9s"},"content":{"rendered":"<p>Si vous \u00eates \u00e0 la recherche de nouvelles tendances sur le march\u00e9, nous vous pr\u00e9sentons <b>Camescope de surveillance LINK2HOME  2 Unit\u00e9s<\/b> !<\/p>\n<ul>\n<li>Unit\u00e9s: 2 Unit\u00e9s<\/li>\n<li>Caract\u00e9ristiques: \u00c9cran LCD<\/li>\n<li>Connectivit\u00e9: Wi-Fi<\/li>\n<li>Type:\n<ul>\n<li>Camescope de surveillance<\/li>\n<li>Cam\u00e9scope<\/li>\n<\/ul>\n<\/li>\n<li>Dimensions approx.: 30 x 14 x 21 cm<\/li>\n<\/ul>","protected":false},"excerpt":{"rendered":"<p><span class=\"unit-info\">204.9950 &euro; \/ 1 unit<\/span><\/p>","protected":false},"featured_media":44217,"comment_status":"open","ping_status":"closed","template":"","meta":[],"product_brand":[122],"product_cat":[580,239,579],"product_tag":[567,59,210],"class_list":{"0":"post-44221","1":"product","2":"type-product","3":"status-publish","4":"has-post-thumbnail","6":"product_brand-brandp_2386","7":"product_cat-cameras-de-surveillance-video","8":"product_cat-maison-jardin","9":"product_cat-securite-a-la-maison","10":"product_tag-tag_556","11":"product_tag-tag_1304","12":"product_tag-tag_25","14":"first","15":"instock","16":"taxable","17":"shipping-taxable","18":"purchasable","19":"product-type-simple"},"_links":{"self":[{"href":"https:\/\/bigbuy.tupique.com\/es\/wp-json\/wp\/v2\/product\/44221","targetHints":{"allow":["GET"]}}],"collection":[{"href":"https:\/\/bigbuy.tupique.com\/es\/wp-json\/wp\/v2\/product"}],"about":[{"href":"https:\/\/bigbuy.tupique.com\/es\/wp-json\/wp\/v2\/types\/product"}],"replies":[{"embeddable":true,"href":"https:\/\/bigbuy.tupique.com\/es\/wp-json\/wp\/v2\/comments?post=44221"}],"wp:featuredmedia":[{"embeddable":true,"href":"https:\/\/bigbuy.tupique.com\/es\/wp-json\/wp\/v2\/media\/44217"}],"wp:attachment":[{"href":"https:\/\/bigbuy.tupique.com\/es\/wp-json\/wp\/v2\/media?parent=44221"}],"wp:term":[{"taxonomy":"product_brand","embeddable":true,"href":"https:\/\/bigbuy.tupique.com\/es\/wp-json\/wp\/v2\/product_brand?post=44221"},{"taxonomy":"product_cat","embeddable":true,"href":"https:\/\/bigbuy.tupique.com\/es\/wp-json\/wp\/v2\/product_cat?post=44221"},{"taxonomy":"product_tag","embeddable":true,"href":"https:\/\/bigbuy.tupique.com\/es\/wp-json\/wp\/v2\/product_tag?post=44221"}],"curies":[{"name":"wp","href":"https:\/\/api.w.org\/{rel}","templated":true}]}}