{"id":44212,"date":"2026-03-30T17:16:10","date_gmt":"2026-03-30T16:16:10","guid":{"rendered":"https:\/\/bigbuy.tupique.com\/produto\/monitor-samsung-lh86wafwlgcxen-4k-ultra-hd-86\/"},"modified":"2026-05-11T20:00:27","modified_gmt":"2026-05-11T18:00:27","slug":"monitor-samsung-lh86wafwlgcxen-4k-ultra-hd-86","status":"publish","type":"product","link":"https:\/\/bigbuy.tupique.com\/es\/produto\/monitor-samsung-lh86wafwlgcxen-4k-ultra-hd-86\/","title":{"rendered":"\u00c9cran Samsung LH86WAFWLGCXEN 4K Ultra HD 86&#8243;"},"content":{"rendered":"<p>Si vous \u00eates passionn\u00e9 d&#8217;<b>informatique et d&#8217;\u00e9lectronique<\/b>, si vous \u00eates \u00e0 la pointe de la technologie et qu&#8217;aucun d\u00e9tail ne vous \u00e9chappe, achetez <b>\u00c9cran Samsung LH86WAFWLGCXEN 4K Ultra HD 86&#8243;<\/b> au meilleur prix.<\/p>\n<p>Le <b>Panneau Interactif LH86WAFWLGCXEN de Samsung<\/b> est une solution avanc\u00e9e con\u00e7ue pour les environnements \u00e9ducatifs, professionnels et collaboratifs n\u00e9cessitant efficacit\u00e9 et polyvalence dans la pr\u00e9sentation de contenus num\u00e9riques. Ce <b>moniteur<\/b> dispose d\u2019un large <b>\u00e9cran tactile IPS de 86 pouces<\/b>, offrant un format immersif avec une <b>r\u00e9solution 4K Ultra HD (3840 x 2160 pixels)<\/b> pour garantir des images d\u2019une grande nettet\u00e9 et des d\u00e9tails pr\u00e9cis, m\u00eame dans de grandes salles ou des amphith\u00e9\u00e2tres. Sa technologie <b>IPS<\/b> assure de larges angles de vision et une fid\u00e9lit\u00e9 des couleurs constante, tandis que le <b>temps de r\u00e9ponse de 8 ms<\/b> permet une interaction fluide, id\u00e9ale pour les annotations en temps r\u00e9el, l\u2019\u00e9criture ou la manipulation de graphiques et d\u2019applications interactives. Le design int\u00e8gre la <b>technologie IR Touch<\/b> pour une exp\u00e9rience tactile pr\u00e9cise et naturelle, facilitant la collaboration et le travail en \u00e9quipe. Le panneau pr\u00e9sente une finition <b>noire<\/b> et offre une <b>luminosit\u00e9 de 400 cd\/m\u00b2<\/b>, assurant une visibilit\u00e9 optimale m\u00eame dans des espaces tr\u00e8s \u00e9clair\u00e9s, et supporte une utilisation continue jusqu\u2019\u00e0 <b>12 heures par jour, 7 jours sur 7<\/b>, ce qui le rend adapt\u00e9 aux usages intensifs. C\u00f4t\u00e9 connectivit\u00e9, il int\u00e8gre le <b>Wi-Fi (norme 802.11ac)<\/b>, le <b>Bluetooth<\/b> ainsi que des options filaires comme <b>HDMI OUT<\/b> et <b>USB-C<\/b>, facilitant l\u2019int\u00e9gration de divers appareils externes et l\u2019acc\u00e8s rapide \u00e0 des contenus multim\u00e9dias ou en ligne. Il fonctionne sous <b>syst\u00e8me d\u2019exploitation Android<\/b>, permettant l\u2019installation d\u2019applications compatibles et offrant un environnement intuitif et flexible, adapt\u00e9 \u00e0 diff\u00e9rents besoins \u00e9ducatifs et professionnels. L\u2019interface de montage VESA (800 x 600 mm) garantit une installation s\u00fbre et stable sur mur ou support d\u00e9di\u00e9, et sa construction robuste, avec un poids d\u2019environ 63 kg, assure durabilit\u00e9 et fiabilit\u00e9 au quotidien. Id\u00e9al pour digitaliser r\u00e9unions, cours ou pr\u00e9sentations, le Samsung LH86WAFWLGCXEN associe technologie de pointe et simplicit\u00e9 d\u2019utilisation dans une solution compl\u00e8te de panneau interactif grand format.<\/p>\n<ul>\n<li>Type: \u00c9cran<\/li>\n<li>Type de prise: Prise EU<\/li>\n<li>Diagonale de l&#8217;\u00e9cran (cm): 218,4 cm<\/li>\n<li>Produit \u00e0 brancher: Oui<\/li>\n<li>Bloc d\u2019Alimentation: r\u00e9seau \u00e9lectrique<\/li>\n<li>Couleur: Noir<\/li>\n<li>Caract\u00e9ristiques: Ecran tactile<\/li>\n<li>Connexions:\n<ul>\n<li>USB 2.0<\/li>\n<li>Ethernet LAN<\/li>\n<li>2<\/li>\n<li>RJ45<\/li>\n<li>HDCP<\/li>\n<li>HDMI 2.1 x 1<\/li>\n<li>HDMI x 2<\/li>\n<\/ul>\n<\/li>\n<li>R\u00e9solution: 4K Ultra HD<\/li>\n<li>Temps de r\u00e9ponse: 8 ms<\/li>\n<li>R\u00e9solution (px): 3840 x 2160 px<\/li>\n<li>Fr\u00e9quence: 50-60 Hz<\/li>\n<li>Connectivit\u00e9:\n<ul>\n<li>Bluetooth<\/li>\n<li>Wi-Fi<\/li>\n<li>Ethernet LAN<\/li>\n<\/ul>\n<\/li>\n<li>Forme: Rectangulaire<\/li>\n<li>Rapport de contraste: 1200:1<\/li>\n<li>Technologie: IPS<\/li>\n<li>Fr\u00e9quence d&#8217;entr\u00e9e AC: 50-60 Hz<\/li>\n<li>Ecran: 86&#8243;<\/li>\n<li>Flux lumineux: 400 lm<\/li>\n<li>Angle: 178\u00ba<\/li>\n<li>Tension d&#8217;entr\u00e9e AC: 100 &#8211; 240 V<\/li>\n<li>Montage: VESA<\/li>\n<\/ul>","protected":false},"excerpt":{"rendered":"<p>Si vous \u00eates passionn\u00e9 d&#8217;informatique et d&#8217;\u00e9lectronique, si vous \u00eates \u00e0 la pointe de la technologie et qu&#8217;aucun d\u00e9tail ne vous \u00e9chappe, achetez \u00c9cran Samsung LH86WAFWLGCXEN 4K Ultra HD 86&#8243; au meilleur prix. Le Panneau Interactif LH86WAFWLGCXEN de Samsung est une solution avanc\u00e9e con\u00e7ue pour les environnements \u00e9ducatifs, professionnels et collaboratifs n\u00e9cessitant efficacit\u00e9 et polyvalence [&hellip;]<\/p>\n","protected":false},"featured_media":44201,"comment_status":"open","ping_status":"closed","template":"","meta":[],"product_brand":[183],"product_cat":[65,581,616],"product_tag":[213,106],"class_list":{"0":"post-44212","1":"product","2":"type-product","3":"status-publish","4":"has-post-thumbnail","6":"product_brand-brandp_576","7":"product_cat-informatique-electronique","8":"product_cat-informatique-peripheriques-et-consommables","9":"product_cat-moniteurs","10":"product_tag-tag_933","11":"product_tag-tag_1295","13":"first","14":"instock","15":"taxable","16":"shipping-taxable","17":"purchasable","18":"product-type-simple"},"_links":{"self":[{"href":"https:\/\/bigbuy.tupique.com\/es\/wp-json\/wp\/v2\/product\/44212","targetHints":{"allow":["GET"]}}],"collection":[{"href":"https:\/\/bigbuy.tupique.com\/es\/wp-json\/wp\/v2\/product"}],"about":[{"href":"https:\/\/bigbuy.tupique.com\/es\/wp-json\/wp\/v2\/types\/product"}],"replies":[{"embeddable":true,"href":"https:\/\/bigbuy.tupique.com\/es\/wp-json\/wp\/v2\/comments?post=44212"}],"wp:featuredmedia":[{"embeddable":true,"href":"https:\/\/bigbuy.tupique.com\/es\/wp-json\/wp\/v2\/media\/44201"}],"wp:attachment":[{"href":"https:\/\/bigbuy.tupique.com\/es\/wp-json\/wp\/v2\/media?parent=44212"}],"wp:term":[{"taxonomy":"product_brand","embeddable":true,"href":"https:\/\/bigbuy.tupique.com\/es\/wp-json\/wp\/v2\/product_brand?post=44212"},{"taxonomy":"product_cat","embeddable":true,"href":"https:\/\/bigbuy.tupique.com\/es\/wp-json\/wp\/v2\/product_cat?post=44212"},{"taxonomy":"product_tag","embeddable":true,"href":"https:\/\/bigbuy.tupique.com\/es\/wp-json\/wp\/v2\/product_tag?post=44212"}],"curies":[{"name":"wp","href":"https:\/\/api.w.org\/{rel}","templated":true}]}}