{"id":43819,"date":"2026-03-30T16:50:49","date_gmt":"2026-03-30T15:50:49","guid":{"rendered":"https:\/\/bigbuy.tupique.com\/produto\/smartwatch-apple-watch-series-11-gps\/"},"modified":"2026-04-15T06:39:23","modified_gmt":"2026-04-15T05:39:23","slug":"smartwatch-apple-watch-series-11-gps","status":"publish","type":"product","link":"https:\/\/bigbuy.tupique.com\/es\/produto\/smartwatch-apple-watch-series-11-gps\/","title":{"rendered":"Montre intelligente Apple WATCH SERIES 11 GPS"},"content":{"rendered":"<p>Si vous \u00eates \u00e0 la recherche de nouvelles tendances sur le march\u00e9, nous vous pr\u00e9sentons <b>Montre intelligente Apple WATCH SERIES 11 GPS<\/b> !<\/p>\n<p>La <b>Apple Watch Series 11 GPS<\/b> est une <b>smartwatch<\/b> de derni\u00e8re g\u00e9n\u00e9ration con\u00e7ue pour ceux qui recherchent l\u2019int\u00e9gration parfaite entre technologie, confort et style au poignet. Compatible avec la prise europ\u00e9enne, cette version int\u00e8gre la connectivit\u00e9 <b>GPS<\/b> pour un suivi pr\u00e9cis de l\u2019activit\u00e9 physique et de la localisation sans avoir besoin d\u2019emporter son t\u00e9l\u00e9phone, id\u00e9ale pour les entra\u00eenements en ext\u00e9rieur ou les d\u00e9placements urbains. Fid\u00e8le \u00e0 l\u2019\u00e9cosyst\u00e8me Apple, elle se distingue par sa synchronisation fluide avec les appareils iPhone, permettant de g\u00e9rer notifications, appels et applications directement depuis le poignet gr\u00e2ce \u00e0 une interface intuitive et personnalisable. Ce mod\u00e8le met l\u2019accent sur le suivi avanc\u00e9 de la sant\u00e9 et du bien-\u00eatre, offrant le contr\u00f4le du rythme cardiaque, le suivi de l\u2019activit\u00e9 quotidienne et l\u2019acc\u00e8s \u00e0 des applications sp\u00e9cialis\u00e9es dans le fitness et la sant\u00e9. Le design raffin\u00e9 de la Watch Series 11 conserve la robustesse caract\u00e9ristique de la gamme et propose un \u00e9cran optimis\u00e9 pour une visibilit\u00e9 parfaite dans tous les environnements. En r\u00e9sum\u00e9, l\u2019Apple Watch Series 11 GPS s\u2019impose comme une solution avanc\u00e9e pour les utilisateurs qui appr\u00e9cient la technologie de pointe, la fonctionnalit\u00e9 et la connectivit\u00e9 au quotidien.<\/p>\n<ul>\n<li>Type de prise: Prise EU<\/li>\n<li>Type de montre: Montre intelligente<\/li>\n<li>Produit \u00e0 brancher: Oui<\/li>\n<li>Bloc d\u2019Alimentation: r\u00e9seau \u00e9lectrique<\/li>\n<li>Couleur: Argent\u00e9<\/li>\n<li>M\u00e9moire interne: 64 GB<\/li>\n<li>Processeur: Dual Core<\/li>\n<li>Ecran: 1,77&#8243;<\/li>\n<li>Dimensions approx.: 4,2 x 3,6 x 1 cm<\/li>\n<\/ul>","protected":false},"excerpt":{"rendered":"<p><span class=\"unit-info\">13975.9524 &euro; \/ 1 m<\/span><\/p>","protected":false},"featured_media":155222,"comment_status":"open","ping_status":"closed","template":"","meta":[],"product_brand":[979],"product_cat":[575,65,748],"product_tag":[103,566,106],"class_list":{"0":"post-43819","1":"product","2":"type-product","3":"status-publish","4":"has-post-thumbnail","6":"product_brand-brandp_533","7":"product_cat-electronique-telephonie-et-tablettes","8":"product_cat-informatique-electronique","9":"product_cat-smartwatches","10":"product_tag-tag_1261","11":"product_tag-tag_547","12":"product_tag-tag_1295","14":"first","15":"instock","16":"taxable","17":"shipping-taxable","18":"purchasable","19":"product-type-simple"},"_links":{"self":[{"href":"https:\/\/bigbuy.tupique.com\/es\/wp-json\/wp\/v2\/product\/43819","targetHints":{"allow":["GET"]}}],"collection":[{"href":"https:\/\/bigbuy.tupique.com\/es\/wp-json\/wp\/v2\/product"}],"about":[{"href":"https:\/\/bigbuy.tupique.com\/es\/wp-json\/wp\/v2\/types\/product"}],"replies":[{"embeddable":true,"href":"https:\/\/bigbuy.tupique.com\/es\/wp-json\/wp\/v2\/comments?post=43819"}],"wp:featuredmedia":[{"embeddable":true,"href":"https:\/\/bigbuy.tupique.com\/es\/wp-json\/wp\/v2\/media\/155222"}],"wp:attachment":[{"href":"https:\/\/bigbuy.tupique.com\/es\/wp-json\/wp\/v2\/media?parent=43819"}],"wp:term":[{"taxonomy":"product_brand","embeddable":true,"href":"https:\/\/bigbuy.tupique.com\/es\/wp-json\/wp\/v2\/product_brand?post=43819"},{"taxonomy":"product_cat","embeddable":true,"href":"https:\/\/bigbuy.tupique.com\/es\/wp-json\/wp\/v2\/product_cat?post=43819"},{"taxonomy":"product_tag","embeddable":true,"href":"https:\/\/bigbuy.tupique.com\/es\/wp-json\/wp\/v2\/product_tag?post=43819"}],"curies":[{"name":"wp","href":"https:\/\/api.w.org\/{rel}","templated":true}]}}