{"id":43454,"date":"2026-03-30T16:21:18","date_gmt":"2026-03-30T15:21:18","guid":{"rendered":"https:\/\/bigbuy.tupique.com\/produto\/smartphone-samsung-galaxy-z-flip3-snapdragon-888-67-8-gb-ram-128-gb-black\/"},"modified":"2026-05-11T19:55:25","modified_gmt":"2026-05-11T17:55:25","slug":"smartphone-samsung-galaxy-z-flip3-snapdragon-888-67-8-gb-ram-128-gb-black","status":"publish","type":"product","link":"https:\/\/bigbuy.tupique.com\/es\/produto\/smartphone-samsung-galaxy-z-flip3-snapdragon-888-67-8-gb-ram-128-gb-black\/","title":{"rendered":"Smartphone Samsung GALAXY Z FLIP3 Snapdragon 888 6,7&#8243; 8 GB RAM 128 GB Noir"},"content":{"rendered":"<p>Si vous \u00eates passionn\u00e9 d&#8217;<b>informatique et d&#8217;\u00e9lectronique<\/b>, si vous \u00eates \u00e0 la pointe de la technologie et qu&#8217;aucun d\u00e9tail ne vous \u00e9chappe, achetez <b>Smartphone Samsung GALAXY Z FLIP3 Snapdragon 888 6,7&#8243; 8 GB RAM 128 GB Noir<\/b> au meilleur prix.<\/p>\n<ul>\n<li>Processeur:\n<ul>\n<li>Snapdragon 888<\/li>\n<li>Octa Core<\/li>\n<li>QUALCOMM SNAPDRAGON 888<\/li>\n<\/ul>\n<\/li>\n<li>Produit \u00e0 brancher: Oui<\/li>\n<li>Technologie:\n<ul>\n<li>AMOLED<\/li>\n<li>LED<\/li>\n<li>Mime<\/li>\n<li>Glonass<\/li>\n<li>LCD<\/li>\n<li>Capacitive<\/li>\n<li>52.1 Dynamic AMOLED 2X<\/li>\n<\/ul>\n<\/li>\n<li>Capacit\u00e9 de la batterie: 3300 mAh<\/li>\n<li>R\u00e9solution (px): 2160 px<\/li>\n<li>Type de prise: Prise EU<\/li>\n<li>Classification IP: IPX8<\/li>\n<li>Type:\n<ul>\n<li>Smartphone<\/li>\n<li>D\u00e9clenchement de l&#8217;appareil photo<\/li>\n<li>LPDDR5<\/li>\n<\/ul>\n<\/li>\n<li>Caract\u00e9ristiques:\n<ul>\n<li>\u00c9cran plat<\/li>\n<li>GPS<\/li>\n<li>Barom\u00e8tre<\/li>\n<li>Ecran tactile<\/li>\n<li>Capteur de lumi\u00e8re ambiante<\/li>\n<li>Chargement sans fil<\/li>\n<li>MMS<\/li>\n<li>HDR<\/li>\n<li>Autofocus<\/li>\n<li>Activation vocale<\/li>\n<li>Guide d&#8217;installation inclus<\/li>\n<li>Google Play<\/li>\n<li>Chargement rapide et fiable<\/li>\n<li>SMS<\/li>\n<li>Chargeur sans fil<\/li>\n<li>Syst\u00e8me de reconnaissance faciale<\/li>\n<li>Stabilisateur d&#8217;image<\/li>\n<li>Lecteur d&#8217;empreintes<\/li>\n<li>Capteur g\u00e9omagn\u00e9tique<\/li>\n<li>Capteur de proximit\u00e9<\/li>\n<li>Gorilla Glass<\/li>\n<li>\u00c9cran avec coins arrondis<\/li>\n<\/ul>\n<\/li>\n<li>Diagonale de l&#8217;\u00e9cran (cm): 17 cm<\/li>\n<li>M\u00e9moire interne: 128 GB<\/li>\n<li>Fonctions:\n<ul>\n<li>Vibration<\/li>\n<li>D\u00e9clencheur<\/li>\n<li>ECO<\/li>\n<\/ul>\n<\/li>\n<li>Bloc d\u2019Alimentation: r\u00e9seau \u00e9lectrique<\/li>\n<li>Indice de r\u00e9parabilit\u00e9: 7.6<\/li>\n<li>Ecran: 6,7&#8243;<\/li>\n<li>Syst\u00e8me d&#8217;exploitation:\n<ul>\n<li>Android<\/li>\n<li>Android 11<\/li>\n<li>iOS 14<\/li>\n<\/ul>\n<\/li>\n<li>puissance: 15 W<\/li>\n<li>Connectivit\u00e9:\n<ul>\n<li>NFC<\/li>\n<li>Bluetooth<\/li>\n<li>Wi-Fi<\/li>\n<li>BeiDou<\/li>\n<li>5G<\/li>\n<li>Bluetooth 5.1<\/li>\n<li>LTE<\/li>\n<\/ul>\n<\/li>\n<li>Cam\u00e9ra\/Appareil Photo:\n<ul>\n<li>12 mpx<\/li>\n<li>Dual<\/li>\n<li>12 MP<\/li>\n<li>Frontal<\/li>\n<li>10 Mp<\/li>\n<\/ul>\n<\/li>\n<li>Connexions:\n<ul>\n<li>USB-C<\/li>\n<li>USB<\/li>\n<li>USB OTG<\/li>\n<\/ul>\n<\/li>\n<li>M\u00e9moire RAM: 8 GB RAM<\/li>\n<li>Couleur: Noir<\/li>\n<li>Mati\u00e8re: Aluminium<\/li>\n<li>Zoom Num\u00e9rique: 10x<\/li>\n<li>Capteurs:\n<ul>\n<li>Acc\u00e9l\u00e9rom\u00e8tre<\/li>\n<li>Gyroscope<\/li>\n<li>Magn\u00e9tom\u00e8tre<\/li>\n<\/ul>\n<\/li>\n<li>Inclut: Haut-parleur<\/li>\n<li>Fr\u00e9quence: 120 Hz<\/li>\n<li>Angle: 78\u00ba<\/li>\n<li>Ouverture: f\/2.2<\/li>\n<li>Noyaux: 8 Noyaux<\/li>\n<li>vitesse: 2.84 GHz<\/li>\n<li>Famille de processeurs: Qualcomm Snapdragon<\/li>\n<\/ul>\n<p><\/p>\n<p><b>Un nouveau monde s\u2019ouvre \u00e0 vous<\/b><br \/>\nPliez-le dans votre poche. Rangez-le dans votre sac \u00e0 main. Glissez-le dans vos jeans les plus serr\u00e9s. Puis sortez-le pour l\u2019ouvrir et d\u00e9couvrir un smartphone d\u2019exception qui se plie \u00e0 vos envies.<br \/>\nLe Galaxy Z Flip3 5G casse les codes du design et r\u00e9volutionne les interactions avec votre smartphone. Pour une exp\u00e9rience unique, \u00e0 chaque instant.<\/p>\n<p><b>Il va faire parler de lui<\/b><\/p>\n<p><b>Affichez vos vraies couleurs<\/b><br \/>\nIl y en a pour tous les go\u00fbts. Chaque couleur du Galaxy Z Flip3 5G vous rend unique et parfait votre style, pour ainsi attirer tous les regards. Alors, quelle finition aura votre pr\u00e9f\u00e9rence ?<\/p>\n<p><b>En exclusivit\u00e9 sur Samsung.com<\/b><br \/>\nVous voulez un look inimitable ? Nous avons ce qu\u2019il vous faut. Disponible uniquement sur Samsung.com.<\/p>\n<p><b>Il se glisse partout<\/b><br \/>\nLe Galaxy Z Flip3 5G se plie pour vous suivre partout. Incroyablement compact, il se glissera facilement dans votre poche ou dans un sac, laissant m\u00eame suffisamment de place pour d\u2019autres objets du quotidien. Pratique, non ?<\/p>\n<p><b>Un \u00e9cran ext\u00e9rieur qui change la donne<\/b><br \/>\nFaites-en plus avec votre Galaxy Z Flip3 5G ferm\u00e9. L\u2019\u00e9cran ext\u00e9rieur de 1.9 pouces vous permet d\u2019interagir avec vos notifications de mani\u00e8re ultra intuitive. Consultez d\u00e9sormais vos messages, prenez des photos, \u00e9coutez de la musique et plus encore ; sans m\u00eame avoir \u00e0 ouvrir votre smartphone.Ajoutez \u00e0 cela des options de personnalisation adapt\u00e9es \u00e0 votre style du jour, et vous avez en main le smartphone pliable ultime.<\/p>\n<p><b>S\u2019associe parfaitement avec Galaxy Watch4<\/b><\/p>\n<p><b>Et maintenant l\u2019\u00e9cran<\/b><br \/>\nGr\u00e2ce au taux de rafra\u00eechissement de 120 Hz de l\u2019\u00e9cran interne Infinity Flex de 6,7 pouces, faites d\u00e9filer, balayez, glissez et d\u00e9posez en toute fluidit\u00e9. Adaptatif, l\u2019\u00e9cran est capable d\u2019ajuster son taux de rafraichissement en temps r\u00e9el pour une fluidit\u00e9 optimale. Ajoutez-y la technologie Dynamic AMOLED 2X et vous obtenez l\u2019\u00e9cran le plus net, le plus lumineux et le plus fluide jamais con\u00e7u dans la gamme Galaxy Z.<\/p>\n<p><b>Changer votre fa\u00e7on de prendre des photos<\/b><\/p>\n<p><b>Vos selfies r\u00e9ussis, \u00e0 tous les coups<\/b><br \/>\nPas le temps de d\u00e9plier votre Galaxy Z Flip3 5G ? Prenez vos selfies avec le double appareil photo arri\u00e8re en profitant de l\u2019aper\u00e7u affich\u00e9 sur l\u2019\u00e9cran ext\u00e9rieur. Appuyez simplement sur le bouton du volume sur le c\u00f4t\u00e9 pour d\u00e9clencher l\u2019obturateur.<\/p>\n<p><b>Vos clich\u00e9s parfaits, sous tous les angles<\/b><br \/>\nImmortaliser vos plus beaux moments en une seule et unique prise sera d\u00e9sormais un jeu d\u2019enfant. Gr\u00e2ce au Flex Mode, vous prenez vos photos et vid\u00e9os plus facilement que jamais. Il vous suffit d\u2019ajuster l\u2019angle et de reculer pour prendre vos selfies en mode mains libres.<\/p>\n<p><b>La nuit sera votre meilleure alli\u00e9e<\/b><br \/>\nVos vid\u00e9os Hyperlapse de nuit ne ressembleront \u00e0 aucune autre. Placez le Galaxy Z Flip3 5G sur une surface plane. Le Flex Mode agit alors comme un tr\u00e9pied, qui maintient l\u2019angle pour stabiliser la cam\u00e9ra. Pour des vid\u00e9os parfaites, du premier coup.<\/p>\n<p><b>Une nouvelle exp\u00e9rience photo sur smartphone<\/b><\/p>\n<p><b>Dual Preview<\/b><br \/>\nGr\u00e2ce \u00e0 la fonctionnalit\u00e9 Dual Preview sur l\u2019\u00e9cran ext\u00e9rieur, vos amis peuvent visualiser leur pose pendant que vous prenez la photo. R\u00e9ussite garantie d\u00e8s la premi\u00e8re prise.<\/p>\n<p><b>Auto Framing<\/b><br \/>\nLors de l\u2019enregistrement d\u2019une vid\u00e9o, l\u2019appareil photo maintient le plan centr\u00e9 sur vous, m\u00eame lorsque vous vous d\u00e9placez ou que d\u2019autres sujets entrent ou sortent du champ.<\/p>\n<p><b>Vous allez faire des jaloux<\/b><\/p>\n<p><b>Vos visios sans les mains<\/b><br \/>\nLe Galaxy Z Flip3 5G sait se tenir. Gr\u00e2ce \u00e0 sa charni\u00e8re \u00e0 position libre, positionnez-le droit pour ainsi le poser o\u00f9 bon vous semble. Profitez alors de vos appels en visio sur Google Duo sans crainte de douleurs au bras.<\/p>\n<p><b>D\u00e9doublez-vous<\/b><br \/>\nS\u00e9parez votre \u00e9cran en deux pour effectuer plusieurs t\u00e2ches en m\u00eame temps comme un pro. Parcourez par exemple une playlist YouTube tout en communiquant par SMS avec vos amis. Lors du visionnage de vos films et s\u00e9ries pr\u00e9f\u00e9r\u00e9s, laissez-vous submerger par un son st\u00e9r\u00e9o de qualit\u00e9 Dolby Atmos. Pour une immersion totale dans vos contenus favoris.<\/p>\n<p><b>Une r\u00e9volution technologique s\u2019ouvre \u00e0 vous<\/b><\/p>\n<p><b>Il n\u2019a pas peur de l\u2019eau<\/b><br \/>\nN\u2019ayez plus peur de vous mouiller. Dot\u00e9 d\u2019une certification IPx8, le Galaxy Z Flip3 5G est r\u00e9sistant \u00e0 l&#8217;eau et aux \u00e9claboussures. Parfait pour vous suivre partout.<\/p>\n<p><b>Respect et robustesse<\/b><br \/>\nCon\u00e7u avec des mat\u00e9riaux ultra r\u00e9sistants en fa\u00e7ade comme sur l\u2019\u00e9cran, le Galaxy Z Flip3 5G fait preuve d\u2019une r\u00e9sistance hors du commun. Vous pouvez alors le glisser sereinement dans votre sac.<\/p>\n<p><b>Une souplesse qui fait r\u00eaver<\/b><br \/>\nL\u2019\u00e9cran principal du Galaxy Z Flip3 5G est fabriqu\u00e9 en verre ultra fin Samsung : notre plus grande avanc\u00e9e technologique en mati\u00e8re d\u2019\u00e9crans pliables. Gr\u00e2ce \u00e0 l\u2019ajout d\u2019un panneau et d\u2019un film de protection, il est 80 % plus r\u00e9sistant qu\u2019avant et supporte jusqu\u2019\u00e0 200 000 pliages.<\/p>\n<p><b>D\u00e9pliez en toute confiance<\/b><br \/>\nLa solidit\u00e9 dans toute sa splendeur. Le Galaxy Z Flip3 5G int\u00e8gre notre cadre en aluminium le plus r\u00e9sistant \u00e0 ce jour, qui prot\u00e8ge sa charni\u00e8re nuit et jour. Vous pouvez ainsi le plier et le d\u00e9plier sans crainte, pour vous concentrer sur ce que compte vraiment.<\/p>\n<p><b>Pas de place pour les rayures<\/b><br \/>\nNous avons embarqu\u00e9 le verre Corning Gorilla\u00ae Glass Victus sur le Galaxy Z Flip3 5G, verre Gorilla Glass le plus r\u00e9sistant de la famille Galaxy Z. Pour une r\u00e9sistance accrue aux chocs et aux rayures.<\/p>\n<p><b>Samsung Care+<\/b><br \/>\nSamsung Care+, un gage de s\u00e9r\u00e9nit\u00e9. Inscrivez-vous d\u00e8s maintenant pour vous prot\u00e9ger contre les d\u00e9g\u00e2ts accidentels.<\/p>\n<p><b>Des performances \u00e0 couper le souffle.<\/b><\/p>\n<p><b>\u00c0 LA VITESSE DE L\u2019\u00c9CLAIR<\/b><br \/>\nPourquoi attendre pour regarder vos s\u00e9ries pr\u00e9f\u00e9r\u00e9es ou pour mettre en ligne du contenu captur\u00e9 lors de votre derni\u00e8re escapade ? Partagez vos photos et vid\u00e9os en un clin d\u2019\u0153il gr\u00e2ce au Galaxy Z Flip3 5G, compatible 5G.<\/p>\n<p><b>De la batterie pour toute la journ\u00e9e\u2026 et toute la nuit<\/b><br \/>\nB\u00e9n\u00e9ficiez d\u2019une autonomie prolong\u00e9e avec la batterie de 3 300 mAh (capacit\u00e9 typique). Elle adapte sa consommation d\u2019\u00e9nergie selon vos habitudes pour durer toute la journ\u00e9e.<\/p>\n<p><b>Ne perdez rien<\/b><br \/>\nConservez tous vos chefs-d\u2019\u0153uvre photographiques et cin\u00e9matographiques sur votre t\u00e9l\u00e9phone. Avec jusqu\u2019\u00e0 256 Go d\u2019espace de stockage, vous avez de quoi faire avec le Galaxy Z Flip3 5G.<\/p>\n<p><b>Notre puce la plus rapide sur un smartphone Galaxy Z<\/b><br \/>\nLe processeur 5 nm offre des performances am\u00e9lior\u00e9es. De plus, avec ses 8 Go de RAM, le Galaxy Z Flip3 5G offre des performances de jeu qui r\u00e9pondront \u00e0 vos besoins de vitesse.<\/p>\n<p><b>Vous portez un masque ? Aucun probl\u00e8me<\/b><br \/>\nUne simple pression du doigt et vous \u00eates s\u00fbr d\u2019\u00eatre le seul \u00e0 pouvoir voir votre \u00e9cran principal. Le capteur d\u2019empreinte digitale permet un d\u00e9verrouillage s\u00e9curis\u00e9 et pr\u00e9cis du bout de vos doigts.<\/p>\n<p><b>SIM-ple comme bonjour<\/b><br \/>\nS\u00e9lectionnez votre connectivit\u00e9. Le Galaxy Z Flip3 5G dispose d\u2019un emplacement pour carte SIM physique et d\u2019une eSIM int\u00e9gr\u00e9e, afin que vous puissiez choisir entre la m\u00e9thode plug-and-play et le tout num\u00e9rique<\/p>\n<p><b>Faites passer vos applications en Flex Mode<\/b><br \/>\nM\u00eame les applications qui ne prennent pas en charge le panneau du Flex Mode et le multit\u00e2che peuvent \u00eatre optimis\u00e9es pour l\u2019exp\u00e9rience One UI sur smartphone pliable. Activez simplement Labs dans les r\u00e9glages.<\/p>\n<p><b>Prot\u00e8ge vos donn\u00e9es<\/b><br \/>\nSamsung Knox est int\u00e9gr\u00e9 \u00e0 votre t\u00e9l\u00e9phone et \u00e0 ses programmes pour l\u2019\u00e9quiper de plusieurs couches de s\u00e9curit\u00e9 visant \u00e0 pr\u00e9server la confidentialit\u00e9 de vos donn\u00e9es priv\u00e9es.<\/p>\n<p><b>Profitez d\u2019un pav\u00e9 tactile sur votre t\u00e9l\u00e9phone<\/b><br \/>\nBoostez votre productivit\u00e9 \u00e0 l\u2019aide de mouvements qui rendent plus efficace votre travail multit\u00e2che. Faites glisser et d\u00e9posez du contenu d\u2019une application \u00e0 l\u2019autre avec votre doigt.<\/p>\n<p><\/p>\n<ul>\n<li>Taille de l&#8217;\u00e9cran: 17 cm (6.7&#8243;)<\/li>\n<li>R\u00e9solution de l&#8217;\u00e9cran: 2640 x 1080 pixels<\/li>\n<li>\u00c9cran tactile: Oui<\/li>\n<li>Forme d&#8217;\u00e9cran: Plat<\/li>\n<li>Type d&#8217;\u00e9cran: Dynamic AMOLED 2X<\/li>\n<li>Type de verre de l&#8217;\u00e9cran: Gorilla Glass<\/li>\n<li>\u00c9cran Gorilla Glass: Gorilla Glass Victus<\/li>\n<li>Nombre de couleurs affich\u00e9es: 16 millions de couleurs<\/li>\n<li>Taux de contraste: 2000000:1<\/li>\n<li>Taux de d&#8217;actualisation maximal: 120 Hz<\/li>\n<li>Prise en charge HDR: Oui<\/li>\n<li>Technologie HDR (plage dynamique \u00e9lev\u00e9e): High Dynamic Range 10+ (HDR10 Plus)<\/li>\n<li>Type d&#8217;\u00e9cran tactile: Capacit\u00e9<\/li>\n<li>Densit\u00e9 en pixels: 425 pixels par pouce<\/li>\n<li>Coins d&#8217;\u00e9cran arrondis: Oui<\/li>\n<li>Second \u00e9cran LCD: Oui<\/li>\n<li>Seconde diagonale d&#8217;affichage: 4,83 cm (1.9&#8243;)<\/li>\n<li>Type d&#8217;affichage additionnel: Super AMOLED<\/li>\n<li>Densit\u00e9 de pixels du second \u00e9cran: 302 pixels par pouce<\/li>\n<li>Famille de processeur: Qualcomm Snapdragon<\/li>\n<li>Mod\u00e8le de processeur: 888<\/li>\n<li>Nombre de coeurs de processeurs: 8<\/li>\n<li>Fr\u00e9quence du processeur Turbo: 2,84 GHz<\/li>\n<li>Coprocesseur: Oui<\/li>\n<li>Fr\u00e9quence du coprocesseur: 2,4 GHz<\/li>\n<li>Capacit\u00e9 de la RAM: 8 Go<\/li>\n<li>Capacit\u00e9 de stockage interne: 128 Go<\/li>\n<li>Type de RAM: LPDDR5<\/li>\n<li>Type de cam\u00e9ra arri\u00e8re: Double cam\u00e9ra<\/li>\n<li>R\u00e9solution de la cam\u00e9ra arri\u00e8re (numerique): 12 MP<\/li>\n<li>Type de cam\u00e9ra avant: Cam\u00e9ra unique<\/li>\n<li>R\u00e9solution de la cam\u00e9ra avant (numerique): 10 MP<\/li>\n<li>Flash de cam\u00e9ra arri\u00e8re: Oui<\/li>\n<li>R\u00e9solution de la seconde cam\u00e9ra arri\u00e8re (num\u00e9rique): 12 MP<\/li>\n<li>R\u00e9solution de la cam\u00e9ra arri\u00e8re: 3000 x 4000 pixels<\/li>\n<li>Num\u00e9ro d&#8217;ouverture de la cam\u00e9ra arri\u00e8re: 2,2<\/li>\n<li>Num\u00e9ro d&#8217;ouverture de la seconde cam\u00e9ra arri\u00e8re: 1,8<\/li>\n<li>Taille de pixel de la cam\u00e9ra arri\u00e8re: 1,12 \u00b5m<\/li>\n<li>Taille de pixel de la seconde cam\u00e9ra arri\u00e8re: 1,4 \u00b5m<\/li>\n<li>Angle du champ de vision de cam\u00e9ra arri\u00e8re: 123\u00b0<\/li>\n<li>Angle du champ de vision de seconde cam\u00e9ra arri\u00e8re: 78\u00b0<\/li>\n<li>Zoom num\u00e9rique: 10x<\/li>\n<li>Num\u00e9ro d&#8217;ouverture de la cam\u00e9ra avant: 2,4<\/li>\n<li>Taille de pixel de la cam\u00e9ra avant: 1,22 \u00b5m<\/li>\n<li>Angle du champ de vision de cam\u00e9ra avant: 80\u00b0<\/li>\n<li>Type de flash: LED<\/li>\n<li>R\u00e9solution de la capture vid\u00e9o: 2160 x 3840 pixels<\/li>\n<li>Cadence maximale: 960 ips<\/li>\n<li>R\u00e9solution en prise de vue rapide: 1280&#215;720@30fps,1280&#215;720@960fps,1920&#215;1080@240fps,1920&#215;1080@30fps,1920&#215;1080@60fps,3840&#215;2160@30fps,3840&#215;2160@60fps<\/li>\n<li>Modes d&#8217;enregistrement vid\u00e9o: 720p,1080p,2160p<\/li>\n<li>Auto focus: Oui<\/li>\n<li>Mode Intervalle de temps: Oui<\/li>\n<li>Stabilisateur vid\u00e9o: Oui<\/li>\n<li>Stabilisateur d&#8217;image: Oui<\/li>\n<li>Type de stabilisateur d&#8217;image: Optical Image Stabilization (OIS)<\/li>\n<li>Multi-expositions: Oui<\/li>\n<li>Retardateur: Oui<\/li>\n<li>Mode nuit: Oui<\/li>\n<li>G\u00e9n\u00e9ration de r\u00e9seau mobile: 5G<\/li>\n<li>Normes 3G: HSDPA,HSDPA+,HSUPA,UMTS<\/li>\n<li>Norme 4G: LTE<\/li>\n<li>Wifi: Oui<\/li>\n<li>Bluetooth: Oui<\/li>\n<li>5G: Oui<\/li>\n<li>Standards wifi: 802.11a,802.11b,802.11g,Wi-Fi 4 (802.11n),Wi-Fi 5 (802.11ac),Wi-Fi 6 (802.11ax)<\/li>\n<li>Mod\u00e8le du Bluetooth: 5.1<\/li>\n<li>MIMO (entr\u00e9es multiples, sorties multiples): Oui<\/li>\n<li>Paiement sans contact: Oui<\/li>\n<li>Type d&#8217;inscription: Sans forfait<\/li>\n<li>Port USB: Oui<\/li>\n<li>Connecteur USB: USB Type-C<\/li>\n<li>Casque connection: USB Type-C<\/li>\n<li>Service de message court (SMS): Oui<\/li>\n<li>MMS (Multimedia Messaging Service): Oui<\/li>\n<li>E-mail: Oui<\/li>\n<li>Format: Clapet<\/li>\n<li>Couleur du produit: Noir<\/li>\n<li>Nom de la couleur: Phantom Black<\/li>\n<li>Code (IP) Internationale Protection: IPX8<\/li>\n<li>Mat\u00e9riau du bo\u00eetier\/corps: Aluminium<\/li>\n<li>Charge rapide: Oui<\/li>\n<li>Recharge sans fil: Oui<\/li>\n<li>Lecteur d&#8217;empreintes digitales: Oui<\/li>\n<li>La reconnaissance faciale: Oui<\/li>\n<li>Haut-parleur: Oui<\/li>\n<li>Num\u00e9rotation vocale: Oui<\/li>\n<li>Commandes vocales: Oui<\/li>\n<li>Support USB On-The-Go: Oui<\/li>\n<li>Alerte avec vibreur: Oui<\/li>\n<li>Lieu de position: Oui<\/li>\n<li>GPS (satellite): Oui<\/li>\n<li>GLONASS: Oui<\/li>\n<li>BeiDou: Oui<\/li>\n<li>Galileo: Oui<\/li>\n<li>Syst\u00e8me QZSS (Quasi-Zenith Satellite System): Oui<\/li>\n<li>Haut-parleurs: St\u00e9r\u00e9o<\/li>\n<li>Modes vid\u00e9o pris en charge: 720p,1080p,2160p<\/li>\n<li>Syst\u00e8me audio: Dolby Atmos<\/li>\n<li>Formats audio pris en charge: 3GA, AAC, AMR, APE, AWB, DFF, DSF, FLAC, IMY, M4A, Mid, MIDI, MP3, MXMF, OGA, OGG, OTA, RTTTL, RTX, WAV, XMF<\/li>\n<li>Format vid\u00e9o pris en charge: 3G2,3GP,AVI,FLV,M4V,MKV,MP4,WEBM<\/li>\n<li>Plateforme: Android<\/li>\n<li>Syst\u00e8me d&#8217;exploitation install\u00e9: Android 11<\/li>\n<li>Plateforme de distribution d&#8217;application: Google Play<\/li>\n<li>Stand de bureau: Oui<\/li>\n<li>Soutenir les applications Google: Gmail,Google Chrome,Google Drive,Google Maps,Google Photos,Google Play,Google Play Movies,Google Search,YouTube<\/li>\n<li>Assistant virtuel: Samsung Bixby<\/li>\n<li>Capacit\u00e9 de la batterie: 3300 mAh<\/li>\n<li>Partage de puissance sans fil: Oui<\/li>\n<li>Batterie amovible: Non<\/li>\n<li>Capteur de proximit\u00e9: Oui<\/li>\n<li>Acc\u00e9l\u00e9rom\u00e8tre: Oui<\/li>\n<li>Capteur de lumi\u00e8re ambiante: Oui<\/li>\n<li>Gyroscope: Oui<\/li>\n<li>Capteur d&#8217;orientation: Oui<\/li>\n<li>Barom\u00e8tre: Oui<\/li>\n<li>Capteur g\u00e9omagn\u00e9tique: Oui<\/li>\n<li>Capteur Hall: Oui<\/li>\n<li>Poids: 183 g<\/li>\n<li>Largeur: 72,2 mm<\/li>\n<li>Profondeur: 6,9 mm<\/li>\n<li>Hauteur: 166 mm<\/li>\n<li>Largeur pli\u00e9e: 7,22 cm<\/li>\n<li>Profondeur pli\u00e9: 1,59 cm<\/li>\n<li>Hauteur repli\u00e9e: 8,64 cm<\/li>\n<li>Valeur SAR (UE): 0,858 W\/kg<\/li>\n<li>DAS corps (UE): 1,578 W\/kg<\/li>\n<li>Guide de d\u00e9marrage rapide: Oui<\/li>\n<li>C\u00e2bles inclus: USB Type-C<\/li>\n<li>Broche d&#8217;\u00e9jection: Oui<\/li>\n<\/ul>","protected":false},"excerpt":{"rendered":"<p>Si vous \u00eates passionn\u00e9 d&#8217;informatique et d&#8217;\u00e9lectronique, si vous \u00eates \u00e0 la pointe de la technologie et qu&#8217;aucun d\u00e9tail ne vous \u00e9chappe, achetez Smartphone Samsung GALAXY Z FLIP3 Snapdragon 888 6,7&#8243; 8 GB RAM 128 GB Noir au meilleur prix. Processeur: Snapdragon 888 Octa Core QUALCOMM SNAPDRAGON 888 Produit \u00e0 brancher: Oui Technologie: AMOLED LED [&hellip;]<\/p>\n","protected":false},"featured_media":43441,"comment_status":"open","ping_status":"closed","template":"","meta":[],"product_brand":[183],"product_cat":[575,65,960],"product_tag":[213,566,106],"class_list":{"0":"post-43454","1":"product","2":"type-product","3":"status-publish","4":"has-post-thumbnail","6":"product_brand-brandp_576","7":"product_cat-electronique-telephonie-et-tablettes","8":"product_cat-informatique-electronique","9":"product_cat-telephones-portables","10":"product_tag-tag_933","11":"product_tag-tag_547","12":"product_tag-tag_1295","14":"first","15":"instock","16":"taxable","17":"shipping-taxable","18":"purchasable","19":"product-type-simple"},"_links":{"self":[{"href":"https:\/\/bigbuy.tupique.com\/es\/wp-json\/wp\/v2\/product\/43454","targetHints":{"allow":["GET"]}}],"collection":[{"href":"https:\/\/bigbuy.tupique.com\/es\/wp-json\/wp\/v2\/product"}],"about":[{"href":"https:\/\/bigbuy.tupique.com\/es\/wp-json\/wp\/v2\/types\/product"}],"replies":[{"embeddable":true,"href":"https:\/\/bigbuy.tupique.com\/es\/wp-json\/wp\/v2\/comments?post=43454"}],"wp:featuredmedia":[{"embeddable":true,"href":"https:\/\/bigbuy.tupique.com\/es\/wp-json\/wp\/v2\/media\/43441"}],"wp:attachment":[{"href":"https:\/\/bigbuy.tupique.com\/es\/wp-json\/wp\/v2\/media?parent=43454"}],"wp:term":[{"taxonomy":"product_brand","embeddable":true,"href":"https:\/\/bigbuy.tupique.com\/es\/wp-json\/wp\/v2\/product_brand?post=43454"},{"taxonomy":"product_cat","embeddable":true,"href":"https:\/\/bigbuy.tupique.com\/es\/wp-json\/wp\/v2\/product_cat?post=43454"},{"taxonomy":"product_tag","embeddable":true,"href":"https:\/\/bigbuy.tupique.com\/es\/wp-json\/wp\/v2\/product_tag?post=43454"}],"curies":[{"name":"wp","href":"https:\/\/api.w.org\/{rel}","templated":true}]}}