{"id":42933,"date":"2026-03-30T15:43:11","date_gmt":"2026-03-30T14:43:11","guid":{"rendered":"https:\/\/bigbuy.tupique.com\/produto\/printer-paper-epson-7113415-white\/"},"modified":"2026-04-15T06:27:22","modified_gmt":"2026-04-15T05:27:22","slug":"printer-paper-epson-7113415-white","status":"publish","type":"product","link":"https:\/\/bigbuy.tupique.com\/es\/produto\/printer-paper-epson-7113415-white\/","title":{"rendered":"Papier pour imprimante Epson 7113415 Blanc"},"content":{"rendered":"<p>Retournez au bureau sans rien oublier ! Achetez <b>Papier pour imprimante Epson 7113415 Blanc<\/b> et faites envie \u00e0 vos coll\u00e8gues!<\/p>\n<ul>\n<li>Type:\n<ul>\n<li>Papier<\/li>\n<li>\u00c9tiquettes adh\u00e9sives<\/li>\n<\/ul>\n<\/li>\n<li>Couleur: Blanc<\/li>\n<\/ul>","protected":false},"excerpt":{"rendered":"<p>Retournez au bureau sans rien oublier ! Achetez Papier pour imprimante Epson 7113415 Blanc et faites envie \u00e0 vos coll\u00e8gues! Type: Papier \u00c9tiquettes adh\u00e9sives Couleur: Blanc<\/p>","protected":false},"featured_media":42932,"comment_status":"open","ping_status":"closed","template":"","meta":[],"product_brand":[632],"product_cat":[65,581,757],"product_tag":[213,212,106],"class_list":{"0":"post-42933","1":"product","2":"type-product","3":"status-publish","4":"has-post-thumbnail","6":"product_brand-brandp_547","7":"product_cat-informatique-electronique","8":"product_cat-informatique-peripheriques-et-consommables","9":"product_cat-papier-pour-imprimantes","10":"product_tag-tag_933","11":"product_tag-tag_71","12":"product_tag-tag_1295","14":"first","15":"instock","16":"taxable","17":"shipping-taxable","18":"purchasable","19":"product-type-simple"},"_links":{"self":[{"href":"https:\/\/bigbuy.tupique.com\/es\/wp-json\/wp\/v2\/product\/42933","targetHints":{"allow":["GET"]}}],"collection":[{"href":"https:\/\/bigbuy.tupique.com\/es\/wp-json\/wp\/v2\/product"}],"about":[{"href":"https:\/\/bigbuy.tupique.com\/es\/wp-json\/wp\/v2\/types\/product"}],"replies":[{"embeddable":true,"href":"https:\/\/bigbuy.tupique.com\/es\/wp-json\/wp\/v2\/comments?post=42933"}],"wp:featuredmedia":[{"embeddable":true,"href":"https:\/\/bigbuy.tupique.com\/es\/wp-json\/wp\/v2\/media\/42932"}],"wp:attachment":[{"href":"https:\/\/bigbuy.tupique.com\/es\/wp-json\/wp\/v2\/media?parent=42933"}],"wp:term":[{"taxonomy":"product_brand","embeddable":true,"href":"https:\/\/bigbuy.tupique.com\/es\/wp-json\/wp\/v2\/product_brand?post=42933"},{"taxonomy":"product_cat","embeddable":true,"href":"https:\/\/bigbuy.tupique.com\/es\/wp-json\/wp\/v2\/product_cat?post=42933"},{"taxonomy":"product_tag","embeddable":true,"href":"https:\/\/bigbuy.tupique.com\/es\/wp-json\/wp\/v2\/product_tag?post=42933"}],"curies":[{"name":"wp","href":"https:\/\/api.w.org\/{rel}","templated":true}]}}