{"id":42863,"date":"2026-03-30T15:41:23","date_gmt":"2026-03-30T14:41:23","guid":{"rendered":"https:\/\/bigbuy.tupique.com\/produto\/walkie-talkie-startech-et1000s40lc2\/"},"modified":"2026-04-15T06:27:16","modified_gmt":"2026-04-15T05:27:16","slug":"walkie-talkie-startech-et1000s40lc2","status":"publish","type":"product","link":"https:\/\/bigbuy.tupique.com\/es\/produto\/walkie-talkie-startech-et1000s40lc2\/","title":{"rendered":"Talkie-walkie Startech ET1000S40LC2"},"content":{"rendered":"<p>Si vous \u00eates passionn\u00e9 d&#8217;<b>informatique et d&#8217;\u00e9lectronique<\/b>, si vous \u00eates \u00e0 la pointe de la technologie et qu&#8217;aucun d\u00e9tail ne vous \u00e9chappe, achetez <b>Talkie-walkie Startech ET1000S40LC2<\/b> au meilleur prix.<\/p>\n<ul>\n<li>Produit \u00e0 brancher: Oui<\/li>\n<li>Type de prise: Prise EU<\/li>\n<li>Connexions:\n<ul>\n<li>Ethernet LAN<\/li>\n<li>LC<\/li>\n<\/ul>\n<\/li>\n<li>Bloc d\u2019Alimentation: r\u00e9seau \u00e9lectrique<\/li>\n<li>Couleur:\n<ul>\n<li>Noir<\/li>\n<li>Blanc<\/li>\n<\/ul>\n<\/li>\n<li>Tension: 12 V<\/li>\n<li>Type: Prise M\u00e2le\/Prise M\u00e2le<\/li>\n<\/ul>","protected":false},"excerpt":{"rendered":"<p>Si vous \u00eates passionn\u00e9 d&#8217;informatique et d&#8217;\u00e9lectronique, si vous \u00eates \u00e0 la pointe de la technologie et qu&#8217;aucun d\u00e9tail ne vous \u00e9chappe, achetez Talkie-walkie Startech ET1000S40LC2 au meilleur prix. Produit \u00e0 brancher: Oui Type de prise: Prise EU Connexions: Ethernet LAN LC Bloc d\u2019Alimentation: r\u00e9seau \u00e9lectrique Couleur: Noir Blanc Tension: 12 V Type: Prise M\u00e2le\/Prise [&hellip;]<\/p>\n","protected":false},"featured_media":42854,"comment_status":"open","ping_status":"closed","template":"","meta":[],"product_brand":[634],"product_cat":[575,65,969],"product_tag":[],"class_list":{"0":"post-42863","1":"product","2":"type-product","3":"status-publish","4":"has-post-thumbnail","6":"product_brand-brandp_4771","7":"product_cat-electronique-telephonie-et-tablettes","8":"product_cat-informatique-electronique","9":"product_cat-talkies-walkies","11":"first","12":"instock","13":"taxable","14":"shipping-taxable","15":"purchasable","16":"product-type-simple"},"_links":{"self":[{"href":"https:\/\/bigbuy.tupique.com\/es\/wp-json\/wp\/v2\/product\/42863","targetHints":{"allow":["GET"]}}],"collection":[{"href":"https:\/\/bigbuy.tupique.com\/es\/wp-json\/wp\/v2\/product"}],"about":[{"href":"https:\/\/bigbuy.tupique.com\/es\/wp-json\/wp\/v2\/types\/product"}],"replies":[{"embeddable":true,"href":"https:\/\/bigbuy.tupique.com\/es\/wp-json\/wp\/v2\/comments?post=42863"}],"wp:featuredmedia":[{"embeddable":true,"href":"https:\/\/bigbuy.tupique.com\/es\/wp-json\/wp\/v2\/media\/42854"}],"wp:attachment":[{"href":"https:\/\/bigbuy.tupique.com\/es\/wp-json\/wp\/v2\/media?parent=42863"}],"wp:term":[{"taxonomy":"product_brand","embeddable":true,"href":"https:\/\/bigbuy.tupique.com\/es\/wp-json\/wp\/v2\/product_brand?post=42863"},{"taxonomy":"product_cat","embeddable":true,"href":"https:\/\/bigbuy.tupique.com\/es\/wp-json\/wp\/v2\/product_cat?post=42863"},{"taxonomy":"product_tag","embeddable":true,"href":"https:\/\/bigbuy.tupique.com\/es\/wp-json\/wp\/v2\/product_tag?post=42863"}],"curies":[{"name":"wp","href":"https:\/\/api.w.org\/{rel}","templated":true}]}}