{"id":42849,"date":"2026-03-30T15:40:50","date_gmt":"2026-03-30T14:40:50","guid":{"rendered":"https:\/\/bigbuy.tupique.com\/produto\/mens-watch-frederique-constant-carree-moonphase-automatic\/"},"modified":"2026-04-15T06:27:12","modified_gmt":"2026-04-15T05:27:12","slug":"mens-watch-frederique-constant-carree-moonphase-automatic","status":"publish","type":"product","link":"https:\/\/bigbuy.tupique.com\/es\/produto\/mens-watch-frederique-constant-carree-moonphase-automatic\/","title":{"rendered":"Montre Homme Frederique Constant CARREE MOONPHASE AUTOMATIC"},"content":{"rendered":"<p>Si vous aimez suivre les derni\u00e8res tendances en mati\u00e8re de mode et accessoires, achetez <b>Montre Homme Frederique Constant CARREE MOONPHASE AUTOMATIC<\/b> au meilleur prix.<\/p>\n<ul>\n<li>Genre: Homme<\/li>\n<li>Liens suppl\u00e9mentaires: Non<\/li>\n<li>Type de montre: Montre-bracelet<\/li>\n<li>Fonctions: Phase lunaire<\/li>\n<li>Mat\u00e9riau du bracelet: Cuir<\/li>\n<li>Inclut: Inclut un \u00e9tui ou une housse de la marque<\/li>\n<li>Imperm\u00e9abilit\u00e9: 3 atm<\/li>\n<li>Verre: Saphir<\/li>\n<li>Type de mouvement: Automatique<\/li>\n<\/ul>","protected":false},"excerpt":{"rendered":"<p>Si vous aimez suivre les derni\u00e8res tendances en mati\u00e8re de mode et accessoires, achetez Montre Homme Frederique Constant CARREE MOONPHASE AUTOMATIC au meilleur prix. Genre: Homme Liens suppl\u00e9mentaires: Non Type de montre: Montre-bracelet Fonctions: Phase lunaire Mat\u00e9riau du bracelet: Cuir Inclut: Inclut un \u00e9tui ou une housse de la marque Imperm\u00e9abilit\u00e9: 3 atm Verre: Saphir [&hellip;]<\/p>\n","protected":false},"featured_media":42847,"comment_status":"open","ping_status":"closed","template":"","meta":[],"product_brand":[795],"product_cat":[544,574,545],"product_tag":[103,543],"class_list":{"0":"post-42849","1":"product","2":"type-product","3":"status-publish","4":"has-post-thumbnail","6":"product_brand-brandp_6826","7":"product_cat-mode-accessoires","8":"product_cat-montres-homme","9":"product_cat-montres-bracelets","10":"product_tag-tag_1261","11":"product_tag-tag_61","13":"first","14":"instock","15":"taxable","16":"shipping-taxable","17":"purchasable","18":"product-type-simple"},"_links":{"self":[{"href":"https:\/\/bigbuy.tupique.com\/es\/wp-json\/wp\/v2\/product\/42849","targetHints":{"allow":["GET"]}}],"collection":[{"href":"https:\/\/bigbuy.tupique.com\/es\/wp-json\/wp\/v2\/product"}],"about":[{"href":"https:\/\/bigbuy.tupique.com\/es\/wp-json\/wp\/v2\/types\/product"}],"replies":[{"embeddable":true,"href":"https:\/\/bigbuy.tupique.com\/es\/wp-json\/wp\/v2\/comments?post=42849"}],"wp:featuredmedia":[{"embeddable":true,"href":"https:\/\/bigbuy.tupique.com\/es\/wp-json\/wp\/v2\/media\/42847"}],"wp:attachment":[{"href":"https:\/\/bigbuy.tupique.com\/es\/wp-json\/wp\/v2\/media?parent=42849"}],"wp:term":[{"taxonomy":"product_brand","embeddable":true,"href":"https:\/\/bigbuy.tupique.com\/es\/wp-json\/wp\/v2\/product_brand?post=42849"},{"taxonomy":"product_cat","embeddable":true,"href":"https:\/\/bigbuy.tupique.com\/es\/wp-json\/wp\/v2\/product_cat?post=42849"},{"taxonomy":"product_tag","embeddable":true,"href":"https:\/\/bigbuy.tupique.com\/es\/wp-json\/wp\/v2\/product_tag?post=42849"}],"curies":[{"name":"wp","href":"https:\/\/api.w.org\/{rel}","templated":true}]}}