{"id":42585,"date":"2026-03-30T15:14:19","date_gmt":"2026-03-30T14:14:19","guid":{"rendered":"https:\/\/bigbuy.tupique.com\/produto\/smartwatch-apple-se-3-white-157\/"},"modified":"2026-05-11T19:55:47","modified_gmt":"2026-05-11T17:55:47","slug":"smartwatch-apple-se-3-white-157","status":"publish","type":"product","link":"https:\/\/bigbuy.tupique.com\/es\/produto\/smartwatch-apple-se-3-white-157\/","title":{"rendered":"Montre intelligente Apple SE 3 Blanc 1,57&#8243;"},"content":{"rendered":"<p>Si vous \u00eates \u00e0 la recherche de nouvelles tendances sur le march\u00e9, nous vous pr\u00e9sentons <b>Montre intelligente Apple SE 3 Blanc 1,57&#8243;<\/b> !<\/p>\n<p>La <b>Apple Watch SE3<\/b> est une <b>smartwatch<\/b> con\u00e7ue pour offrir un \u00e9quilibre parfait entre fonctionnalit\u00e9, confort et connectivit\u00e9. Cette version int\u00e8gre un <b>bo\u00eetier en aluminium<\/b> l\u00e9ger de couleur <b>Blanc \u00c9toile<\/b> qui lui conf\u00e8re une finition \u00e9l\u00e9gante et moderne, accompagn\u00e9 d\u2019un <b>bracelet sport assorti<\/b> (Blanc \u00c9toile, taille M\/L) garantissant un ajustement confortable et s\u00e9curis\u00e9 tout au long de la journ\u00e9e, aussi bien lors d\u2019activit\u00e9s sportives qu\u2019en usage quotidien. Son <b>\u00e9cran tactile<\/b> permet une interaction intuitive et fluide avec l\u2019appareil, facilitant l\u2019acc\u00e8s rapide aux notifications, applications et fonctions de suivi sant\u00e9. Parmi ses capteurs figure un <b>acc\u00e9l\u00e9rom\u00e8tre<\/b> qui suit pr\u00e9cis\u00e9ment les mouvements pour enregistrer les activit\u00e9s physiques et calculer des donn\u00e9es comme les pas ou les calories d\u00e9pens\u00e9es. De plus, il int\u00e8gre des <b>haut-parleurs int\u00e9gr\u00e9s<\/b> qui \u00e9tendent ses capacit\u00e9s multim\u00e9dias et de communication, permettant de diffuser un son clair et de r\u00e9pondre aux appels directement depuis le poignet. C\u00f4t\u00e9 connectivit\u00e9, il dispose des technologies <b>Bluetooth<\/b> et <b>Wi-Fi<\/b>, assurant une synchronisation fluide avec l\u2019iPhone et un acc\u00e8s Internet pour les mises \u00e0 jour et la gestion \u00e0 distance des fonctions. Son design robuste et contemporain r\u00e9pond aux attentes des utilisateurs actifs souhaitant allier style et technologie avanc\u00e9e dans un appareil polyvalent pour la vie quotidienne. L\u2019Apple Watch SE3 se pr\u00e9sente comme une option remarquable dans la gamme des montres connect\u00e9es Apple, offrant des performances solides et un design soign\u00e9, id\u00e9al pour ceux qui recherchent un compromis entre puissance et esth\u00e9tique.<\/p>\n<ul>\n<li>Type de montre: Montre intelligente<\/li>\n<li>Produit \u00e0 brancher: Oui<\/li>\n<li>Bloc d\u2019Alimentation: r\u00e9seau \u00e9lectrique<\/li>\n<li>Couleur: Blanc<\/li>\n<li>M\u00e9moire interne: 64 GB<\/li>\n<li>Processeur: Dual Core<\/li>\n<li>Ecran: 1,57&#8243;<\/li>\n<\/ul>","protected":false},"excerpt":{"rendered":"<p>Si vous \u00eates \u00e0 la recherche de nouvelles tendances sur le march\u00e9, nous vous pr\u00e9sentons Montre intelligente Apple SE 3 Blanc 1,57&#8243; ! La Apple Watch SE3 est une smartwatch con\u00e7ue pour offrir un \u00e9quilibre parfait entre fonctionnalit\u00e9, confort et connectivit\u00e9. Cette version int\u00e8gre un bo\u00eetier en aluminium l\u00e9ger de couleur Blanc \u00c9toile qui lui [&hellip;]<\/p>\n","protected":false},"featured_media":161191,"comment_status":"open","ping_status":"closed","template":"","meta":[],"product_brand":[979],"product_cat":[575,65,748],"product_tag":[103,566,106],"class_list":{"0":"post-42585","1":"product","2":"type-product","3":"status-publish","4":"has-post-thumbnail","6":"product_brand-brandp_533","7":"product_cat-electronique-telephonie-et-tablettes","8":"product_cat-informatique-electronique","9":"product_cat-smartwatches","10":"product_tag-tag_1261","11":"product_tag-tag_547","12":"product_tag-tag_1295","14":"first","15":"instock","16":"taxable","17":"shipping-taxable","18":"purchasable","19":"product-type-simple"},"_links":{"self":[{"href":"https:\/\/bigbuy.tupique.com\/es\/wp-json\/wp\/v2\/product\/42585","targetHints":{"allow":["GET"]}}],"collection":[{"href":"https:\/\/bigbuy.tupique.com\/es\/wp-json\/wp\/v2\/product"}],"about":[{"href":"https:\/\/bigbuy.tupique.com\/es\/wp-json\/wp\/v2\/types\/product"}],"replies":[{"embeddable":true,"href":"https:\/\/bigbuy.tupique.com\/es\/wp-json\/wp\/v2\/comments?post=42585"}],"wp:featuredmedia":[{"embeddable":true,"href":"https:\/\/bigbuy.tupique.com\/es\/wp-json\/wp\/v2\/media\/161191"}],"wp:attachment":[{"href":"https:\/\/bigbuy.tupique.com\/es\/wp-json\/wp\/v2\/media?parent=42585"}],"wp:term":[{"taxonomy":"product_brand","embeddable":true,"href":"https:\/\/bigbuy.tupique.com\/es\/wp-json\/wp\/v2\/product_brand?post=42585"},{"taxonomy":"product_cat","embeddable":true,"href":"https:\/\/bigbuy.tupique.com\/es\/wp-json\/wp\/v2\/product_cat?post=42585"},{"taxonomy":"product_tag","embeddable":true,"href":"https:\/\/bigbuy.tupique.com\/es\/wp-json\/wp\/v2\/product_tag?post=42585"}],"curies":[{"name":"wp","href":"https:\/\/api.w.org\/{rel}","templated":true}]}}