{"id":42381,"date":"2026-03-30T15:02:04","date_gmt":"2026-03-30T14:02:04","guid":{"rendered":"https:\/\/bigbuy.tupique.com\/produto\/projector-epson-v11hb58040-4000-lm\/"},"modified":"2026-04-15T06:26:57","modified_gmt":"2026-04-15T05:26:57","slug":"projector-epson-v11hb58040-4000-lm","status":"publish","type":"product","link":"https:\/\/bigbuy.tupique.com\/es\/produto\/projector-epson-v11hb58040-4000-lm\/","title":{"rendered":"Projecteur Epson V11HB58040 4000 Lm"},"content":{"rendered":"<p>Si vous \u00eates \u00e0 la recherche de nouvelles tendances sur le march\u00e9, nous vous pr\u00e9sentons <b>Projecteur Epson V11HB58040 4000 Lm<\/b> !<\/p>\n<ul>\n<li>Type: Projecteur<\/li>\n<li>Couleur: Blanc<\/li>\n<li>Connexions:\n<ul>\n<li>2<\/li>\n<li>USB 2.0<\/li>\n<li>HDMI x 2<\/li>\n<\/ul>\n<\/li>\n<li>Fr\u00e9quence: 50-60 Hz<\/li>\n<li>Ethernet: Non<\/li>\n<li>Flux lumineux: 4000 Lm<\/li>\n<li>Rapport d&#8217;aspect: 16:10<\/li>\n<li>Connectivit\u00e9:\n<ul>\n<li>Wi-Fi<\/li>\n<li>Wi-Fi 4 (802.11n)<\/li>\n<\/ul>\n<\/li>\n<li>Bloc d\u2019Alimentation: Cordon d&#8217;alimentation CA<\/li>\n<li>Piles incluses: Oui<\/li>\n<li>TV intelligente: Non<\/li>\n<li>Inclut: T\u00e9l\u00e9commande<\/li>\n<li>Tension: 100 &#8211; 240 V<\/li>\n<li>Niveau sonore:\n<ul>\n<li>37 dB<\/li>\n<li>28 dB<\/li>\n<\/ul>\n<\/li>\n<li>Fr\u00e9quence d&#8217;entr\u00e9e AC: 50-60 Hz<\/li>\n<li>puissance: 210 W<\/li>\n<li>Brille: 2600 lm ANSI<\/li>\n<li>Connecteurs: Kensington<\/li>\n<li>\u00c9cran integr\u00e9: Non<\/li>\n<li>Rapport de contraste: 16000:1<\/li>\n<li>Full HD: Non<\/li>\n<li>Caract\u00e9ristiques:\n<ul>\n<li>Protection des donn\u00e9es\/mot de passe<\/li>\n<li>Haut-parleurs int\u00e9gr\u00e9s<\/li>\n<\/ul>\n<\/li>\n<li>Utilisation recommand\u00e9e: R\u00e9cepteur de ome cinema<\/li>\n<li>Echelle: 1.2:1<\/li>\n<\/ul>","protected":false},"excerpt":{"rendered":"<p>Si vous \u00eates \u00e0 la recherche de nouvelles tendances sur le march\u00e9, nous vous pr\u00e9sentons Projecteur Epson V11HB58040 4000 Lm ! Type: Projecteur Couleur: Blanc Connexions: 2 USB 2.0 HDMI x 2 Fr\u00e9quence: 50-60 Hz Ethernet: Non Flux lumineux: 4000 Lm Rapport d&#8217;aspect: 16:10 Connectivit\u00e9: Wi-Fi Wi-Fi 4 (802.11n) Bloc d\u2019Alimentation: Cordon d&#8217;alimentation CA Piles [&hellip;]<\/p>\n","protected":false},"featured_media":42373,"comment_status":"open","ping_status":"closed","template":"","meta":[],"product_brand":[632],"product_cat":[65,581,583],"product_tag":[],"class_list":{"0":"post-42381","1":"product","2":"type-product","3":"status-publish","4":"has-post-thumbnail","6":"product_brand-brandp_547","7":"product_cat-informatique-electronique","8":"product_cat-informatique-peripheriques-et-consommables","9":"product_cat-projecteurs","11":"first","12":"instock","13":"taxable","14":"shipping-taxable","15":"purchasable","16":"product-type-simple"},"_links":{"self":[{"href":"https:\/\/bigbuy.tupique.com\/es\/wp-json\/wp\/v2\/product\/42381","targetHints":{"allow":["GET"]}}],"collection":[{"href":"https:\/\/bigbuy.tupique.com\/es\/wp-json\/wp\/v2\/product"}],"about":[{"href":"https:\/\/bigbuy.tupique.com\/es\/wp-json\/wp\/v2\/types\/product"}],"replies":[{"embeddable":true,"href":"https:\/\/bigbuy.tupique.com\/es\/wp-json\/wp\/v2\/comments?post=42381"}],"wp:featuredmedia":[{"embeddable":true,"href":"https:\/\/bigbuy.tupique.com\/es\/wp-json\/wp\/v2\/media\/42373"}],"wp:attachment":[{"href":"https:\/\/bigbuy.tupique.com\/es\/wp-json\/wp\/v2\/media?parent=42381"}],"wp:term":[{"taxonomy":"product_brand","embeddable":true,"href":"https:\/\/bigbuy.tupique.com\/es\/wp-json\/wp\/v2\/product_brand?post=42381"},{"taxonomy":"product_cat","embeddable":true,"href":"https:\/\/bigbuy.tupique.com\/es\/wp-json\/wp\/v2\/product_cat?post=42381"},{"taxonomy":"product_tag","embeddable":true,"href":"https:\/\/bigbuy.tupique.com\/es\/wp-json\/wp\/v2\/product_tag?post=42381"}],"curies":[{"name":"wp","href":"https:\/\/api.w.org\/{rel}","templated":true}]}}