{"id":42273,"date":"2026-03-30T14:57:16","date_gmt":"2026-03-30T13:57:16","guid":{"rendered":"https:\/\/bigbuy.tupique.com\/produto\/tablet-lenovo-yoga-tab-plus-127-octa-core-16-gb-ram-256-gb-blue\/"},"modified":"2026-05-11T19:55:48","modified_gmt":"2026-05-11T17:55:48","slug":"tablet-lenovo-yoga-tab-plus-127-octa-core-16-gb-ram-256-gb-blue","status":"publish","type":"product","link":"https:\/\/bigbuy.tupique.com\/es\/produto\/tablet-lenovo-yoga-tab-plus-127-octa-core-16-gb-ram-256-gb-blue\/","title":{"rendered":"Tablette Lenovo Yoga Tab Plus 12,7&#8243; Octa Core 16 GB RAM 256 GB Bleu"},"content":{"rendered":"<p>Si vous \u00eates \u00e0 la recherche de nouvelles tendances sur le march\u00e9, nous vous pr\u00e9sentons <b>Tablette Lenovo Yoga Tab Plus 12,7&#8243; Octa Core 16 GB RAM 256 GB Bleu<\/b> !<\/p>\n<p>La <b>Lenovo Yoga Tab Plus<\/b> est une <b>tablette<\/b> con\u00e7ue pour offrir une exp\u00e9rience d\u2019utilisation exceptionnelle, alliant puissance, \u00e9cran de haute qualit\u00e9 et fonctions intelligentes. Elle dispose de <b>16 Go de RAM<\/b> et d\u2019un stockage interne de <b>256 Go<\/b>, garantissant des performances fluides et un large espace pour applications et fichiers. Son \u00e9cran tactile de <b>12,7 pouces<\/b> avec technologie <b>Puresight Pro<\/b> offre une r\u00e9solution spectaculaire 3K, un taux de rafra\u00eechissement de <b>144 Hz<\/b> et une couverture \u00e0 100 % de l\u2019espace colorim\u00e9trique DCI-P3, pour des images nettes, des couleurs r\u00e9alistes et une luminosit\u00e9 maximale de <b>900 nits<\/b>, id\u00e9ale pour voir le contenu m\u00eame en pleine lumi\u00e8re. \u00c9quip\u00e9e du processeur Snapdragon\u00ae 8 Gen 3 et de la NPU Qualcomm\u00ae Hexagon\u2122, elle propose des performances avanc\u00e9es en intelligence artificielle jusqu\u2019\u00e0 <b>20 TOPS<\/b>, facilitant une productivit\u00e9 \u00e9lev\u00e9e et adaptable gr\u00e2ce \u00e0 <b>Lenovo AI Now<\/b>, qui optimise les t\u00e2ches via IA locale et cloud. C\u00f4t\u00e9 s\u00e9curit\u00e9, ce mod\u00e8le se distingue par une unit\u00e9 de traitement de s\u00e9curit\u00e9 (SPU) d\u00e9di\u00e9e et un chiffrement biom\u00e9trique, assurant protection par reconnaissance faciale et lecteur d\u2019empreintes. Son design bleu int\u00e8gre une cam\u00e9ra frontale id\u00e9ale pour les visioconf\u00e9rences et une navigation fluide renforc\u00e9e par des accessoires optionnels, comme le clavier avec touche Smart et TrackPad multigestes, pour un travail ou une cr\u00e9ativit\u00e9 confortables en mobilit\u00e9. De plus, l\u2019int\u00e9gration avec le Lenovo Tab Pen Pro ouvre de nouvelles possibilit\u00e9s pour le dessin et la prise de notes, avec pr\u00e9cision et r\u00e9ponse adaptative gr\u00e2ce \u00e0 l\u2019IA hybride. Ce dispositif fonctionne sous Android\u2122 14 et garantit des mises \u00e0 jour jusqu\u2019\u00e0 Android\u2122 17, ainsi que quatre ans de correctifs de s\u00e9curit\u00e9, offrant une plateforme fiable et \u00e0 jour. Avec connectivit\u00e9 Bluetooth et Wi-Fi, il assure une connexion stable \u00e0 tout moment. En r\u00e9sum\u00e9, le Lenovo Yoga Tab Plus repr\u00e9sente un \u00e9quilibre solide entre performance, qualit\u00e9 visuelle et solutions intelligentes, destin\u00e9 aux utilisateurs exigeants en productivit\u00e9 et flexibilit\u00e9 dans un format innovant et avanc\u00e9.<\/p>\n<ul>\n<li>Type: Tablette<\/li>\n<li>Type de prise: Prise EU<\/li>\n<li>Produit \u00e0 brancher: Oui<\/li>\n<li>Caract\u00e9ristiques:\n<ul>\n<li>Cam\u00e9ra frontale<\/li>\n<li>Reconnaissance faciale<\/li>\n<li>Lecteur d&#8217;empreintes<\/li>\n<li>Chargement rapide<\/li>\n<li>Ecran tactile<\/li>\n<li>accesorios incluidos<\/li>\n<\/ul>\n<\/li>\n<li>Rapport d&#8217;aspect:\n<ul>\n<li>16:10<\/li>\n<li>16:9<\/li>\n<\/ul>\n<\/li>\n<li>Connectivit\u00e9:\n<ul>\n<li>Wi-Fi<\/li>\n<li>Wi-Fi 5 GHz<\/li>\n<li>Bluetooth<\/li>\n<\/ul>\n<\/li>\n<li>Capteurs: Magn\u00e9tom\u00e8tre<\/li>\n<li>Ecran tactile: Oui<\/li>\n<li>Gyroscope: Oui<\/li>\n<li>Acc\u00e9l\u00e9rom\u00e8tre: Oui<\/li>\n<li>Connexions:\n<ul>\n<li>USB-C 3.2 x 1<\/li>\n<li>USB-C<\/li>\n<\/ul>\n<\/li>\n<li>\u00c9lev\u00e9: 8 cm<\/li>\n<li>Inclut: Clavier<\/li>\n<li>Batterie: Polym\u00e8re de lithium<\/li>\n<li>Capacit\u00e9 de la batterie: 10200 mAh<\/li>\n<li>Noyaux: 8 Noyaux<\/li>\n<li>Famille de processeurs: Qualcomm Snapdragon<\/li>\n<li>R\u00e9solution: 3K<\/li>\n<li>Brille: 650 CD \/ M\u00b2<\/li>\n<li>R\u00e9solution (px): 2944 X 1840 PX<\/li>\n<li>Poids approx.: 640 G<\/li>\n<li>Processeur:\n<ul>\n<li>SNAPDRAGON 8 gen 3<\/li>\n<li>Octa Core<\/li>\n<\/ul>\n<\/li>\n<li>Syst\u00e8me d&#8217;exploitation:\n<ul>\n<li>Android 14<\/li>\n<li>Android<\/li>\n<li>Windows<\/li>\n<li>Windows 11<\/li>\n<\/ul>\n<\/li>\n<li>Bloc d\u2019Alimentation: r\u00e9seau \u00e9lectrique<\/li>\n<li>Cam\u00e9ra\/Appareil Photo: 13 mpx<\/li>\n<li>Ecran: 12,7&#8243;<\/li>\n<li>M\u00e9moire RAM: 16 GB RAM<\/li>\n<li>M\u00e9moire interne: 256 GB<\/li>\n<li>Couleur: Bleu<\/li>\n<li>Poids: 1,2 kg<\/li>\n<\/ul>","protected":false},"excerpt":{"rendered":"<p>Si vous \u00eates \u00e0 la recherche de nouvelles tendances sur le march\u00e9, nous vous pr\u00e9sentons Tablette Lenovo Yoga Tab Plus 12,7&#8243; Octa Core 16 GB RAM 256 GB Bleu ! La Lenovo Yoga Tab Plus est une tablette con\u00e7ue pour offrir une exp\u00e9rience d\u2019utilisation exceptionnelle, alliant puissance, \u00e9cran de haute qualit\u00e9 et fonctions intelligentes. Elle [&hellip;]<\/p>\n","protected":false},"featured_media":42247,"comment_status":"open","ping_status":"closed","template":"","meta":[],"product_brand":[661],"product_cat":[575,65,1052],"product_tag":[566,106],"class_list":{"0":"post-42273","1":"product","2":"type-product","3":"status-publish","4":"has-post-thumbnail","6":"product_brand-brandp_558","7":"product_cat-electronique-telephonie-et-tablettes","8":"product_cat-informatique-electronique","9":"product_cat-tablettes","10":"product_tag-tag_547","11":"product_tag-tag_1295","13":"first","14":"instock","15":"taxable","16":"shipping-taxable","17":"purchasable","18":"product-type-simple"},"_links":{"self":[{"href":"https:\/\/bigbuy.tupique.com\/es\/wp-json\/wp\/v2\/product\/42273","targetHints":{"allow":["GET"]}}],"collection":[{"href":"https:\/\/bigbuy.tupique.com\/es\/wp-json\/wp\/v2\/product"}],"about":[{"href":"https:\/\/bigbuy.tupique.com\/es\/wp-json\/wp\/v2\/types\/product"}],"replies":[{"embeddable":true,"href":"https:\/\/bigbuy.tupique.com\/es\/wp-json\/wp\/v2\/comments?post=42273"}],"wp:featuredmedia":[{"embeddable":true,"href":"https:\/\/bigbuy.tupique.com\/es\/wp-json\/wp\/v2\/media\/42247"}],"wp:attachment":[{"href":"https:\/\/bigbuy.tupique.com\/es\/wp-json\/wp\/v2\/media?parent=42273"}],"wp:term":[{"taxonomy":"product_brand","embeddable":true,"href":"https:\/\/bigbuy.tupique.com\/es\/wp-json\/wp\/v2\/product_brand?post=42273"},{"taxonomy":"product_cat","embeddable":true,"href":"https:\/\/bigbuy.tupique.com\/es\/wp-json\/wp\/v2\/product_cat?post=42273"},{"taxonomy":"product_tag","embeddable":true,"href":"https:\/\/bigbuy.tupique.com\/es\/wp-json\/wp\/v2\/product_tag?post=42273"}],"curies":[{"name":"wp","href":"https:\/\/api.w.org\/{rel}","templated":true}]}}