{"id":41945,"date":"2026-03-30T14:25:18","date_gmt":"2026-03-30T13:25:18","guid":{"rendered":"https:\/\/bigbuy.tupique.com\/produto\/smartwatch-apple-watch-series-11-gps-cellular-black-177\/"},"modified":"2026-04-15T06:26:42","modified_gmt":"2026-04-15T05:26:42","slug":"smartwatch-apple-watch-series-11-gps-cellular-black-177","status":"publish","type":"product","link":"https:\/\/bigbuy.tupique.com\/es\/produto\/smartwatch-apple-watch-series-11-gps-cellular-black-177\/","title":{"rendered":"Montre intelligente Apple Watch Series 11 GPS + Cellular Noir 1,77&#8243;"},"content":{"rendered":"<p>Si vous \u00eates passionn\u00e9 d&#8217;<b>informatique et d&#8217;\u00e9lectronique<\/b>, si vous \u00eates \u00e0 la pointe de la technologie et qu&#8217;aucun d\u00e9tail ne vous \u00e9chappe, achetez <b>Montre intelligente Apple Watch Series 11 GPS + Cellular Noir 1,77&#8243;<\/b> au meilleur prix.<\/p>\n<p>L\u2019<b>Apple Watch<\/b> est une <b>smartwatch<\/b> haut de gamme d\u00e9velopp\u00e9e par Apple, reconnue pour son \u00e9quilibre entre design \u00e9l\u00e9gant et fonctionnalit\u00e9s avanc\u00e9es d\u00e9di\u00e9es au suivi de la sant\u00e9 et de l\u2019activit\u00e9 physique. Elle dispose d\u2019un <b>\u00e9cran tactile de 1,77 pouces<\/b> qui facilite la navigation et offre une visualisation claire des notifications et applications. L\u2019appareil int\u00e8gre un <b>acc\u00e9l\u00e9rom\u00e8tre<\/b> et des <b>haut-parleurs int\u00e9gr\u00e9s<\/b>, permettant d\u2019enregistrer les mouvements et l\u2019activit\u00e9 quotidienne, ainsi que de g\u00e9rer les appels et le contenu multim\u00e9dia directement depuis le poignet. Son <b>bo\u00eetier en aluminium<\/b> de couleur <b>noire<\/b> assure r\u00e9sistance et l\u00e9g\u00e8ret\u00e9, tandis que le bracelet en <b>caoutchouc<\/b> garantit confort et durabilit\u00e9 au quotidien comme lors des activit\u00e9s sportives. La connectivit\u00e9 <b>Bluetooth<\/b> permet de synchroniser facilement la smartwatch avec d\u2019autres appareils Apple, s\u2019int\u00e9grant parfaitement \u00e0 l\u2019\u00e9cosyst\u00e8me de la marque. Cette montre connect\u00e9e est con\u00e7ue aussi bien pour les utilisateurs souhaitant un suivi pr\u00e9cis de leurs habitudes de sant\u00e9 que pour ceux qui appr\u00e9cient la fonctionnalit\u00e9 et le design dans un seul appareil. En r\u00e9sum\u00e9, l\u2019Apple Watch constitue une solution polyvalente et fiable pour le suivi de l\u2019activit\u00e9 quotidienne et la gestion efficace des notifications personnelles.<\/p>\n<ul>\n<li>Type de montre: Montre intelligente<\/li>\n<li>Produit \u00e0 brancher: Oui<\/li>\n<li>Type de prise: Prise EU<\/li>\n<li>Bloc d\u2019Alimentation: r\u00e9seau \u00e9lectrique<\/li>\n<li>Couleur: Noir<\/li>\n<li>M\u00e9moire interne: 64 GB<\/li>\n<li>Processeur: Dual Core<\/li>\n<li>Ecran: 1,77&#8243;<\/li>\n<li>Dimensions approx.: 4,2 x 3,6 x 1 cm<\/li>\n<li>Mati\u00e8re:\n<ul>\n<li>Caoutchouc<\/li>\n<li>Aluminium<\/li>\n<\/ul>\n<\/li>\n<li>Caract\u00e9ristiques:\n<ul>\n<li>Acc\u00e9l\u00e9rom\u00e8tre<\/li>\n<li>Haut-parleurs int\u00e9gr\u00e9s<\/li>\n<li>Ecran tactile<\/li>\n<li>Capteur de lumi\u00e8re ambiante<\/li>\n<li>Gyroscope<\/li>\n<li>Altim\u00e8tre<\/li>\n<li>Microphone int\u00e9gr\u00e9<\/li>\n<li>Distance parcourue<\/li>\n<li>Moniteur de Sommeil<\/li>\n<li>Connexion au r\u00e9seau mobile<\/li>\n<li>Charge magn\u00e9tique<\/li>\n<li>Multisport<\/li>\n<li>Capteur de niveau d&#8217;oxyg\u00e8ne dans le sang<\/li>\n<li>\u00c9cran avec coins arrondis<\/li>\n<\/ul>\n<\/li>\n<li>Fonctions:\n<ul>\n<li>\u00c9cran couleur<\/li>\n<li>Moniteur de Sommeil<\/li>\n<li>Moniteur de fr\u00e9quence cardiaque<\/li>\n<\/ul>\n<\/li>\n<li>Type de batterie:\n<ul>\n<li>Int\u00e9gr\u00e9e<\/li>\n<li>Litio Ion<\/li>\n<\/ul>\n<\/li>\n<li>Connectivit\u00e9:\n<ul>\n<li>Bluetooth<\/li>\n<li>Wi-Fi<\/li>\n<li>GPS<\/li>\n<li>NFC<\/li>\n<li>Glonass<\/li>\n<li>BeiDou<\/li>\n<li>Galileo<\/li>\n<li>5G<\/li>\n<li>Bluetooth Low Energy<\/li>\n<li>LTE<\/li>\n<li>Bluetooth 5.3<\/li>\n<\/ul>\n<\/li>\n<li>Compatible: Siri<\/li>\n<li>Forme: Rectangulaire<\/li>\n<li>Cam\u00e9ra\/Appareil Photo: Non<\/li>\n<li>Chargeur sans fil: Oui<\/li>\n<li>Radio FM: Non<\/li>\n<li>R\u00e9sistant \u00e0 l&#8217;eau: 50 m<\/li>\n<li>Technologie: OLED<\/li>\n<li>Connexion USB: Non<\/li>\n<li>Sangle: Amovible<\/li>\n<li>M\u00e9moire Flash: 64 MB<\/li>\n<li>Noyaux: 2 Noyaux<\/li>\n<\/ul>","protected":false},"excerpt":{"rendered":"<p>Si vous \u00eates passionn\u00e9 d&#8217;informatique et d&#8217;\u00e9lectronique, si vous \u00eates \u00e0 la pointe de la technologie et qu&#8217;aucun d\u00e9tail ne vous \u00e9chappe, achetez Montre intelligente Apple Watch Series 11 GPS + Cellular Noir 1,77&#8243; au meilleur prix. L\u2019Apple Watch est une smartwatch haut de gamme d\u00e9velopp\u00e9e par Apple, reconnue pour son \u00e9quilibre entre design \u00e9l\u00e9gant [&hellip;]<\/p>\n","protected":false},"featured_media":41928,"comment_status":"open","ping_status":"closed","template":"","meta":[],"product_brand":[979],"product_cat":[575,65,748],"product_tag":[103,566,106],"class_list":{"0":"post-41945","1":"product","2":"type-product","3":"status-publish","4":"has-post-thumbnail","6":"product_brand-brandp_533","7":"product_cat-electronique-telephonie-et-tablettes","8":"product_cat-informatique-electronique","9":"product_cat-smartwatches","10":"product_tag-tag_1261","11":"product_tag-tag_547","12":"product_tag-tag_1295","14":"first","15":"instock","16":"taxable","17":"shipping-taxable","18":"purchasable","19":"product-type-simple"},"_links":{"self":[{"href":"https:\/\/bigbuy.tupique.com\/es\/wp-json\/wp\/v2\/product\/41945","targetHints":{"allow":["GET"]}}],"collection":[{"href":"https:\/\/bigbuy.tupique.com\/es\/wp-json\/wp\/v2\/product"}],"about":[{"href":"https:\/\/bigbuy.tupique.com\/es\/wp-json\/wp\/v2\/types\/product"}],"replies":[{"embeddable":true,"href":"https:\/\/bigbuy.tupique.com\/es\/wp-json\/wp\/v2\/comments?post=41945"}],"wp:featuredmedia":[{"embeddable":true,"href":"https:\/\/bigbuy.tupique.com\/es\/wp-json\/wp\/v2\/media\/41928"}],"wp:attachment":[{"href":"https:\/\/bigbuy.tupique.com\/es\/wp-json\/wp\/v2\/media?parent=41945"}],"wp:term":[{"taxonomy":"product_brand","embeddable":true,"href":"https:\/\/bigbuy.tupique.com\/es\/wp-json\/wp\/v2\/product_brand?post=41945"},{"taxonomy":"product_cat","embeddable":true,"href":"https:\/\/bigbuy.tupique.com\/es\/wp-json\/wp\/v2\/product_cat?post=41945"},{"taxonomy":"product_tag","embeddable":true,"href":"https:\/\/bigbuy.tupique.com\/es\/wp-json\/wp\/v2\/product_tag?post=41945"}],"curies":[{"name":"wp","href":"https:\/\/api.w.org\/{rel}","templated":true}]}}