{"id":41812,"date":"2026-03-30T14:15:02","date_gmt":"2026-03-30T13:15:02","guid":{"rendered":"https:\/\/bigbuy.tupique.com\/produto\/tablet-cover-compulocks-140wuclgvwmw-white\/"},"modified":"2026-04-16T10:15:05","modified_gmt":"2026-04-16T09:15:05","slug":"tablet-cover-compulocks-140wuclgvwmw-white","status":"publish","type":"product","link":"https:\/\/bigbuy.tupique.com\/es\/produto\/tablet-cover-compulocks-140wuclgvwmw-white\/","title":{"rendered":"Housse pour Tablette Compulocks 140WUCLGVWMW Blanc"},"content":{"rendered":"<p>Si vous \u00eates \u00e0 la recherche de nouvelles tendances sur le march\u00e9, nous vous pr\u00e9sentons <b>Housse pour Tablette Compulocks 140WUCLGVWMW Blanc<\/b> !<\/p>\n<ul>\n<li>Type: Housse pour Tablette<\/li>\n<li>Couleur: Blanc<\/li>\n<li>Mat\u00e9riel: Acier<\/li>\n<li>Ecran: 13&#8243;<\/li>\n<li>Compatible:\n<ul>\n<li>VESA<\/li>\n<li>VESA 75 x 75, 100 x 100<\/li>\n<li>Apple<\/li>\n<\/ul>\n<\/li>\n<li>Pouces: 13&#8243;<\/li>\n<li>Inclut: Manuel de l&#8217;utilisateur<\/li>\n<\/ul>","protected":false},"excerpt":{"rendered":"<p>Si vous \u00eates \u00e0 la recherche de nouvelles tendances sur le march\u00e9, nous vous pr\u00e9sentons Housse pour Tablette Compulocks 140WUCLGVWMW Blanc ! Type: Housse pour Tablette Couleur: Blanc Mat\u00e9riel: Acier Ecran: 13&#8243; Compatible: VESA VESA 75 x 75, 100 x 100 Apple Pouces: 13&#8243; Inclut: Manuel de l&#8217;utilisateur<\/p>","protected":false},"featured_media":41809,"comment_status":"open","ping_status":"closed","template":"","meta":[],"product_brand":[999],"product_cat":[575,971,65],"product_tag":[566,106],"class_list":{"0":"post-41812","1":"product","2":"type-product","3":"status-publish","4":"has-post-thumbnail","6":"product_brand-brandp_4787","7":"product_cat-electronique-telephonie-et-tablettes","8":"product_cat-housse-de-tablette","9":"product_cat-informatique-electronique","10":"product_tag-tag_547","11":"product_tag-tag_1295","13":"first","14":"instock","15":"taxable","16":"shipping-taxable","17":"purchasable","18":"product-type-simple"},"_links":{"self":[{"href":"https:\/\/bigbuy.tupique.com\/es\/wp-json\/wp\/v2\/product\/41812","targetHints":{"allow":["GET"]}}],"collection":[{"href":"https:\/\/bigbuy.tupique.com\/es\/wp-json\/wp\/v2\/product"}],"about":[{"href":"https:\/\/bigbuy.tupique.com\/es\/wp-json\/wp\/v2\/types\/product"}],"replies":[{"embeddable":true,"href":"https:\/\/bigbuy.tupique.com\/es\/wp-json\/wp\/v2\/comments?post=41812"}],"wp:featuredmedia":[{"embeddable":true,"href":"https:\/\/bigbuy.tupique.com\/es\/wp-json\/wp\/v2\/media\/41809"}],"wp:attachment":[{"href":"https:\/\/bigbuy.tupique.com\/es\/wp-json\/wp\/v2\/media?parent=41812"}],"wp:term":[{"taxonomy":"product_brand","embeddable":true,"href":"https:\/\/bigbuy.tupique.com\/es\/wp-json\/wp\/v2\/product_brand?post=41812"},{"taxonomy":"product_cat","embeddable":true,"href":"https:\/\/bigbuy.tupique.com\/es\/wp-json\/wp\/v2\/product_cat?post=41812"},{"taxonomy":"product_tag","embeddable":true,"href":"https:\/\/bigbuy.tupique.com\/es\/wp-json\/wp\/v2\/product_tag?post=41812"}],"curies":[{"name":"wp","href":"https:\/\/api.w.org\/{rel}","templated":true}]}}