{"id":41542,"date":"2026-03-30T14:01:04","date_gmt":"2026-03-30T13:01:04","guid":{"rendered":"https:\/\/bigbuy.tupique.com\/produto\/external-hard-drive-lacie-stnd1000400-grey-orange-1-tb-hdd\/"},"modified":"2026-04-16T10:19:50","modified_gmt":"2026-04-16T09:19:50","slug":"external-hard-drive-lacie-stnd1000400-grey-orange-1-tb-hdd","status":"publish","type":"product","link":"https:\/\/bigbuy.tupique.com\/es\/produto\/external-hard-drive-lacie-stnd1000400-grey-orange-1-tb-hdd\/","title":{"rendered":"Disque Dur Externe LaCie STND1000400 Gris Orange 1 TB HDD"},"content":{"rendered":"<p>Si vous \u00eates \u00e0 la recherche de nouvelles tendances sur le march\u00e9, nous vous pr\u00e9sentons <b>Disque Dur Externe LaCie STND1000400 Gris Orange 1 TB HDD<\/b> !<\/p>\n<ul>\n<li>Type: Disque Dur Externe<\/li>\n<li>Couleur:\n<ul>\n<li>Gris<\/li>\n<li>Orange<\/li>\n<\/ul>\n<\/li>\n<li>Connexions:\n<ul>\n<li>USB-C<\/li>\n<li>USB 3.2<\/li>\n<\/ul>\n<\/li>\n<li>Disque dur: 1 TB HDD<\/li>\n<li>Inclut: C\u00e2ble USB-C<\/li>\n<\/ul>","protected":false},"excerpt":{"rendered":"<p>Si vous \u00eates \u00e0 la recherche de nouvelles tendances sur le march\u00e9, nous vous pr\u00e9sentons Disque Dur Externe LaCie STND1000400 Gris Orange 1 TB HDD ! Type: Disque Dur Externe Couleur: Gris Orange Connexions: USB-C USB 3.2 Disque dur: 1 TB HDD Inclut: C\u00e2ble USB-C<\/p>","protected":false},"featured_media":41539,"comment_status":"open","ping_status":"closed","template":"","meta":[],"product_brand":[660],"product_cat":[588,65,584],"product_tag":[106],"class_list":{"0":"post-41542","1":"product","2":"type-product","3":"status-publish","4":"has-post-thumbnail","6":"product_brand-brandp_913","7":"product_cat-disques-durs","8":"product_cat-informatique-electronique","9":"product_cat-informatique-reseaux-et-composants","10":"product_tag-tag_1295","12":"first","13":"instock","14":"taxable","15":"shipping-taxable","16":"purchasable","17":"product-type-simple"},"_links":{"self":[{"href":"https:\/\/bigbuy.tupique.com\/es\/wp-json\/wp\/v2\/product\/41542","targetHints":{"allow":["GET"]}}],"collection":[{"href":"https:\/\/bigbuy.tupique.com\/es\/wp-json\/wp\/v2\/product"}],"about":[{"href":"https:\/\/bigbuy.tupique.com\/es\/wp-json\/wp\/v2\/types\/product"}],"replies":[{"embeddable":true,"href":"https:\/\/bigbuy.tupique.com\/es\/wp-json\/wp\/v2\/comments?post=41542"}],"wp:featuredmedia":[{"embeddable":true,"href":"https:\/\/bigbuy.tupique.com\/es\/wp-json\/wp\/v2\/media\/41539"}],"wp:attachment":[{"href":"https:\/\/bigbuy.tupique.com\/es\/wp-json\/wp\/v2\/media?parent=41542"}],"wp:term":[{"taxonomy":"product_brand","embeddable":true,"href":"https:\/\/bigbuy.tupique.com\/es\/wp-json\/wp\/v2\/product_brand?post=41542"},{"taxonomy":"product_cat","embeddable":true,"href":"https:\/\/bigbuy.tupique.com\/es\/wp-json\/wp\/v2\/product_cat?post=41542"},{"taxonomy":"product_tag","embeddable":true,"href":"https:\/\/bigbuy.tupique.com\/es\/wp-json\/wp\/v2\/product_tag?post=41542"}],"curies":[{"name":"wp","href":"https:\/\/api.w.org\/{rel}","templated":true}]}}