{"id":41526,"date":"2026-03-30T14:00:26","date_gmt":"2026-03-30T13:00:26","guid":{"rendered":"https:\/\/bigbuy.tupique.com\/produto\/videowall-monitor-sharp-60006184-4k-ultra-hd-65\/"},"modified":"2026-05-11T20:00:33","modified_gmt":"2026-05-11T18:00:33","slug":"videowall-monitor-sharp-60006184-4k-ultra-hd-65","status":"publish","type":"product","link":"https:\/\/bigbuy.tupique.com\/es\/produto\/videowall-monitor-sharp-60006184-4k-ultra-hd-65\/","title":{"rendered":"Moniteur Videowall Sharp 60006184 4K Ultra HD 65&#8243;"},"content":{"rendered":"<p>Si vous \u00eates \u00e0 la recherche de nouvelles tendances sur le march\u00e9, nous vous pr\u00e9sentons <b>Moniteur Videowall Sharp 60006184 4K Ultra HD 65&#8243;<\/b> !<\/p>\n<ul>\n<li>Type: Moniteur Videowall<\/li>\n<li>Couleur: Noir<\/li>\n<li>Temps de r\u00e9ponse: 8 ms<\/li>\n<li>Ecran tactile: Non<\/li>\n<li>VESA: 40 x 40 cm<\/li>\n<li>Tension: 100-240 V<\/li>\n<li>Montage: Montage mural<\/li>\n<li>Ecran: 65&#8243;<\/li>\n<li>Classification \u00e9nerg\u00e9tique: G<\/li>\n<li>R\u00e9solution: 4K Ultra HD<\/li>\n<li>Rapport d&#8217;aspect: 16:9<\/li>\n<li>Connexions:\n<ul>\n<li>USB<\/li>\n<li>RJ45<\/li>\n<li>Ethernet LAN<\/li>\n<li>2<\/li>\n<li>RS-232C x 1<\/li>\n<\/ul>\n<\/li>\n<li>R\u00e9solution (px): 3840 x 2160 px<\/li>\n<li>Technologie:\n<ul>\n<li>IPS<\/li>\n<li>LCD<\/li>\n<\/ul>\n<\/li>\n<\/ul>","protected":false},"excerpt":{"rendered":"<p>Si vous \u00eates \u00e0 la recherche de nouvelles tendances sur le march\u00e9, nous vous pr\u00e9sentons Moniteur Videowall Sharp 60006184 4K Ultra HD 65&#8243; ! Type: Moniteur Videowall Couleur: Noir Temps de r\u00e9ponse: 8 ms Ecran tactile: Non VESA: 40 x 40 cm Tension: 100-240 V Montage: Montage mural Ecran: 65&#8243; Classification \u00e9nerg\u00e9tique: G R\u00e9solution: 4K [&hellip;]<\/p>\n","protected":false},"featured_media":41518,"comment_status":"open","ping_status":"closed","template":"","meta":[],"product_brand":[1088],"product_cat":[65,581,616],"product_tag":[213,106],"class_list":{"0":"post-41526","1":"product","2":"type-product","3":"status-publish","4":"has-post-thumbnail","6":"product_brand-brandp_3340","7":"product_cat-informatique-electronique","8":"product_cat-informatique-peripheriques-et-consommables","9":"product_cat-moniteurs","10":"product_tag-tag_933","11":"product_tag-tag_1295","13":"first","14":"instock","15":"taxable","16":"shipping-taxable","17":"purchasable","18":"product-type-simple"},"_links":{"self":[{"href":"https:\/\/bigbuy.tupique.com\/es\/wp-json\/wp\/v2\/product\/41526","targetHints":{"allow":["GET"]}}],"collection":[{"href":"https:\/\/bigbuy.tupique.com\/es\/wp-json\/wp\/v2\/product"}],"about":[{"href":"https:\/\/bigbuy.tupique.com\/es\/wp-json\/wp\/v2\/types\/product"}],"replies":[{"embeddable":true,"href":"https:\/\/bigbuy.tupique.com\/es\/wp-json\/wp\/v2\/comments?post=41526"}],"wp:featuredmedia":[{"embeddable":true,"href":"https:\/\/bigbuy.tupique.com\/es\/wp-json\/wp\/v2\/media\/41518"}],"wp:attachment":[{"href":"https:\/\/bigbuy.tupique.com\/es\/wp-json\/wp\/v2\/media?parent=41526"}],"wp:term":[{"taxonomy":"product_brand","embeddable":true,"href":"https:\/\/bigbuy.tupique.com\/es\/wp-json\/wp\/v2\/product_brand?post=41526"},{"taxonomy":"product_cat","embeddable":true,"href":"https:\/\/bigbuy.tupique.com\/es\/wp-json\/wp\/v2\/product_cat?post=41526"},{"taxonomy":"product_tag","embeddable":true,"href":"https:\/\/bigbuy.tupique.com\/es\/wp-json\/wp\/v2\/product_tag?post=41526"}],"curies":[{"name":"wp","href":"https:\/\/api.w.org\/{rel}","templated":true}]}}