{"id":41399,"date":"2026-03-30T13:44:54","date_gmt":"2026-03-30T12:44:54","guid":{"rendered":"https:\/\/bigbuy.tupique.com\/produto\/tablet-samsung-galaxy-tab-s10-lite-109-octa-core-8-gb-ram-256-gb-grey-2\/"},"modified":"2026-04-15T19:36:57","modified_gmt":"2026-04-15T18:36:57","slug":"tablet-samsung-galaxy-tab-s10-lite-109-octa-core-8-gb-ram-256-gb-grey-2","status":"publish","type":"product","link":"https:\/\/bigbuy.tupique.com\/es\/produto\/tablet-samsung-galaxy-tab-s10-lite-109-octa-core-8-gb-ram-256-gb-grey-2\/","title":{"rendered":"Tablette Samsung Galaxy Tab S10 Lite 10,9&#8243; Octa Core 8 GB RAM 256 GB Gris"},"content":{"rendered":"<p>Si vous \u00eates passionn\u00e9 d&#8217;<b>informatique et d&#8217;\u00e9lectronique<\/b>, si vous \u00eates \u00e0 la pointe de la technologie et qu&#8217;aucun d\u00e9tail ne vous \u00e9chappe, achetez <b>Tablette Samsung Galaxy Tab S10 Lite 10,9&#8243; Octa Core 8 GB RAM 256 GB Gris<\/b> au meilleur prix.<\/p>\n<ul>\n<li>Type: Tablette<\/li>\n<li>Produit \u00e0 brancher: Oui<\/li>\n<li>Diagonale de l&#8217;\u00e9cran (cm): 27,7 cm<\/li>\n<li>Processeur: Octa Core<\/li>\n<li>M\u00e9moire RAM:\n<ul>\n<li>8 GB RAM<\/li>\n<li>6 GB RAM<\/li>\n<\/ul>\n<\/li>\n<li>Type de prise: Prise EU<\/li>\n<li>Bloc d\u2019Alimentation: r\u00e9seau \u00e9lectrique<\/li>\n<li>Connexions: USB-C<\/li>\n<li>Cam\u00e9ra\/Appareil Photo:\n<ul>\n<li>5 Mpx<\/li>\n<li>8 mpx<\/li>\n<li>8 MP<\/li>\n<li>5 Mp<\/li>\n<li>Arri\u00e8re<\/li>\n<\/ul>\n<\/li>\n<li>Syst\u00e8me d&#8217;exploitation: Android<\/li>\n<li>Capacit\u00e9 de la batterie: 8000 mAh<\/li>\n<li>Ecran: 10,9&#8243;<\/li>\n<li>M\u00e9moire interne: 256 GB<\/li>\n<li>Couleur: Gris<\/li>\n<li>Caract\u00e9ristiques:\n<ul>\n<li>Cam\u00e9ra frontale<\/li>\n<li>Autofocus<\/li>\n<li>Lecteur de Cartes<\/li>\n<li>Connexion au r\u00e9seau mobile<\/li>\n<\/ul>\n<\/li>\n<li>Connectivit\u00e9:\n<ul>\n<li>Bluetooth<\/li>\n<li>Wi-Fi<\/li>\n<li>GPS<\/li>\n<li>Galileo<\/li>\n<li>5G<\/li>\n<li>Wi-Fi 6 GHz<\/li>\n<li>Bluetooth 5.3<\/li>\n<\/ul>\n<\/li>\n<li>Classification \u00e9nerg\u00e9tique: F<\/li>\n<li>vitesse:\n<ul>\n<li>2 GHz<\/li>\n<li>30 fps<\/li>\n<li>90 Hz<\/li>\n<li>2.4 GHz<\/li>\n<\/ul>\n<\/li>\n<li>Fonctions: Acc\u00e9l\u00e9rom\u00e8tre<\/li>\n<li>Technologie: TFT<\/li>\n<li>Taille maximale de la carte m\u00e9moire: 2 TB<\/li>\n<li>Cartes M\u00e9moire Compatibles: MicroSD (TransFlash)<\/li>\n<li>Inclut: Crayon tactile<\/li>\n<li>Noyaux: 8 Noyaux<\/li>\n<li>R\u00e9solution (px): 1920 x 1080 px<\/li>\n<li>Indice de r\u00e9parabilit\u00e9: 7.1<\/li>\n<\/ul>","protected":false},"excerpt":{"rendered":"<p>Si vous \u00eates passionn\u00e9 d&#8217;informatique et d&#8217;\u00e9lectronique, si vous \u00eates \u00e0 la pointe de la technologie et qu&#8217;aucun d\u00e9tail ne vous \u00e9chappe, achetez Tablette Samsung Galaxy Tab S10 Lite 10,9&#8243; Octa Core 8 GB RAM 256 GB Gris au meilleur prix. Type: Tablette Produit \u00e0 brancher: Oui Diagonale de l&#8217;\u00e9cran (cm): 27,7 cm Processeur: Octa [&hellip;]<\/p>\n","protected":false},"featured_media":41392,"comment_status":"open","ping_status":"closed","template":"","meta":[],"product_brand":[183],"product_cat":[575,65,1052],"product_tag":[566,106],"class_list":{"0":"post-41399","1":"product","2":"type-product","3":"status-publish","4":"has-post-thumbnail","6":"product_brand-brandp_576","7":"product_cat-electronique-telephonie-et-tablettes","8":"product_cat-informatique-electronique","9":"product_cat-tablettes","10":"product_tag-tag_547","11":"product_tag-tag_1295","13":"first","14":"instock","15":"taxable","16":"shipping-taxable","17":"purchasable","18":"product-type-simple"},"_links":{"self":[{"href":"https:\/\/bigbuy.tupique.com\/es\/wp-json\/wp\/v2\/product\/41399","targetHints":{"allow":["GET"]}}],"collection":[{"href":"https:\/\/bigbuy.tupique.com\/es\/wp-json\/wp\/v2\/product"}],"about":[{"href":"https:\/\/bigbuy.tupique.com\/es\/wp-json\/wp\/v2\/types\/product"}],"replies":[{"embeddable":true,"href":"https:\/\/bigbuy.tupique.com\/es\/wp-json\/wp\/v2\/comments?post=41399"}],"wp:featuredmedia":[{"embeddable":true,"href":"https:\/\/bigbuy.tupique.com\/es\/wp-json\/wp\/v2\/media\/41392"}],"wp:attachment":[{"href":"https:\/\/bigbuy.tupique.com\/es\/wp-json\/wp\/v2\/media?parent=41399"}],"wp:term":[{"taxonomy":"product_brand","embeddable":true,"href":"https:\/\/bigbuy.tupique.com\/es\/wp-json\/wp\/v2\/product_brand?post=41399"},{"taxonomy":"product_cat","embeddable":true,"href":"https:\/\/bigbuy.tupique.com\/es\/wp-json\/wp\/v2\/product_cat?post=41399"},{"taxonomy":"product_tag","embeddable":true,"href":"https:\/\/bigbuy.tupique.com\/es\/wp-json\/wp\/v2\/product_tag?post=41399"}],"curies":[{"name":"wp","href":"https:\/\/api.w.org\/{rel}","templated":true}]}}