{"id":41383,"date":"2026-03-30T13:44:15","date_gmt":"2026-03-30T12:44:15","guid":{"rendered":"https:\/\/bigbuy.tupique.com\/produto\/tablet-xiaomi-redmi-pad-2-pro-121-octa-core-8-gb-ram-256-gb-silver\/"},"modified":"2026-05-11T19:55:47","modified_gmt":"2026-05-11T17:55:47","slug":"tablet-xiaomi-redmi-pad-2-pro-121-octa-core-8-gb-ram-256-gb-silver","status":"publish","type":"product","link":"https:\/\/bigbuy.tupique.com\/es\/produto\/tablet-xiaomi-redmi-pad-2-pro-121-octa-core-8-gb-ram-256-gb-silver\/","title":{"rendered":"Tablette Xiaomi Redmi Pad 2 Pro 12,1&#8243; Octa Core 8 GB RAM 256 GB Argent\u00e9"},"content":{"rendered":"<p>Si vous \u00eates \u00e0 la recherche de nouvelles tendances sur le march\u00e9, nous vous pr\u00e9sentons <b>Tablette Xiaomi Redmi Pad 2 Pro 12,1&#8243; Octa Core 8 GB RAM 256 GB Argent\u00e9<\/b> !<\/p>\n<ul>\n<li>Type: Tablette<\/li>\n<li>Produit \u00e0 brancher: Oui<\/li>\n<li>Type de prise: Prise EU<\/li>\n<li>Processeur: Octa Core<\/li>\n<li>Couleur: Argent\u00e9<\/li>\n<li>M\u00e9moire RAM: 8 GB RAM<\/li>\n<li>M\u00e9moire interne: 256 GB<\/li>\n<li>Classification \u00e9nerg\u00e9tique: G<\/li>\n<li>Bloc d\u2019Alimentation: r\u00e9seau \u00e9lectrique<\/li>\n<li>Technologie: IPS LCD<\/li>\n<li>Capacit\u00e9 de la batterie: 12000 mAh<\/li>\n<li>Syst\u00e8me d&#8217;exploitation: Android<\/li>\n<li>Connectivit\u00e9: Wi-Fi<\/li>\n<li>Cam\u00e9ra\/Appareil Photo: 8 mpx<\/li>\n<li>Connexions: USB-C<\/li>\n<li>Ecran: 12,1&#8243;<\/li>\n<\/ul>","protected":false},"excerpt":{"rendered":"<p>Si vous \u00eates \u00e0 la recherche de nouvelles tendances sur le march\u00e9, nous vous pr\u00e9sentons Tablette Xiaomi Redmi Pad 2 Pro 12,1&#8243; Octa Core 8 GB RAM 256 GB Argent\u00e9 ! Type: Tablette Produit \u00e0 brancher: Oui Type de prise: Prise EU Processeur: Octa Core Couleur: Argent\u00e9 M\u00e9moire RAM: 8 GB RAM M\u00e9moire interne: 256 [&hellip;]<\/p>\n","protected":false},"featured_media":41378,"comment_status":"open","ping_status":"closed","template":"","meta":[],"product_brand":[525],"product_cat":[575,65,1052],"product_tag":[566,106],"class_list":{"0":"post-41383","1":"product","2":"type-product","3":"status-publish","4":"has-post-thumbnail","6":"product_brand-brandp_1269","7":"product_cat-electronique-telephonie-et-tablettes","8":"product_cat-informatique-electronique","9":"product_cat-tablettes","10":"product_tag-tag_547","11":"product_tag-tag_1295","13":"first","14":"instock","15":"taxable","16":"shipping-taxable","17":"purchasable","18":"product-type-simple"},"_links":{"self":[{"href":"https:\/\/bigbuy.tupique.com\/es\/wp-json\/wp\/v2\/product\/41383","targetHints":{"allow":["GET"]}}],"collection":[{"href":"https:\/\/bigbuy.tupique.com\/es\/wp-json\/wp\/v2\/product"}],"about":[{"href":"https:\/\/bigbuy.tupique.com\/es\/wp-json\/wp\/v2\/types\/product"}],"replies":[{"embeddable":true,"href":"https:\/\/bigbuy.tupique.com\/es\/wp-json\/wp\/v2\/comments?post=41383"}],"wp:featuredmedia":[{"embeddable":true,"href":"https:\/\/bigbuy.tupique.com\/es\/wp-json\/wp\/v2\/media\/41378"}],"wp:attachment":[{"href":"https:\/\/bigbuy.tupique.com\/es\/wp-json\/wp\/v2\/media?parent=41383"}],"wp:term":[{"taxonomy":"product_brand","embeddable":true,"href":"https:\/\/bigbuy.tupique.com\/es\/wp-json\/wp\/v2\/product_brand?post=41383"},{"taxonomy":"product_cat","embeddable":true,"href":"https:\/\/bigbuy.tupique.com\/es\/wp-json\/wp\/v2\/product_cat?post=41383"},{"taxonomy":"product_tag","embeddable":true,"href":"https:\/\/bigbuy.tupique.com\/es\/wp-json\/wp\/v2\/product_tag?post=41383"}],"curies":[{"name":"wp","href":"https:\/\/api.w.org\/{rel}","templated":true}]}}