{"id":41210,"date":"2026-03-30T13:28:56","date_gmt":"2026-03-30T12:28:56","guid":{"rendered":"https:\/\/bigbuy.tupique.com\/produto\/tablet-samsung-galaxy-tab-s10-lite-109-octa-core-8-gb-ram-256-gb-grey\/"},"modified":"2026-04-15T19:27:40","modified_gmt":"2026-04-15T18:27:40","slug":"tablet-samsung-galaxy-tab-s10-lite-109-octa-core-8-gb-ram-256-gb-grey","status":"publish","type":"product","link":"https:\/\/bigbuy.tupique.com\/es\/produto\/tablet-samsung-galaxy-tab-s10-lite-109-octa-core-8-gb-ram-256-gb-grey\/","title":{"rendered":"Tablette Samsung Galaxy Tab S10 Lite 10,9&#8243; Octa Core 8 GB RAM 256 GB Gris"},"content":{"rendered":"<p>Si vous \u00eates passionn\u00e9 d&#8217;<b>informatique et d&#8217;\u00e9lectronique<\/b>, si vous \u00eates \u00e0 la pointe de la technologie et qu&#8217;aucun d\u00e9tail ne vous \u00e9chappe, achetez <b>Tablette Samsung Galaxy Tab S10 Lite 10,9&#8243; Octa Core 8 GB RAM 256 GB Gris<\/b> au meilleur prix.<\/p>\n<p>La <b>Samsung Galaxy Tab S10 Lite<\/b> est une <b>tablette<\/b> qui allie performance et portabilit\u00e9, con\u00e7ue pour les utilisateurs recherchant la polyvalence aussi bien au travail que pour les loisirs num\u00e9riques. Elle arbore une finition \u00e9l\u00e9gante en <b>gris<\/b> et dispose d\u2019un large <b>\u00e9cran de 10,9 pouces<\/b> offrant une exp\u00e9rience visuelle claire et confortable pour la lecture, la navigation web ou le visionnage de contenus multim\u00e9dias. Dot\u00e9e de <b>8 Go de RAM<\/b>, ce mod\u00e8le permet de faire fonctionner plusieurs applications simultan\u00e9ment, assurant fluidit\u00e9 et productivit\u00e9 au quotidien. Sa <b>capacit\u00e9 de stockage de 256 Go<\/b>, extensible via <b>lecteur de carte<\/b>, permet de conserver de nombreux documents, applications et fichiers multim\u00e9dias sans contrainte. La connectivit\u00e9 est optimis\u00e9e gr\u00e2ce au <b>port USB-C<\/b>, qui garantit des transferts de donn\u00e9es rapides et une recharge ais\u00e9e de l\u2019appareil. Elle est \u00e9quip\u00e9e d\u2019une <b>cam\u00e9ra frontale<\/b> pour des appels vid\u00e9o nets, et son syst\u00e8me <b>autofocus<\/b> facilite la capture pr\u00e9cise d\u2019images et de documents. L\u2019ensemble est int\u00e9gr\u00e9 dans un design fin et l\u00e9ger, id\u00e9al pour le transport et l\u2019utilisation dans tous les environnements, r\u00e9pondant aux besoins de ceux qui recherchent une solution mobile efficace et intuitive. La Samsung Galaxy Tab S10 Lite s\u2019impose comme un choix \u00e9quilibr\u00e9 pour ceux qui privil\u00e9gient la qualit\u00e9, la capacit\u00e9 et la connectivit\u00e9 dans une tablette moderne et polyvalente.<\/p>\n<ul>\n<li>Diagonale de l&#8217;\u00e9cran (cm): 27,7 cm<\/li>\n<li>Type: Tablette<\/li>\n<li>Produit \u00e0 brancher: Oui<\/li>\n<li>Bloc d\u2019Alimentation: r\u00e9seau \u00e9lectrique<\/li>\n<li>Capacit\u00e9 de la batterie: 8000 mAh<\/li>\n<li>Syst\u00e8me d&#8217;exploitation: Android<\/li>\n<li>Connectivit\u00e9:\n<ul>\n<li>Wi-Fi<\/li>\n<li>Bluetooth<\/li>\n<li>GPS<\/li>\n<li>Galileo<\/li>\n<li>Wi-Fi 6 GHz<\/li>\n<li>Bluetooth 5.3<\/li>\n<\/ul>\n<\/li>\n<li>Cam\u00e9ra\/Appareil Photo:\n<ul>\n<li>5 Mpx<\/li>\n<li>8 mpx<\/li>\n<li>8 MP<\/li>\n<li>5 Mp<\/li>\n<li>Arri\u00e8re<\/li>\n<\/ul>\n<\/li>\n<li>Connexions: USB-C<\/li>\n<li>Ecran: 10,9&#8243;<\/li>\n<li>Processeur: Octa Core<\/li>\n<li>M\u00e9moire RAM: 8 GB RAM<\/li>\n<li>M\u00e9moire interne: 256 GB<\/li>\n<li>Couleur: Gris<\/li>\n<li>Caract\u00e9ristiques:\n<ul>\n<li>Cam\u00e9ra frontale<\/li>\n<li>Autofocus<\/li>\n<li>Lecteur de Cartes<\/li>\n<\/ul>\n<\/li>\n<li>Classification \u00e9nerg\u00e9tique: F<\/li>\n<li>vitesse:\n<ul>\n<li>2 GHz<\/li>\n<li>30 fps<\/li>\n<li>90 Hz<\/li>\n<li>2.4 GHz<\/li>\n<\/ul>\n<\/li>\n<li>Fonctions: Acc\u00e9l\u00e9rom\u00e8tre<\/li>\n<li>Technologie: TFT<\/li>\n<li>Taille maximale de la carte m\u00e9moire: 2 TB<\/li>\n<li>Cartes M\u00e9moire Compatibles: MicroSD (TransFlash)<\/li>\n<li>Inclut: Crayon tactile<\/li>\n<li>Noyaux: 8 Noyaux<\/li>\n<li>R\u00e9solution (px): 1920 x 1080 px<\/li>\n<li>Indice de r\u00e9parabilit\u00e9: 7.1<\/li>\n<\/ul>","protected":false},"excerpt":{"rendered":"<p>Si vous \u00eates passionn\u00e9 d&#8217;informatique et d&#8217;\u00e9lectronique, si vous \u00eates \u00e0 la pointe de la technologie et qu&#8217;aucun d\u00e9tail ne vous \u00e9chappe, achetez Tablette Samsung Galaxy Tab S10 Lite 10,9&#8243; Octa Core 8 GB RAM 256 GB Gris au meilleur prix. La Samsung Galaxy Tab S10 Lite est une tablette qui allie performance et portabilit\u00e9, [&hellip;]<\/p>\n","protected":false},"featured_media":41204,"comment_status":"open","ping_status":"closed","template":"","meta":[],"product_brand":[183],"product_cat":[575,65,1052],"product_tag":[566,106],"class_list":{"0":"post-41210","1":"product","2":"type-product","3":"status-publish","4":"has-post-thumbnail","6":"product_brand-brandp_576","7":"product_cat-electronique-telephonie-et-tablettes","8":"product_cat-informatique-electronique","9":"product_cat-tablettes","10":"product_tag-tag_547","11":"product_tag-tag_1295","13":"first","14":"instock","15":"taxable","16":"shipping-taxable","17":"purchasable","18":"product-type-simple"},"_links":{"self":[{"href":"https:\/\/bigbuy.tupique.com\/es\/wp-json\/wp\/v2\/product\/41210","targetHints":{"allow":["GET"]}}],"collection":[{"href":"https:\/\/bigbuy.tupique.com\/es\/wp-json\/wp\/v2\/product"}],"about":[{"href":"https:\/\/bigbuy.tupique.com\/es\/wp-json\/wp\/v2\/types\/product"}],"replies":[{"embeddable":true,"href":"https:\/\/bigbuy.tupique.com\/es\/wp-json\/wp\/v2\/comments?post=41210"}],"wp:featuredmedia":[{"embeddable":true,"href":"https:\/\/bigbuy.tupique.com\/es\/wp-json\/wp\/v2\/media\/41204"}],"wp:attachment":[{"href":"https:\/\/bigbuy.tupique.com\/es\/wp-json\/wp\/v2\/media?parent=41210"}],"wp:term":[{"taxonomy":"product_brand","embeddable":true,"href":"https:\/\/bigbuy.tupique.com\/es\/wp-json\/wp\/v2\/product_brand?post=41210"},{"taxonomy":"product_cat","embeddable":true,"href":"https:\/\/bigbuy.tupique.com\/es\/wp-json\/wp\/v2\/product_cat?post=41210"},{"taxonomy":"product_tag","embeddable":true,"href":"https:\/\/bigbuy.tupique.com\/es\/wp-json\/wp\/v2\/product_tag?post=41210"}],"curies":[{"name":"wp","href":"https:\/\/api.w.org\/{rel}","templated":true}]}}