{"id":41203,"date":"2026-03-30T13:28:39","date_gmt":"2026-03-30T12:28:39","guid":{"rendered":"https:\/\/bigbuy.tupique.com\/produto\/smartphone-apple-iphone-17-63-hexa-core-8-gb-ram-256-gb-white\/"},"modified":"2026-04-16T15:31:12","modified_gmt":"2026-04-16T14:31:12","slug":"smartphone-apple-iphone-17-63-hexa-core-8-gb-ram-256-gb-white","status":"publish","type":"product","link":"https:\/\/bigbuy.tupique.com\/es\/produto\/smartphone-apple-iphone-17-63-hexa-core-8-gb-ram-256-gb-white\/","title":{"rendered":"Smartphone Apple iPhone 17 6,3&#8243; Hexa Core 8 GB RAM 256 GB Blanc"},"content":{"rendered":"<p>Si vous \u00eates passionn\u00e9 d&#8217;<b>informatique et d&#8217;\u00e9lectronique<\/b>, si vous \u00eates \u00e0 la pointe de la technologie et qu&#8217;aucun d\u00e9tail ne vous \u00e9chappe, achetez <b>Smartphone Apple iPhone 17 6,3&#8243; Hexa Core 8 GB RAM 256 GB Blanc<\/b> au meilleur prix.<\/p>\n<p>L\u2019<b>iPhone 17<\/b> d\u2019Apple est un <b>smartphone<\/b> avanc\u00e9 qui associe design raffin\u00e9 et technologie de pointe, con\u00e7u pour r\u00e9pondre aux attentes des utilisateurs exigeants gr\u00e2ce \u00e0 une int\u00e9gration pr\u00e9cise du mat\u00e9riel et du logiciel. Ce mod\u00e8le dispose de <b>256 Go de stockage interne<\/b> et d\u2019une g\u00e9n\u00e9reuse <b>m\u00e9moire RAM de 8 Go<\/b>, offrant espace et fluidit\u00e9 m\u00eame en multit\u00e2che ou lors de l\u2019utilisation d\u2019applications intensives. Son <b>\u00e9cran de 6,3 pouces<\/b> assure une visualisation nette et confortable pour profiter de contenus multim\u00e9dias ou passer des appels vid\u00e9o, renforc\u00e9 par des technologies comme le <b>HDR<\/b> pour optimiser contraste et couleurs sur images et vid\u00e9os. La finition en <b>blanc<\/b> apporte \u00e9l\u00e9gance et sobri\u00e9t\u00e9 tout en conservant l\u2019esth\u00e9tique distinctive de la gamme iPhone. Il int\u00e8gre des fonctions essentielles telles que le <b>GPS<\/b> pour une navigation pr\u00e9cise et un positionnement en temps r\u00e9el, un <b>barom\u00e8tre<\/b> pour les applications sportives ou de suivi environnemental, ainsi qu\u2019un <b>capteur de lumi\u00e8re ambiante<\/b> qui ajuste automatiquement la luminosit\u00e9 de l\u2019\u00e9cran selon l\u2019environnement, optimisant ainsi l\u2019exp\u00e9rience utilisateur et l\u2019efficacit\u00e9 \u00e9nerg\u00e9tique. De plus, gr\u00e2ce \u00e0 la fonction <b>appel vid\u00e9o<\/b>, ce mod\u00e8le garantit une communication claire et fluide, en faisant un choix solide pour un usage professionnel ou personnel. L\u2019iPhone 17 int\u00e8gre des mat\u00e9riaux de haute qualit\u00e9 et le syst\u00e8me d\u2019exploitation iOS optimis\u00e9, consolidant sa r\u00e9putation comme l\u2019un des appareils les plus complets et fiables du march\u00e9 actuel. Cette version confirme l\u2019engagement d\u2019Apple envers l\u2019innovation et l\u2019excellence dans le segment premium des smartphones.<\/p>\n<ul>\n<li>Type: Smartphone<\/li>\n<li>Produit \u00e0 brancher: Oui<\/li>\n<li>Type de prise: Prise EU<\/li>\n<li>Classification IP: IP68<\/li>\n<li>Bloc d\u2019Alimentation:\n<ul>\n<li>r\u00e9seau \u00e9lectrique<\/li>\n<li>USB<\/li>\n<\/ul>\n<\/li>\n<li>Ecran: 6,3&#8243;<\/li>\n<li>Syst\u00e8me d&#8217;exploitation: iOS<\/li>\n<li>puissance: 40 W<\/li>\n<li>Connectivit\u00e9:\n<ul>\n<li>NFC<\/li>\n<li>Bluetooth<\/li>\n<li>Wi-Fi<\/li>\n<li>BeiDou<\/li>\n<li>5G<\/li>\n<li>Positionnement de Wi-Fi<\/li>\n<li>WI-FI 7<\/li>\n<\/ul>\n<\/li>\n<li>Cam\u00e9ra\/Appareil Photo:\n<ul>\n<li>48 MP<\/li>\n<li>Dual<\/li>\n<li>Frontal<\/li>\n<\/ul>\n<\/li>\n<li>Connexions:\n<ul>\n<li>USB-C<\/li>\n<li>USB<\/li>\n<li>USB 2.0<\/li>\n<li>Dual SIM<\/li>\n<\/ul>\n<\/li>\n<li>Processeur:\n<ul>\n<li>Hexa Core<\/li>\n<li>A19<\/li>\n<\/ul>\n<\/li>\n<li>M\u00e9moire RAM: 8 GB RAM<\/li>\n<li>M\u00e9moire interne: 256 GB<\/li>\n<li>Couleur: Blanc<\/li>\n<li>Caract\u00e9ristiques:\n<ul>\n<li>GPS<\/li>\n<li>Barom\u00e8tre<\/li>\n<li>Capteur de lumi\u00e8re ambiante<\/li>\n<li>Appel vid\u00e9o<\/li>\n<li>HDR<\/li>\n<li>Autofocus<\/li>\n<li>Activation vocale<\/li>\n<li>Guide d&#8217;installation inclus<\/li>\n<li>Chargement rapide et fiable<\/li>\n<li>Chargeur sans fil<\/li>\n<li>Syst\u00e8me de reconnaissance faciale<\/li>\n<li>Stabilisateur d&#8217;image<\/li>\n<li>Capteur de proximit\u00e9<\/li>\n<li>\u00c9cran avec coins arrondis<\/li>\n<li>\u00c9cran plat<\/li>\n<\/ul>\n<\/li>\n<li>Zoom Num\u00e9rique: 10x<\/li>\n<li>Classification \u00e9nerg\u00e9tique: A<\/li>\n<li>Capteurs:\n<ul>\n<li>Acc\u00e9l\u00e9rom\u00e8tre<\/li>\n<li>Gyroscope<\/li>\n<li>Magn\u00e9tique<\/li>\n<\/ul>\n<\/li>\n<li>Inclut: Haut-parleur<\/li>\n<li>3D: Non<\/li>\n<li>Fonctions:\n<ul>\n<li>ECO<\/li>\n<li>G\u00e9olocalisation<\/li>\n<li>Vibration<\/li>\n<\/ul>\n<\/li>\n<li>Technologie:\n<ul>\n<li>Mime<\/li>\n<li>Glonass<\/li>\n<li>OLED<\/li>\n<\/ul>\n<\/li>\n<li>Brille: 1000 cd\/m\u00b2<\/li>\n<li>Non Inclus: Adaptateur AC<\/li>\n<li>Fr\u00e9quence: 120 Hz<\/li>\n<li>Angle: 120\u00ba<\/li>\n<li>Flash: Non<\/li>\n<li>Type de batterie: Litio Ion<\/li>\n<li>Noyaux:\n<ul>\n<li>6 Noyaux<\/li>\n<li>16 Noyaux<\/li>\n<\/ul>\n<\/li>\n<li>R\u00e9solution (px):\n<ul>\n<li>3840 x 2160 px<\/li>\n<li>2160 px<\/li>\n<\/ul>\n<\/li>\n<li>Diagonale de l&#8217;\u00e9cran (cm): 16 cm<\/li>\n<li>Dispositif intelligent: Apple Intelligence<\/li>\n<\/ul>","protected":false},"excerpt":{"rendered":"<p>Si vous \u00eates passionn\u00e9 d&#8217;informatique et d&#8217;\u00e9lectronique, si vous \u00eates \u00e0 la pointe de la technologie et qu&#8217;aucun d\u00e9tail ne vous \u00e9chappe, achetez Smartphone Apple iPhone 17 6,3&#8243; Hexa Core 8 GB RAM 256 GB Blanc au meilleur prix. L\u2019iPhone 17 d\u2019Apple est un smartphone avanc\u00e9 qui associe design raffin\u00e9 et technologie de pointe, con\u00e7u [&hellip;]<\/p>\n","protected":false},"featured_media":41185,"comment_status":"open","ping_status":"closed","template":"","meta":[],"product_brand":[979],"product_cat":[575,65,960],"product_tag":[213,566,106],"class_list":{"0":"post-41203","1":"product","2":"type-product","3":"status-publish","4":"has-post-thumbnail","6":"product_brand-brandp_533","7":"product_cat-electronique-telephonie-et-tablettes","8":"product_cat-informatique-electronique","9":"product_cat-telephones-portables","10":"product_tag-tag_933","11":"product_tag-tag_547","12":"product_tag-tag_1295","14":"first","15":"instock","16":"taxable","17":"shipping-taxable","18":"purchasable","19":"product-type-simple"},"_links":{"self":[{"href":"https:\/\/bigbuy.tupique.com\/es\/wp-json\/wp\/v2\/product\/41203","targetHints":{"allow":["GET"]}}],"collection":[{"href":"https:\/\/bigbuy.tupique.com\/es\/wp-json\/wp\/v2\/product"}],"about":[{"href":"https:\/\/bigbuy.tupique.com\/es\/wp-json\/wp\/v2\/types\/product"}],"replies":[{"embeddable":true,"href":"https:\/\/bigbuy.tupique.com\/es\/wp-json\/wp\/v2\/comments?post=41203"}],"wp:featuredmedia":[{"embeddable":true,"href":"https:\/\/bigbuy.tupique.com\/es\/wp-json\/wp\/v2\/media\/41185"}],"wp:attachment":[{"href":"https:\/\/bigbuy.tupique.com\/es\/wp-json\/wp\/v2\/media?parent=41203"}],"wp:term":[{"taxonomy":"product_brand","embeddable":true,"href":"https:\/\/bigbuy.tupique.com\/es\/wp-json\/wp\/v2\/product_brand?post=41203"},{"taxonomy":"product_cat","embeddable":true,"href":"https:\/\/bigbuy.tupique.com\/es\/wp-json\/wp\/v2\/product_cat?post=41203"},{"taxonomy":"product_tag","embeddable":true,"href":"https:\/\/bigbuy.tupique.com\/es\/wp-json\/wp\/v2\/product_tag?post=41203"}],"curies":[{"name":"wp","href":"https:\/\/api.w.org\/{rel}","templated":true}]}}