{"id":41079,"date":"2026-03-30T13:23:39","date_gmt":"2026-03-30T12:23:39","guid":{"rendered":"https:\/\/bigbuy.tupique.com\/produto\/smartphone-xiaomi-15t-pro-683-octa-core-12-gb-ram-256-gb-black\/"},"modified":"2026-05-11T19:55:45","modified_gmt":"2026-05-11T17:55:45","slug":"smartphone-xiaomi-15t-pro-683-octa-core-12-gb-ram-256-gb-black","status":"publish","type":"product","link":"https:\/\/bigbuy.tupique.com\/es\/produto\/smartphone-xiaomi-15t-pro-683-octa-core-12-gb-ram-256-gb-black\/","title":{"rendered":"Smartphone Xiaomi 15T Pro 6,83&#8243; Octa Core 12 GB RAM 256 GB Noir"},"content":{"rendered":"<p>Si vous \u00eates passionn\u00e9 d&#8217;<b>informatique et d&#8217;\u00e9lectronique<\/b>, si vous \u00eates \u00e0 la pointe de la technologie et qu&#8217;aucun d\u00e9tail ne vous \u00e9chappe, achetez <b>Smartphone Xiaomi 15T Pro 6,83&#8243; Octa Core 12 GB RAM 256 GB Noir<\/b> au meilleur prix.<\/p>\n<p>Le <b>smartphone Xiaomi MZB0KUHEU<\/b> de couleur <b>noire<\/b> offre une configuration puissante et \u00e9quilibr\u00e9e pour les utilisateurs en qu\u00eate de hautes performances et d\u2019une bonne exp\u00e9rience visuelle au quotidien, avec un processeur <b>MediaTek Octa Core (8 c\u0153urs)<\/b> optimis\u00e9 pour un multit\u00e2che fluide, associ\u00e9 \u00e0 <b>12 Go de RAM<\/b> et \u00e0 un vaste <b>stockage interne de 256 Go<\/b> pour applications, photos et vid\u00e9os sans souci d\u2019espace. Son grand <b>\u00e9cran AMOLED de 6,83&#8243;<\/b> (env. <b>17,5 cm<\/b>) avec <b>taux de rafra\u00eechissement de 144 Hz<\/b> et compatibilit\u00e9 <b>HDR<\/b> offre des images tr\u00e8s fluides et d\u00e9taill\u00e9es, id\u00e9al pour les contenus multim\u00e9dia et les jeux, tandis que la protection <b>Gorilla Glass<\/b> r\u00e9duit le risque de rayures au quotidien. C\u00f4t\u00e9 photo, il int\u00e8gre une <b>triple cam\u00e9ra arri\u00e8re<\/b> avec capteur principal de <b>50 Mp<\/b> et cam\u00e9ra frontale de <b>32 Mp<\/b>, capable de capturer des images nettes et des vid\u00e9os en tr\u00e8s haute r\u00e9solution jusqu\u2019\u00e0 <b>7680 x 4320 px<\/b>, adapt\u00e9es \u00e0 la photographie mobile avanc\u00e9e et aux r\u00e9seaux sociaux. La batterie de <b>5500 mAh<\/b> offre une bonne autonomie et s\u2019accompagne de la <b>charge rapide 90 W<\/b> et d\u2019un <b>chargeur sans fil<\/b>, permettant de r\u00e9cup\u00e9rer l\u2019\u00e9nergie plus vite et avec plus de flexibilit\u00e9, avec en plus des fonctions de <b>charge rapide et s\u00e9curis\u00e9e<\/b> con\u00e7ues pour prot\u00e9ger le cycle de vie de la batterie. En connectivit\u00e9, ce mod\u00e8le int\u00e8gre la <b>5G<\/b>, le <b>Wi\u2011Fi<\/b> avec technologie <b>MIMO<\/b>, le <b>Bluetooth<\/b>, le <b>NFC<\/b> pour les paiements et l\u2019appairage, ainsi que l\u2019<b>USB\u2011C<\/b> et la compatibilit\u00e9 avec les r\u00e9seaux <b>WCDMA<\/b>, offrant une solution compl\u00e8te pour les communications mobiles modernes. Ses syst\u00e8mes de positionnement combinent <b>GPS, Glonass et BeiDou<\/b> pour une localisation plus pr\u00e9cise, et les nombreux capteurs int\u00e9gr\u00e9s, comme l\u2019<b>acc\u00e9l\u00e9rom\u00e8tre, le gyroscope, le capteur de proximit\u00e9 et le capteur de lumi\u00e8re ambiante<\/b>, permettent un contr\u00f4le efficace de la luminosit\u00e9, de l\u2019orientation et des fonctions intelligentes de l\u2019appareil. En mati\u00e8re de s\u00e9curit\u00e9, il dispose d\u2019un <b>lecteur d\u2019empreintes digitales<\/b> et d\u2019un <b>syst\u00e8me de reconnaissance faciale<\/b> pour un d\u00e9verrouillage biom\u00e9trique rapide, renfor\u00e7ant la protection des donn\u00e9es de l\u2019utilisateur. L\u2019appareil fonctionne avec <b>Android<\/b>, inclut une connexion au <b>r\u00e9seau \u00e9lectrique<\/b> avec <b>prise UE<\/b>, est livr\u00e9 avec une <b>coque de protection<\/b> et un guide d\u2019installation, et b\u00e9n\u00e9ficie d\u2019une <b>garantie<\/b>, s\u2019imposant comme un smartphone Xiaomi complet et bien \u00e9quip\u00e9 pour un usage intensif, stable et polyvalent.<\/p>\n<ul>\n<li>Produit \u00e0 brancher: Oui<\/li>\n<li>Type de prise: Prise EU<\/li>\n<li>Type: Smartphone<\/li>\n<li>Bloc d\u2019Alimentation:\n<ul>\n<li>r\u00e9seau \u00e9lectrique<\/li>\n<li>USB<\/li>\n<\/ul>\n<\/li>\n<li>Ecran:\n<ul>\n<li>6,9&#8243;<\/li>\n<li>6,83&#8243;<\/li>\n<\/ul>\n<\/li>\n<li>Diagonale de l&#8217;\u00e9cran (cm): 17,5 cm<\/li>\n<li>Technologie:\n<ul>\n<li>AMOLED<\/li>\n<li>Mime<\/li>\n<li>Glonass<\/li>\n<\/ul>\n<\/li>\n<li>Capacit\u00e9 de la batterie: 5500 mah<\/li>\n<li>Syst\u00e8me d&#8217;exploitation: Android<\/li>\n<li>puissance: 90 W<\/li>\n<li>Connectivit\u00e9:\n<ul>\n<li>NFC<\/li>\n<li>5G<\/li>\n<li>Bluetooth<\/li>\n<li>Wi-Fi<\/li>\n<li>BeiDou<\/li>\n<li>WCDMA<\/li>\n<\/ul>\n<\/li>\n<li>Cam\u00e9ra\/Appareil Photo:\n<ul>\n<li>50 Mp<\/li>\n<li>Frontal<\/li>\n<li>Triple<\/li>\n<li>32 Mp<\/li>\n<\/ul>\n<\/li>\n<li>Connexions:\n<ul>\n<li>USB-C<\/li>\n<li>Dual SIM<\/li>\n<\/ul>\n<\/li>\n<li>Processeur: Octa Core<\/li>\n<li>M\u00e9moire RAM: 12 GB RAM<\/li>\n<li>M\u00e9moire interne: 256 GB<\/li>\n<li>Couleur: Noir<\/li>\n<li>Caract\u00e9ristiques:\n<ul>\n<li>GPS<\/li>\n<li>Capteur de lumi\u00e8re ambiante<\/li>\n<li>HDR<\/li>\n<li>Garantie<\/li>\n<li>Guide d&#8217;installation inclus<\/li>\n<li>Chargement rapide et fiable<\/li>\n<li>Chargeur sans fil<\/li>\n<li>Syst\u00e8me de reconnaissance faciale<\/li>\n<li>Lecteur d&#8217;empreintes<\/li>\n<li>Capteur de proximit\u00e9<\/li>\n<li>Gorilla Glass<\/li>\n<\/ul>\n<\/li>\n<li>Classification \u00e9nerg\u00e9tique: A<\/li>\n<li>Capteurs:\n<ul>\n<li>Acc\u00e9l\u00e9rom\u00e8tre<\/li>\n<li>Gyroscope<\/li>\n<\/ul>\n<\/li>\n<li>Fr\u00e9quence: 144 Hz<\/li>\n<li>Inclut:\n<ul>\n<li>Capteur infrarouge<\/li>\n<li>\u00c9tui de protection<\/li>\n<\/ul>\n<\/li>\n<li>Fonctions: ECO<\/li>\n<li>Noyaux: 8 Noyaux<\/li>\n<li>Famille de processeurs: MediaTek<\/li>\n<li>R\u00e9solution (px): 7680 x 4320 px<\/li>\n<\/ul>","protected":false},"excerpt":{"rendered":"<p>Si vous \u00eates passionn\u00e9 d&#8217;informatique et d&#8217;\u00e9lectronique, si vous \u00eates \u00e0 la pointe de la technologie et qu&#8217;aucun d\u00e9tail ne vous \u00e9chappe, achetez Smartphone Xiaomi 15T Pro 6,83&#8243; Octa Core 12 GB RAM 256 GB Noir au meilleur prix. Le smartphone Xiaomi MZB0KUHEU de couleur noire offre une configuration puissante et \u00e9quilibr\u00e9e pour les utilisateurs [&hellip;]<\/p>\n","protected":false},"featured_media":41071,"comment_status":"open","ping_status":"closed","template":"","meta":[],"product_brand":[525],"product_cat":[575,65,960],"product_tag":[213,104,566,106],"class_list":{"0":"post-41079","1":"product","2":"type-product","3":"status-publish","4":"has-post-thumbnail","6":"product_brand-brandp_1269","7":"product_cat-electronique-telephonie-et-tablettes","8":"product_cat-informatique-electronique","9":"product_cat-telephones-portables","10":"product_tag-tag_933","11":"product_tag-tag_1279","12":"product_tag-tag_547","13":"product_tag-tag_1295","15":"first","16":"instock","17":"taxable","18":"shipping-taxable","19":"purchasable","20":"product-type-simple"},"_links":{"self":[{"href":"https:\/\/bigbuy.tupique.com\/es\/wp-json\/wp\/v2\/product\/41079","targetHints":{"allow":["GET"]}}],"collection":[{"href":"https:\/\/bigbuy.tupique.com\/es\/wp-json\/wp\/v2\/product"}],"about":[{"href":"https:\/\/bigbuy.tupique.com\/es\/wp-json\/wp\/v2\/types\/product"}],"replies":[{"embeddable":true,"href":"https:\/\/bigbuy.tupique.com\/es\/wp-json\/wp\/v2\/comments?post=41079"}],"wp:featuredmedia":[{"embeddable":true,"href":"https:\/\/bigbuy.tupique.com\/es\/wp-json\/wp\/v2\/media\/41071"}],"wp:attachment":[{"href":"https:\/\/bigbuy.tupique.com\/es\/wp-json\/wp\/v2\/media?parent=41079"}],"wp:term":[{"taxonomy":"product_brand","embeddable":true,"href":"https:\/\/bigbuy.tupique.com\/es\/wp-json\/wp\/v2\/product_brand?post=41079"},{"taxonomy":"product_cat","embeddable":true,"href":"https:\/\/bigbuy.tupique.com\/es\/wp-json\/wp\/v2\/product_cat?post=41079"},{"taxonomy":"product_tag","embeddable":true,"href":"https:\/\/bigbuy.tupique.com\/es\/wp-json\/wp\/v2\/product_tag?post=41079"}],"curies":[{"name":"wp","href":"https:\/\/api.w.org\/{rel}","templated":true}]}}