{"id":41035,"date":"2026-03-30T13:18:47","date_gmt":"2026-03-30T12:18:47","guid":{"rendered":"https:\/\/bigbuy.tupique.com\/produto\/laptop-microsoft-ep2-27238\/"},"modified":"2026-04-15T06:24:26","modified_gmt":"2026-04-15T05:24:26","slug":"laptop-microsoft-ep2-27238","status":"publish","type":"product","link":"https:\/\/bigbuy.tupique.com\/es\/produto\/laptop-microsoft-ep2-27238\/","title":{"rendered":"Ordinateur Portable Microsoft EP2-27238"},"content":{"rendered":"<p>Si vous \u00eates passionn\u00e9 d&#8217;<b>informatique et d&#8217;\u00e9lectronique<\/b>, si vous \u00eates \u00e0 la pointe de la technologie et qu&#8217;aucun d\u00e9tail ne vous \u00e9chappe, achetez <b>Ordinateur Portable Microsoft EP2-27238<\/b> au meilleur prix.<\/p>\n<ul>\n<li>Type de prise: Prise EU<\/li>\n<li>Type de m\u00e9moire: SDRAM<\/li>\n<li>Clavier: Espagnol Qwerty<\/li>\n<li>Type: Ordinateur Portable<\/li>\n<li>Produit \u00e0 brancher: Oui<\/li>\n<li>Bloc d\u2019Alimentation: r\u00e9seau \u00e9lectrique<\/li>\n<li>Acc\u00e9l\u00e9rom\u00e8tre: Oui<\/li>\n<li>Mati\u00e8re: Aluminium<\/li>\n<li>Pile incluse: Oui<\/li>\n<li>Inclut: C\u00e2ble USB-C<\/li>\n<li>Technologie: LCD<\/li>\n<li>Syst\u00e8me d&#8217;exploitation: Windows 11 Pro<\/li>\n<li>Gyroscope: Oui<\/li>\n<li>Plate-forme: Windows<\/li>\n<li>Connectivit\u00e9: Bluetooth<\/li>\n<li>Connexions: 2<\/li>\n<li>Ecran: 12&#8243;<\/li>\n<li>Processeur: Qualcomm Snapdragon<\/li>\n<li>M\u00e9moire RAM: 24 GB<\/li>\n<li>M\u00e9moire interne: 1 TB<\/li>\n<li>Couleur: Platine<\/li>\n<\/ul>","protected":false},"excerpt":{"rendered":"<p>Si vous \u00eates passionn\u00e9 d&#8217;informatique et d&#8217;\u00e9lectronique, si vous \u00eates \u00e0 la pointe de la technologie et qu&#8217;aucun d\u00e9tail ne vous \u00e9chappe, achetez Ordinateur Portable Microsoft EP2-27238 au meilleur prix. Type de prise: Prise EU Type de m\u00e9moire: SDRAM Clavier: Espagnol Qwerty Type: Ordinateur Portable Produit \u00e0 brancher: Oui Bloc d\u2019Alimentation: r\u00e9seau \u00e9lectrique Acc\u00e9l\u00e9rom\u00e8tre: Oui [&hellip;]<\/p>\n","protected":false},"featured_media":41034,"comment_status":"open","ping_status":"closed","template":"","meta":[],"product_brand":[852],"product_cat":[575,65,1052],"product_tag":[566,106],"class_list":{"0":"post-41035","1":"product","2":"type-product","3":"status-publish","4":"has-post-thumbnail","6":"product_brand-brandp_564","7":"product_cat-electronique-telephonie-et-tablettes","8":"product_cat-informatique-electronique","9":"product_cat-tablettes","10":"product_tag-tag_547","11":"product_tag-tag_1295","13":"first","14":"instock","15":"taxable","16":"shipping-taxable","17":"purchasable","18":"product-type-simple"},"_links":{"self":[{"href":"https:\/\/bigbuy.tupique.com\/es\/wp-json\/wp\/v2\/product\/41035","targetHints":{"allow":["GET"]}}],"collection":[{"href":"https:\/\/bigbuy.tupique.com\/es\/wp-json\/wp\/v2\/product"}],"about":[{"href":"https:\/\/bigbuy.tupique.com\/es\/wp-json\/wp\/v2\/types\/product"}],"replies":[{"embeddable":true,"href":"https:\/\/bigbuy.tupique.com\/es\/wp-json\/wp\/v2\/comments?post=41035"}],"wp:featuredmedia":[{"embeddable":true,"href":"https:\/\/bigbuy.tupique.com\/es\/wp-json\/wp\/v2\/media\/41034"}],"wp:attachment":[{"href":"https:\/\/bigbuy.tupique.com\/es\/wp-json\/wp\/v2\/media?parent=41035"}],"wp:term":[{"taxonomy":"product_brand","embeddable":true,"href":"https:\/\/bigbuy.tupique.com\/es\/wp-json\/wp\/v2\/product_brand?post=41035"},{"taxonomy":"product_cat","embeddable":true,"href":"https:\/\/bigbuy.tupique.com\/es\/wp-json\/wp\/v2\/product_cat?post=41035"},{"taxonomy":"product_tag","embeddable":true,"href":"https:\/\/bigbuy.tupique.com\/es\/wp-json\/wp\/v2\/product_tag?post=41035"}],"curies":[{"name":"wp","href":"https:\/\/api.w.org\/{rel}","templated":true}]}}